{"id":51,"date":"2021-09-10T18:43:24","date_gmt":"2021-09-10T18:43:24","guid":{"rendered":"https:\/\/mpevh.be\/?page_id=51"},"modified":"2025-12-15T09:06:12","modified_gmt":"2025-12-15T08:06:12","slug":"migrants","status":"publish","type":"page","link":"https:\/\/mpevh.be\/nl\/activites\/soutien-aux-invisibles\/migrants\/","title":{"rendered":"migranten"},"content":{"rendered":"<div data-elementor-type=\"wp-page\" data-elementor-id=\"51\" class=\"elementor elementor-51\">\n\t\t\t\t<div class=\"elementor-element elementor-element-5826715 e-flex e-con-boxed e-con e-parent\" data-id=\"5826715\" data-element_type=\"container\" data-e-type=\"container\">\n\t\t\t\t\t<div class=\"e-con-inner\">\n\t\t<div class=\"elementor-element elementor-element-89c8aeb e-con-full e-flex e-con e-child\" data-id=\"89c8aeb\" data-element_type=\"container\" data-e-type=\"container\">\n\t\t\t\t<\/div>\n\t\t<div class=\"elementor-element elementor-element-698c8b7 e-con-full e-flex e-con e-child\" data-id=\"698c8b7\" data-element_type=\"container\" data-e-type=\"container\">\n\t\t\t\t<div class=\"elementor-element elementor-element-38de19b elementor-widget elementor-widget-video\" data-id=\"38de19b\" data-element_type=\"widget\" data-e-type=\"widget\" data-settings=\"{&quot;youtube_url&quot;:&quot;https:\\\/\\\/youtu.be\\\/AvtQaYN8sSA?si=cOmqfyDvOxFp7SjS&quot;,&quot;video_type&quot;:&quot;youtube&quot;,&quot;controls&quot;:&quot;yes&quot;}\" data-widget_type=\"video.default\">\n\t\t\t\t<div class=\"elementor-widget-container\">\n\t\t\t\t\t\t\t<div class=\"elementor-wrapper elementor-open-inline\">\n\t\t\t<div class=\"elementor-video\"><\/div>\t\t<\/div>\n\t\t\t\t\t\t<\/div>\n\t\t\t\t<\/div>\n\t\t\t\t<\/div>\n\t\t<div class=\"elementor-element elementor-element-2fae10f e-con-full e-flex e-con e-child\" data-id=\"2fae10f\" data-element_type=\"container\" data-e-type=\"container\">\n\t\t\t\t<\/div>\n\t\t\t\t\t<\/div>\n\t\t\t\t<\/div>\n\t\t\t\t<section class=\"elementor-section elementor-top-section elementor-element elementor-element-d4b6400 elementor-section-boxed elementor-section-height-default elementor-section-height-default\" data-id=\"d4b6400\" data-element_type=\"section\" data-e-type=\"section\">\n\t\t\t\t\t\t<div class=\"elementor-container elementor-column-gap-default\">\n\t\t\t\t\t<div class=\"elementor-column elementor-col-100 elementor-top-column elementor-element elementor-element-75167eb\" data-id=\"75167eb\" data-element_type=\"column\" data-e-type=\"column\">\n\t\t\t<div class=\"elementor-widget-wrap elementor-element-populated\">\n\t\t\t\t\t\t<div class=\"elementor-element elementor-element-0652184 elementor-widget elementor-widget-video\" data-id=\"0652184\" data-element_type=\"widget\" data-e-type=\"widget\" data-settings=\"{&quot;youtube_url&quot;:&quot;https:\\\/\\\/youtu.be\\\/sc1DUH3jVjM&quot;,&quot;video_type&quot;:&quot;youtube&quot;,&quot;controls&quot;:&quot;yes&quot;}\" data-widget_type=\"video.default\">\n\t\t\t\t<div class=\"elementor-widget-container\">\n\t\t\t\t\t\t\t<div class=\"elementor-wrapper elementor-open-inline\">\n\t\t\t<div class=\"elementor-video\"><\/div>\t\t<\/div>\n\t\t\t\t\t\t<\/div>\n\t\t\t\t<\/div>\n\t\t\t\t<div class=\"elementor-element elementor-element-ebe6799 elementor-widget elementor-widget-text-editor\" data-id=\"ebe6799\" data-element_type=\"widget\" data-e-type=\"widget\" data-widget_type=\"text-editor.default\">\n\t\t\t\t<div class=\"elementor-widget-container\">\n\t\t\t\t\t\t\t\t\t<p><span style=\"font-size: 18pt;\"><strong>De migrant is een politiek onderwerp<\/strong><\/span><\/p><p class=\"translation-block\">De migrant is een volwaardig politiek onderwerp, en niet slechts een aanvrager van documenten.<br>Om deze nieuwe politieke actor actief te laten deelnemen in de Europese publieke ruimte:<br>\"Mensen zonder papieren die in Europa wonen, zouden toegang moeten hebben tot regularisatie omdat ze al in Europa wonen en al deelnemen aan het economische, sociale en culturele leven van de Europese landen. De regularisatie van mensen zonder papieren is geen concessie, maar een Europees verblijfsrecht.\"<\/p><p class=\"translation-block\">Een debat over de Europese verblijfsrechten zou geopend moeten worden.<br>De versterking van de Europese verblijfsrechten zou kunnen bijdragen aan de culturele, wetenschappelijke, materi\u00eble... verrijking van onze samenlevingen. Het externe of zelfs kritische perspectief dat de migrant als nieuw politiek onderwerp op onze nationale samenlevingen werpt, zou nuttig kunnen zijn voor de Europese samenleving. Het zou ons bewust kunnen maken van onze sterke en zwakke punten. \"Om te weten wie we zijn, hebben we confrontatie nodig met de ander, met het verschil\". Het zou ons kunnen helpen om<br>innovatieve oplossingen en verbeteringen te vinden.<\/p><p class=\"translation-block\">Echter, om spreekrecht aan migranten te garanderen, na een normale proefperiode, zou het stemrecht aan alle Europese inwoners verleend moeten worden.<br>Ongeacht het land van herkomst van de migranten en de reden voor hun migratie, zouden daden van burgerschap en deelname aan het gemeenschapsleven de enige permanente criteria moeten zijn om hen burgerschap te verlenen.<br>Het regulariseren van mensen zonder papieren is dan de formalisering van een nieuw politiek onderwerp, een nieuwe drijfveer in de geschiedenis van de emancipatie van kwetsbare sociale groepen. Voor dit nieuwe politieke onderwerp zou de Europese publieke ruimte opnieuw gedefinieerd moeten worden, zodat deze inclusiever en participatiever wordt.<br>Het versterken van de Europese verblijfsrechten zou de eerste stap zijn om migranten in staat te stellen deel te nemen aan de opbouw van een nieuwe gemeenschappelijke Europese ruimte.<\/p><p><a href=\"https:\/\/mpevh.be\/wp-content\/uploads\/2024\/01\/34avril2022.pdf\">Pour plus d&rsquo;info, cliquez ici.<\/a><\/p><p><span style=\"font-size: 18pt;\"><strong><em>Ondernomen acties<\/em><\/strong><\/span><\/p><p>De MPEVH heeft in maart 2021 de inwoners van Brussel opgeroepen om te helpen bij het laden van een vrachtwagen met warme kleding, schoenen, sokken voor vrouwen, mannen, kinderen, hygi\u00ebneproducten, dekens, tenten en houdbare voedingsproducten.<\/p><p>Inheemse Brusselaars, mensen van de eerste en tweede generatie, expats, mensen zonder papieren, iedereen heeft bijgedragen aan het succes van dit project.<\/p><p><img fetchpriority=\"high\" decoding=\"async\" src=\"https:\/\/mpevh.be\/wp-content\/uploads\/2021\/09\/Picture1-226x300.jpg\" alt=\"\" width=\"226\" height=\"300\" \/><\/p><p class=\"translation-block\">Dit is een\n<a class=\"paoc-popup-click paoc-popup-cust-660 paoc-popup-simple_link paoc-popup-link\" href=\"\/nl\/void(0);\/\" target=\"_self\">boodschap van hoop die het Europees VolksHuis via deze vrachtwagen<\/a>\n\n heeft verstuurd, geladen met 28 kubieke meter aan producten die door de migranten werden gevraagd, van Brussel naar Biha\u0107 in Bosni\u00eb-Herzegovina, aan de grens met Kroati\u00eb, waar ze zijn gestrand en Europa niet kunnen binnenkomen.<\/p><p><strong>\r\n\t<a class=\"paoc-popup-click paoc-popup-cust-656 paoc-popup-simple_link paoc-popup-link\" href=\"javascript:void(0);\">Concrete actie voor de migranten die vastzitten aan de poort van de EU<\/a>\r\n\r\n<\/strong><em>\u00a0<\/em><\/p><p><span style=\"font-size: 18pt;\"><strong><em>Te ondernemen acties<\/em><\/strong><\/span><\/p><p>Na de uitvoering van de vrachtwagenactie op het terrein, gaat het om:<\/p><p>1) het organiseren van een fototentoonstelling van de uitgevoerde actie in een gebouw van de Europese Commissie dat gemakkelijk toegankelijk is voor het grote publiek. Het doel van deze tentoonstelling is om de situatie ter plaatse aan de kaak te stellen, het leven van de migranten, de mishandelingen aan de grens met Kroati\u00eb, en de problemen veroorzaakt door de vluchtelingenkampen beheerd door de Internationale Organisatie voor Migratie.<\/p><p>2) het vergemakkelijken van de publicatie van een lokaal migrantenkrantje om te verspreiden onder de lokale bevolking. Het doel is om communicatie te cre\u00ebren waar nu alleen wantrouwen bestaat.<\/p><p>3) het versterken van de contacten door een netwerk op te zetten tussen Brusselse verenigingen en veldverenigingen gelegen aan de grens tussen Bosni\u00eb-Herzegovina en Kroati\u00eb. Het doel is om ter plaatse BRI-CO's, burgerinitiatieven die gericht zijn op de deelname van iedereen in de democratische en sociale werking van het gemeenschappelijke leven, te realiseren.<\/p><p>Het project is ambitieus; het streeft ernaar een nieuw associatief netwerk te cre\u00ebren tussen de regio Brussel en de grenskantons van Bosni\u00eb-Herzegovina en Kroati\u00eb. Het idee is om een land binnen het land te cre\u00ebren, een burgerlijk, solidair, gastvrij en sociaal Europa tussen Brussel en grensdorpen. Dit project maakt gebruik van de methodologie\u00ebn die zijn ontwikkeld in de Regio Brussel-Hoofdstad en in de Franstalige wereld door programma's voor sociale cohesie en permanente educatie.<\/p>\t\t\t\t\t\t\t\t<\/div>\n\t\t\t\t<\/div>\n\t\t\t\t\t<\/div>\n\t\t<\/div>\n\t\t\t\t\t<\/div>\n\t\t<\/section>\n\t\t\t\t<\/div>","protected":false},"excerpt":{"rendered":"<p>https:\/\/youtu.be\/AvtQaYN8sSA?si=cOmqfyDvOxFp7SjShttps:\/\/youtu.be\/sc1DUH3jVjM Le migrant est un sujet politique Le migrant est un sujet politique \u00e0 part enti\u00e8re, et pas seulement un demandeur de papiers.Pour permettre \u00e0 ce nouveau sujet politique de participer activement dans l\u2019espace public europ\u00e9en :\u00ab Les personnes sans papiers qui vivent en Europe devraient avoir acc\u00e8s \u00e0 la r\u00e9gularisation parce qu\u2019elles r\u00e9sident d\u00e9j\u00e0 &hellip;<\/p>\n<p class=\"read-more\"> <a class=\"\" href=\"https:\/\/mpevh.be\/nl\/activites\/soutien-aux-invisibles\/migrants\/\"> <span class=\"screen-reader-text\">migranten<\/span> Lees verder &raquo;<\/a><\/p>","protected":false},"author":11,"featured_media":0,"parent":50,"menu_order":0,"comment_status":"closed","ping_status":"closed","template":"","meta":{"site-sidebar-layout":"default","site-content-layout":"default","ast-site-content-layout":"","site-content-style":"default","site-sidebar-style":"default","ast-global-header-display":"","ast-banner-title-visibility":"","ast-main-header-display":"","ast-hfb-above-header-display":"","ast-hfb-below-header-display":"","ast-hfb-mobile-header-display":"","site-post-title":"","ast-breadcrumbs-content":"","ast-featured-img":"","footer-sml-layout":"","theme-transparent-header-meta":"default","adv-header-id-meta":"","stick-header-meta":"","header-above-stick-meta":"","header-main-stick-meta":"","header-below-stick-meta":"","astra-migrate-meta-layouts":"default","ast-page-background-enabled":"default","ast-page-background-meta":{"desktop":{"background-color":"var(--ast-global-color-4)","background-image":"","background-repeat":"repeat","background-position":"center center","background-size":"auto","background-attachment":"scroll","background-type":"","background-media":"","overlay-type":"","overlay-color":"","overlay-gradient":""},"tablet":{"background-color":"","background-image":"","background-repeat":"repeat","background-position":"center center","background-size":"auto","background-attachment":"scroll","background-type":"","background-media":"","overlay-type":"","overlay-color":"","overlay-gradient":""},"mobile":{"background-color":"","background-image":"","background-repeat":"repeat","background-position":"center center","background-size":"auto","background-attachment":"scroll","background-type":"","background-media":"","overlay-type":"","overlay-color":"","overlay-gradient":""}},"ast-content-background-meta":{"desktop":{"background-color":"var(--ast-global-color-5)","background-image":"","background-repeat":"repeat","background-position":"center center","background-size":"auto","background-attachment":"scroll","background-type":"","background-media":"","overlay-type":"","overlay-color":"","overlay-gradient":""},"tablet":{"background-color":"var(--ast-global-color-5)","background-image":"","background-repeat":"repeat","background-position":"center center","background-size":"auto","background-attachment":"scroll","background-type":"","background-media":"","overlay-type":"","overlay-color":"","overlay-gradient":""},"mobile":{"background-color":"var(--ast-global-color-5)","background-image":"","background-repeat":"repeat","background-position":"center center","background-size":"auto","background-attachment":"scroll","background-type":"","background-media":"","overlay-type":"","overlay-color":"","overlay-gradient":""}},"footnotes":""},"class_list":["post-51","page","type-page","status-publish","hentry"],"yoast_head":"<!-- This site is optimized with the Yoast SEO plugin v27.3 - https:\/\/yoast.com\/product\/yoast-seo-wordpress\/ -->\n<title>migrants -<\/title>\n<meta name=\"robots\" content=\"index, follow, max-snippet:-1, max-image-preview:large, max-video-preview:-1\" \/>\n<link rel=\"canonical\" href=\"https:\/\/mpevh.be\/nl\/activites\/soutien-aux-invisibles\/migrants\/\" \/>\n<meta property=\"og:locale\" content=\"nl_BE\" \/>\n<meta property=\"og:type\" content=\"article\" \/>\n<meta property=\"og:title\" content=\"migrants -\" \/>\n<meta property=\"og:description\" content=\"https:\/\/youtu.be\/AvtQaYN8sSA?si=cOmqfyDvOxFp7SjShttps:\/\/youtu.be\/sc1DUH3jVjM Le migrant est un sujet politique Le migrant est un sujet politique \u00e0 part enti\u00e8re, et pas seulement un demandeur de papiers.Pour permettre \u00e0 ce nouveau sujet politique de participer activement dans l\u2019espace public europ\u00e9en :\u00ab Les personnes sans papiers qui vivent en Europe devraient avoir acc\u00e8s \u00e0 la r\u00e9gularisation parce qu\u2019elles r\u00e9sident d\u00e9j\u00e0 &hellip; migrants Lees verder &raquo;\" \/>\n<meta property=\"og:url\" content=\"https:\/\/mpevh.be\/nl\/activites\/soutien-aux-invisibles\/migrants\/\" \/>\n<meta property=\"article:publisher\" content=\"https:\/\/www.facebook.com\/maisondupeupledeurope\" \/>\n<meta property=\"article:modified_time\" content=\"2025-12-15T08:06:12+00:00\" \/>\n<meta property=\"og:image\" content=\"https:\/\/mpevh.be\/wp-content\/uploads\/2021\/09\/Picture1-226x300.jpg\" \/>\n<meta name=\"twitter:card\" content=\"summary_large_image\" \/>\n<meta name=\"twitter:label1\" content=\"Geschatte leestijd\" \/>\n\t<meta name=\"twitter:data1\" content=\"4 minuten\" \/>\n<script type=\"application\/ld+json\" class=\"yoast-schema-graph\">{\"@context\":\"https:\\\/\\\/schema.org\",\"@graph\":[{\"@type\":\"WebPage\",\"@id\":\"https:\\\/\\\/mpevh.be\\\/activites\\\/soutien-aux-invisibles\\\/migrants\\\/\",\"url\":\"https:\\\/\\\/mpevh.be\\\/activites\\\/soutien-aux-invisibles\\\/migrants\\\/\",\"name\":\"migrants -\",\"isPartOf\":{\"@id\":\"https:\\\/\\\/mpevh.be\\\/#website\"},\"primaryImageOfPage\":{\"@id\":\"https:\\\/\\\/mpevh.be\\\/activites\\\/soutien-aux-invisibles\\\/migrants\\\/#primaryimage\"},\"image\":{\"@id\":\"https:\\\/\\\/mpevh.be\\\/activites\\\/soutien-aux-invisibles\\\/migrants\\\/#primaryimage\"},\"thumbnailUrl\":\"https:\\\/\\\/mpevh.be\\\/wp-content\\\/uploads\\\/2021\\\/09\\\/Picture1-226x300.jpg\",\"datePublished\":\"2021-09-10T18:43:24+00:00\",\"dateModified\":\"2025-12-15T08:06:12+00:00\",\"breadcrumb\":{\"@id\":\"https:\\\/\\\/mpevh.be\\\/activites\\\/soutien-aux-invisibles\\\/migrants\\\/#breadcrumb\"},\"inLanguage\":\"nl-BE\",\"potentialAction\":[{\"@type\":\"ReadAction\",\"target\":[\"https:\\\/\\\/mpevh.be\\\/activites\\\/soutien-aux-invisibles\\\/migrants\\\/\"]}]},{\"@type\":\"ImageObject\",\"inLanguage\":\"nl-BE\",\"@id\":\"https:\\\/\\\/mpevh.be\\\/activites\\\/soutien-aux-invisibles\\\/migrants\\\/#primaryimage\",\"url\":\"https:\\\/\\\/mpevh.be\\\/wp-content\\\/uploads\\\/2021\\\/09\\\/Picture1-226x300.jpg\",\"contentUrl\":\"https:\\\/\\\/mpevh.be\\\/wp-content\\\/uploads\\\/2021\\\/09\\\/Picture1-226x300.jpg\"},{\"@type\":\"BreadcrumbList\",\"@id\":\"https:\\\/\\\/mpevh.be\\\/activites\\\/soutien-aux-invisibles\\\/migrants\\\/#breadcrumb\",\"itemListElement\":[{\"@type\":\"ListItem\",\"position\":1,\"name\":\"Home\",\"item\":\"https:\\\/\\\/mpevh.be\\\/\"},{\"@type\":\"ListItem\",\"position\":2,\"name\":\"ACTIVITES\",\"item\":\"https:\\\/\\\/mpevh.be\\\/en\\\/activites\\\/\"},{\"@type\":\"ListItem\",\"position\":3,\"name\":\"Soutien aux invisibles\",\"item\":\"https:\\\/\\\/mpevh.be\\\/activites\\\/soutien-aux-invisibles\\\/\"},{\"@type\":\"ListItem\",\"position\":4,\"name\":\"migrants\"}]},{\"@type\":\"WebSite\",\"@id\":\"https:\\\/\\\/mpevh.be\\\/#website\",\"url\":\"https:\\\/\\\/mpevh.be\\\/\",\"name\":\"Maison du Peuple d\u2019Europe\",\"description\":\"\",\"publisher\":{\"@id\":\"https:\\\/\\\/mpevh.be\\\/#organization\"},\"potentialAction\":[{\"@type\":\"SearchAction\",\"target\":{\"@type\":\"EntryPoint\",\"urlTemplate\":\"https:\\\/\\\/mpevh.be\\\/?s={search_term_string}\"},\"query-input\":{\"@type\":\"PropertyValueSpecification\",\"valueRequired\":true,\"valueName\":\"search_term_string\"}}],\"inLanguage\":\"nl-BE\"},{\"@type\":\"Organization\",\"@id\":\"https:\\\/\\\/mpevh.be\\\/#organization\",\"name\":\"Maison du Peuple d\u2019Europe\",\"url\":\"https:\\\/\\\/mpevh.be\\\/\",\"logo\":{\"@type\":\"ImageObject\",\"inLanguage\":\"nl-BE\",\"@id\":\"https:\\\/\\\/mpevh.be\\\/#\\\/schema\\\/logo\\\/image\\\/\",\"url\":\"https:\\\/\\\/mpevh.be\\\/wp-content\\\/uploads\\\/2021\\\/09\\\/cropped-mpelogov31-1.png\",\"contentUrl\":\"https:\\\/\\\/mpevh.be\\\/wp-content\\\/uploads\\\/2021\\\/09\\\/cropped-mpelogov31-1.png\",\"width\":556,\"height\":243,\"caption\":\"Maison du Peuple d\u2019Europe\"},\"image\":{\"@id\":\"https:\\\/\\\/mpevh.be\\\/#\\\/schema\\\/logo\\\/image\\\/\"},\"sameAs\":[\"https:\\\/\\\/www.facebook.com\\\/maisondupeupledeurope\"]}]}<\/script>\n<!-- \/ Yoast SEO plugin. -->","yoast_head_json":{"title":"migrants -","robots":{"index":"index","follow":"follow","max-snippet":"max-snippet:-1","max-image-preview":"max-image-preview:large","max-video-preview":"max-video-preview:-1"},"canonical":"https:\/\/mpevh.be\/nl\/activites\/soutien-aux-invisibles\/migrants\/","og_locale":"nl_BE","og_type":"article","og_title":"migrants -","og_description":"https:\/\/youtu.be\/AvtQaYN8sSA?si=cOmqfyDvOxFp7SjShttps:\/\/youtu.be\/sc1DUH3jVjM Le migrant est un sujet politique Le migrant est un sujet politique \u00e0 part enti\u00e8re, et pas seulement un demandeur de papiers.Pour permettre \u00e0 ce nouveau sujet politique de participer activement dans l\u2019espace public europ\u00e9en :\u00ab Les personnes sans papiers qui vivent en Europe devraient avoir acc\u00e8s \u00e0 la r\u00e9gularisation parce qu\u2019elles r\u00e9sident d\u00e9j\u00e0 &hellip; migrants Lees verder &raquo;","og_url":"https:\/\/mpevh.be\/nl\/activites\/soutien-aux-invisibles\/migrants\/","article_publisher":"https:\/\/www.facebook.com\/maisondupeupledeurope","article_modified_time":"2025-12-15T08:06:12+00:00","og_image":[{"url":"https:\/\/mpevh.be\/wp-content\/uploads\/2021\/09\/Picture1-226x300.jpg","type":"","width":"","height":""}],"twitter_card":"summary_large_image","twitter_misc":{"Geschatte leestijd":"4 minuten"},"schema":{"@context":"https:\/\/schema.org","@graph":[{"@type":"WebPage","@id":"https:\/\/mpevh.be\/activites\/soutien-aux-invisibles\/migrants\/","url":"https:\/\/mpevh.be\/activites\/soutien-aux-invisibles\/migrants\/","name":"migrants -","isPartOf":{"@id":"https:\/\/mpevh.be\/#website"},"primaryImageOfPage":{"@id":"https:\/\/mpevh.be\/activites\/soutien-aux-invisibles\/migrants\/#primaryimage"},"image":{"@id":"https:\/\/mpevh.be\/activites\/soutien-aux-invisibles\/migrants\/#primaryimage"},"thumbnailUrl":"https:\/\/mpevh.be\/wp-content\/uploads\/2021\/09\/Picture1-226x300.jpg","datePublished":"2021-09-10T18:43:24+00:00","dateModified":"2025-12-15T08:06:12+00:00","breadcrumb":{"@id":"https:\/\/mpevh.be\/activites\/soutien-aux-invisibles\/migrants\/#breadcrumb"},"inLanguage":"nl-BE","potentialAction":[{"@type":"ReadAction","target":["https:\/\/mpevh.be\/activites\/soutien-aux-invisibles\/migrants\/"]}]},{"@type":"ImageObject","inLanguage":"nl-BE","@id":"https:\/\/mpevh.be\/activites\/soutien-aux-invisibles\/migrants\/#primaryimage","url":"https:\/\/mpevh.be\/wp-content\/uploads\/2021\/09\/Picture1-226x300.jpg","contentUrl":"https:\/\/mpevh.be\/wp-content\/uploads\/2021\/09\/Picture1-226x300.jpg"},{"@type":"BreadcrumbList","@id":"https:\/\/mpevh.be\/activites\/soutien-aux-invisibles\/migrants\/#breadcrumb","itemListElement":[{"@type":"ListItem","position":1,"name":"Home","item":"https:\/\/mpevh.be\/"},{"@type":"ListItem","position":2,"name":"ACTIVITES","item":"https:\/\/mpevh.be\/en\/activites\/"},{"@type":"ListItem","position":3,"name":"Soutien aux invisibles","item":"https:\/\/mpevh.be\/activites\/soutien-aux-invisibles\/"},{"@type":"ListItem","position":4,"name":"migrants"}]},{"@type":"WebSite","@id":"https:\/\/mpevh.be\/#website","url":"https:\/\/mpevh.be\/","name":"Maison du Peuple d\u2019Europe","description":"","publisher":{"@id":"https:\/\/mpevh.be\/#organization"},"potentialAction":[{"@type":"SearchAction","target":{"@type":"EntryPoint","urlTemplate":"https:\/\/mpevh.be\/?s={search_term_string}"},"query-input":{"@type":"PropertyValueSpecification","valueRequired":true,"valueName":"search_term_string"}}],"inLanguage":"nl-BE"},{"@type":"Organization","@id":"https:\/\/mpevh.be\/#organization","name":"Maison du Peuple d\u2019Europe","url":"https:\/\/mpevh.be\/","logo":{"@type":"ImageObject","inLanguage":"nl-BE","@id":"https:\/\/mpevh.be\/#\/schema\/logo\/image\/","url":"https:\/\/mpevh.be\/wp-content\/uploads\/2021\/09\/cropped-mpelogov31-1.png","contentUrl":"https:\/\/mpevh.be\/wp-content\/uploads\/2021\/09\/cropped-mpelogov31-1.png","width":556,"height":243,"caption":"Maison du Peuple d\u2019Europe"},"image":{"@id":"https:\/\/mpevh.be\/#\/schema\/logo\/image\/"},"sameAs":["https:\/\/www.facebook.com\/maisondupeupledeurope"]}]}},"_links":{"self":[{"href":"https:\/\/mpevh.be\/nl\/wp-json\/wp\/v2\/pages\/51","targetHints":{"allow":["GET"]}}],"collection":[{"href":"https:\/\/mpevh.be\/nl\/wp-json\/wp\/v2\/pages"}],"about":[{"href":"https:\/\/mpevh.be\/nl\/wp-json\/wp\/v2\/types\/page"}],"author":[{"embeddable":true,"href":"https:\/\/mpevh.be\/nl\/wp-json\/wp\/v2\/users\/11"}],"replies":[{"embeddable":true,"href":"https:\/\/mpevh.be\/nl\/wp-json\/wp\/v2\/comments?post=51"}],"version-history":[{"count":44,"href":"https:\/\/mpevh.be\/nl\/wp-json\/wp\/v2\/pages\/51\/revisions"}],"predecessor-version":[{"id":15917,"href":"https:\/\/mpevh.be\/nl\/wp-json\/wp\/v2\/pages\/51\/revisions\/15917"}],"up":[{"embeddable":true,"href":"https:\/\/mpevh.be\/nl\/wp-json\/wp\/v2\/pages\/50"}],"wp:attachment":[{"href":"https:\/\/mpevh.be\/nl\/wp-json\/wp\/v2\/media?parent=51"}],"curies":[{"name":"wp","href":"https:\/\/api.w.org\/{rel}","templated":true}]}}