{"id":50,"date":"2021-09-10T18:43:24","date_gmt":"2021-09-10T18:43:24","guid":{"rendered":"https:\/\/mpevh.be\/?page_id=50"},"modified":"2025-11-19T13:15:09","modified_gmt":"2025-11-19T12:15:09","slug":"soutien-aux-invisibles","status":"publish","type":"page","link":"https:\/\/mpevh.be\/nl\/activites\/soutien-aux-invisibles\/","title":{"rendered":"Ondersteuning voor de onzichtbaren"},"content":{"rendered":"<div data-elementor-type=\"wp-page\" data-elementor-id=\"50\" class=\"elementor elementor-50\">\n\t\t\t\t<div class=\"elementor-element elementor-element-567c7b7 e-flex e-con-boxed e-con e-parent\" data-id=\"567c7b7\" data-element_type=\"container\" data-e-type=\"container\">\n\t\t\t\t\t<div class=\"e-con-inner\">\n\t\t<div class=\"elementor-element elementor-element-463b209 e-con-full e-flex e-con e-child\" data-id=\"463b209\" data-element_type=\"container\" data-e-type=\"container\">\n\t\t\t\t<\/div>\n\t\t<div class=\"elementor-element elementor-element-b4d72f1 e-con-full e-flex e-con e-child\" data-id=\"b4d72f1\" data-element_type=\"container\" data-e-type=\"container\">\n\t\t\t\t<div class=\"elementor-element elementor-element-5dd1e07 elementor-align-center elementor-widget elementor-widget-button\" data-id=\"5dd1e07\" data-element_type=\"widget\" data-e-type=\"widget\" data-widget_type=\"button.default\">\n\t\t\t\t<div class=\"elementor-widget-container\">\n\t\t\t\t\t\t\t\t\t<div class=\"elementor-button-wrapper\">\n\t\t\t\t\t<a class=\"elementor-button elementor-button-link elementor-size-sm\" href=\"https:\/\/mpevh.be\/nl\/activites\/soutien-aux-invisibles\/sans-papiers\/\">\n\t\t\t\t\t\t<span class=\"elementor-button-content-wrapper\">\n\t\t\t\t\t\t\t\t\t<span class=\"elementor-button-text\">Cliquez ici<\/span>\n\t\t\t\t\t<\/span>\n\t\t\t\t\t<\/a>\n\t\t\t\t<\/div>\n\t\t\t\t\t\t\t\t<\/div>\n\t\t\t\t<\/div>\n\t\t\t\t<\/div>\n\t\t<div class=\"elementor-element elementor-element-b955f9a e-con-full e-flex e-con e-child\" data-id=\"b955f9a\" data-element_type=\"container\" data-e-type=\"container\">\n\t\t\t\t<\/div>\n\t\t\t\t\t<\/div>\n\t\t\t\t<\/div>\n\t\t\t\t<section class=\"elementor-section elementor-top-section elementor-element elementor-element-036c869 elementor-section-boxed elementor-section-height-default elementor-section-height-default\" data-id=\"036c869\" data-element_type=\"section\" data-e-type=\"section\">\n\t\t\t\t\t\t<div class=\"elementor-container elementor-column-gap-default\">\n\t\t\t\t\t<div class=\"elementor-column elementor-col-100 elementor-top-column elementor-element elementor-element-079f6bb\" data-id=\"079f6bb\" data-element_type=\"column\" data-e-type=\"column\">\n\t\t\t<div class=\"elementor-widget-wrap elementor-element-populated\">\n\t\t\t\t\t\t<div class=\"elementor-element elementor-element-6dc3696 elementor-widget elementor-widget-text-editor\" data-id=\"6dc3696\" data-element_type=\"widget\" data-e-type=\"widget\" data-widget_type=\"text-editor.default\">\n\t\t\t\t<div class=\"elementor-widget-container\">\n\t\t\t\t\t\t\t\t\t<p><a href=\"https:\/\/www.cncd.be\/-pacte-europeen-asile-migration-\">https:\/\/www.cncd.be\/-pacte-europeen-asile-migration-<\/a><\/p>\n<p>De nationaliteit(1) van een staat en het verblijf(2) in een lidstaat van de Europese Unie bieden elke Europese burger de volgende rechten:<\/p>\n<ol>\n<li class=\"translation-block\">Recht op vrij verkeer en vrij verblijf<br>Recht om te stemmen en verkiesbaar te zijn voor het Europees Parlement<br>Recht om te stemmen en verkiesbaar te zijn bij lokale verkiezingen<br>Recht op diplomatieke en consulair bescherming<br>Recht op Europees burgerinitiatief<\/li>\n<li class=\"translation-block\">Recht om een petitie in te dienen bij het Europees Parlement<br>Recht om een klacht in te dienen bij de Europese ombudsman<\/li>\n<\/ol>\n<p>Tot op heden geniet niet iedereen op een uniforme en gelijke manier van deze rechten.<\/p>\n<ul>\n<li>Aan Europese burgers worden alle bovengenoemde rechten (1) toegekend, terwijl Europese inwoners slechts van de laatste twee rechten (2) genieten, die de eerste Europese voorbeelden van verblijfsrechten zijn.<\/li>\n<li>Voor de \"gewone burger\" is het genieten van de rechten van het Europees burgerschap niet vanzelfsprekend, en dit blijkt nog moeilijker te zijn voor mensen in situaties van armoede of sociale uitsluiting.<\/li>\n<\/ul>\n<p>Binnen haar netwerk van verenigingen en vakbonden neemt de MPEVH deel:<\/p>\n<ul>\n<li>aan de promotie van het deconstrueren van het beeld van onzichtbare burgers bij de lokale bevolking door middel van ontmoetingen.<\/li>\n<\/ul>\n<p class=\"translation-block\">aan de dialoog tussen de publieke autoriteiten en burgerorganisaties, de <a href=\"https:\/\/mpevh.be\/en\/activites\/soutien-aux-invisibles\/migrants\/\" target=\"_blank\">migranten<\/a>, daklozen en iedereen in een kwetsbare situatie om hun socio-economische problemen op te lossen, en in het bijzonder de mensen in extreme precaire situaties zoals mensen zonder papieren. (link naar de pagina over mensen zonder papieren hieronder). In dit kader werkt de MPEVH bijvoorbeeld aan het opstellen van overeenkomsten voor waardige huisvesting, onder een precair contract.<\/p>\t\t\t\t\t\t\t\t<\/div>\n\t\t\t\t<\/div>\n\t\t\t\t\t<\/div>\n\t\t<\/div>\n\t\t\t\t\t<\/div>\n\t\t<\/section>\n\t\t\t\t<\/div>","protected":false},"excerpt":{"rendered":"<p>Cliquez ici https:\/\/www.cncd.be\/-pacte-europeen-asile-migration- La nationalit\u00e9(1) d\u2019un \u00c9tat et la r\u00e9sidence(2) dans un \u00c9tat membre de l\u2019Union europ\u00e9enne offrent \u00e0 chaque citoyen europ\u00e9en les droits suivants : Droit de libre circulation et de libre s\u00e9jourDroit de vote et d\u2019\u00e9ligibilit\u00e9 au Parlement europ\u00e9enDroit de vote et d\u2019\u00e9ligibilit\u00e9 aux \u00e9lections localesDroit \u00e0 la protection diplomatique et consulaireDroit d\u2019initiative &hellip;<\/p>\n<p class=\"read-more\"> <a class=\"\" href=\"https:\/\/mpevh.be\/nl\/activites\/soutien-aux-invisibles\/\"> <span class=\"screen-reader-text\">Ondersteuning voor de onzichtbaren<\/span> Lees verder &raquo;<\/a><\/p>","protected":false},"author":11,"featured_media":0,"parent":22,"menu_order":0,"comment_status":"closed","ping_status":"closed","template":"","meta":{"site-sidebar-layout":"default","site-content-layout":"default","ast-site-content-layout":"","site-content-style":"default","site-sidebar-style":"default","ast-global-header-display":"","ast-banner-title-visibility":"","ast-main-header-display":"","ast-hfb-above-header-display":"","ast-hfb-below-header-display":"","ast-hfb-mobile-header-display":"","site-post-title":"","ast-breadcrumbs-content":"","ast-featured-img":"","footer-sml-layout":"","theme-transparent-header-meta":"default","adv-header-id-meta":"","stick-header-meta":"","header-above-stick-meta":"","header-main-stick-meta":"","header-below-stick-meta":"","astra-migrate-meta-layouts":"default","ast-page-background-enabled":"default","ast-page-background-meta":{"desktop":{"background-color":"var(--ast-global-color-4)","background-image":"","background-repeat":"repeat","background-position":"center center","background-size":"auto","background-attachment":"scroll","background-type":"","background-media":"","overlay-type":"","overlay-color":"","overlay-gradient":""},"tablet":{"background-color":"","background-image":"","background-repeat":"repeat","background-position":"center center","background-size":"auto","background-attachment":"scroll","background-type":"","background-media":"","overlay-type":"","overlay-color":"","overlay-gradient":""},"mobile":{"background-color":"","background-image":"","background-repeat":"repeat","background-position":"center center","background-size":"auto","background-attachment":"scroll","background-type":"","background-media":"","overlay-type":"","overlay-color":"","overlay-gradient":""}},"ast-content-background-meta":{"desktop":{"background-color":"var(--ast-global-color-5)","background-image":"","background-repeat":"repeat","background-position":"center center","background-size":"auto","background-attachment":"scroll","background-type":"","background-media":"","overlay-type":"","overlay-color":"","overlay-gradient":""},"tablet":{"background-color":"var(--ast-global-color-5)","background-image":"","background-repeat":"repeat","background-position":"center center","background-size":"auto","background-attachment":"scroll","background-type":"","background-media":"","overlay-type":"","overlay-color":"","overlay-gradient":""},"mobile":{"background-color":"var(--ast-global-color-5)","background-image":"","background-repeat":"repeat","background-position":"center center","background-size":"auto","background-attachment":"scroll","background-type":"","background-media":"","overlay-type":"","overlay-color":"","overlay-gradient":""}},"footnotes":""},"class_list":["post-50","page","type-page","status-publish","hentry"],"yoast_head":"<!-- This site is optimized with the Yoast SEO plugin v27.4 - https:\/\/yoast.com\/product\/yoast-seo-wordpress\/ -->\n<title>Soutien aux invisibles -<\/title>\n<meta name=\"robots\" content=\"index, follow, max-snippet:-1, max-image-preview:large, max-video-preview:-1\" \/>\n<link rel=\"canonical\" href=\"https:\/\/mpevh.be\/nl\/activites\/soutien-aux-invisibles\/\" \/>\n<meta property=\"og:locale\" content=\"nl_BE\" \/>\n<meta property=\"og:type\" content=\"article\" \/>\n<meta property=\"og:title\" content=\"Soutien aux invisibles -\" \/>\n<meta property=\"og:description\" content=\"Cliquez ici https:\/\/www.cncd.be\/-pacte-europeen-asile-migration- La nationalit\u00e9(1) d\u2019un \u00c9tat et la r\u00e9sidence(2) dans un \u00c9tat membre de l\u2019Union europ\u00e9enne offrent \u00e0 chaque citoyen europ\u00e9en les droits suivants : Droit de libre circulation et de libre s\u00e9jourDroit de vote et d\u2019\u00e9ligibilit\u00e9 au Parlement europ\u00e9enDroit de vote et d\u2019\u00e9ligibilit\u00e9 aux \u00e9lections localesDroit \u00e0 la protection diplomatique et consulaireDroit d\u2019initiative &hellip; Soutien aux invisibles Lees verder &raquo;\" \/>\n<meta property=\"og:url\" content=\"https:\/\/mpevh.be\/nl\/activites\/soutien-aux-invisibles\/\" \/>\n<meta property=\"article:publisher\" content=\"https:\/\/www.facebook.com\/maisondupeupledeurope\" \/>\n<meta property=\"article:modified_time\" content=\"2025-11-19T12:15:09+00:00\" \/>\n<meta property=\"og:image\" content=\"https:\/\/mpevh.be\/wp-content\/uploads\/2021\/09\/Picture1flag.jpg\" \/>\n\t<meta property=\"og:image:width\" content=\"656\" \/>\n\t<meta property=\"og:image:height\" content=\"1106\" \/>\n\t<meta property=\"og:image:type\" content=\"image\/jpeg\" \/>\n<meta name=\"twitter:card\" content=\"summary_large_image\" \/>\n<meta name=\"twitter:label1\" content=\"Geschatte leestijd\" \/>\n\t<meta name=\"twitter:data1\" content=\"1 minuut\" \/>\n<script type=\"application\/ld+json\" class=\"yoast-schema-graph\">{\"@context\":\"https:\\\/\\\/schema.org\",\"@graph\":[{\"@type\":\"WebPage\",\"@id\":\"https:\\\/\\\/mpevh.be\\\/activites\\\/soutien-aux-invisibles\\\/\",\"url\":\"https:\\\/\\\/mpevh.be\\\/activites\\\/soutien-aux-invisibles\\\/\",\"name\":\"Soutien aux invisibles -\",\"isPartOf\":{\"@id\":\"https:\\\/\\\/mpevh.be\\\/#website\"},\"datePublished\":\"2021-09-10T18:43:24+00:00\",\"dateModified\":\"2025-11-19T12:15:09+00:00\",\"breadcrumb\":{\"@id\":\"https:\\\/\\\/mpevh.be\\\/activites\\\/soutien-aux-invisibles\\\/#breadcrumb\"},\"inLanguage\":\"nl-BE\",\"potentialAction\":[{\"@type\":\"ReadAction\",\"target\":[\"https:\\\/\\\/mpevh.be\\\/activites\\\/soutien-aux-invisibles\\\/\"]}]},{\"@type\":\"BreadcrumbList\",\"@id\":\"https:\\\/\\\/mpevh.be\\\/activites\\\/soutien-aux-invisibles\\\/#breadcrumb\",\"itemListElement\":[{\"@type\":\"ListItem\",\"position\":1,\"name\":\"Home\",\"item\":\"https:\\\/\\\/mpevh.be\\\/\"},{\"@type\":\"ListItem\",\"position\":2,\"name\":\"ACTIVITES\",\"item\":\"https:\\\/\\\/mpevh.be\\\/en\\\/activites\\\/\"},{\"@type\":\"ListItem\",\"position\":3,\"name\":\"Soutien aux invisibles\"}]},{\"@type\":\"WebSite\",\"@id\":\"https:\\\/\\\/mpevh.be\\\/#website\",\"url\":\"https:\\\/\\\/mpevh.be\\\/\",\"name\":\"Maison du Peuple d\u2019Europe\",\"description\":\"\",\"publisher\":{\"@id\":\"https:\\\/\\\/mpevh.be\\\/#organization\"},\"potentialAction\":[{\"@type\":\"SearchAction\",\"target\":{\"@type\":\"EntryPoint\",\"urlTemplate\":\"https:\\\/\\\/mpevh.be\\\/?s={search_term_string}\"},\"query-input\":{\"@type\":\"PropertyValueSpecification\",\"valueRequired\":true,\"valueName\":\"search_term_string\"}}],\"inLanguage\":\"nl-BE\"},{\"@type\":\"Organization\",\"@id\":\"https:\\\/\\\/mpevh.be\\\/#organization\",\"name\":\"Maison du Peuple d\u2019Europe\",\"url\":\"https:\\\/\\\/mpevh.be\\\/\",\"logo\":{\"@type\":\"ImageObject\",\"inLanguage\":\"nl-BE\",\"@id\":\"https:\\\/\\\/mpevh.be\\\/#\\\/schema\\\/logo\\\/image\\\/\",\"url\":\"https:\\\/\\\/mpevh.be\\\/wp-content\\\/uploads\\\/2021\\\/09\\\/cropped-mpelogov31-1.png\",\"contentUrl\":\"https:\\\/\\\/mpevh.be\\\/wp-content\\\/uploads\\\/2021\\\/09\\\/cropped-mpelogov31-1.png\",\"width\":556,\"height\":243,\"caption\":\"Maison du Peuple d\u2019Europe\"},\"image\":{\"@id\":\"https:\\\/\\\/mpevh.be\\\/#\\\/schema\\\/logo\\\/image\\\/\"},\"sameAs\":[\"https:\\\/\\\/www.facebook.com\\\/maisondupeupledeurope\"]}]}<\/script>\n<!-- \/ Yoast SEO plugin. -->","yoast_head_json":{"title":"Soutien aux invisibles -","robots":{"index":"index","follow":"follow","max-snippet":"max-snippet:-1","max-image-preview":"max-image-preview:large","max-video-preview":"max-video-preview:-1"},"canonical":"https:\/\/mpevh.be\/nl\/activites\/soutien-aux-invisibles\/","og_locale":"nl_BE","og_type":"article","og_title":"Soutien aux invisibles -","og_description":"Cliquez ici https:\/\/www.cncd.be\/-pacte-europeen-asile-migration- La nationalit\u00e9(1) d\u2019un \u00c9tat et la r\u00e9sidence(2) dans un \u00c9tat membre de l\u2019Union europ\u00e9enne offrent \u00e0 chaque citoyen europ\u00e9en les droits suivants : Droit de libre circulation et de libre s\u00e9jourDroit de vote et d\u2019\u00e9ligibilit\u00e9 au Parlement europ\u00e9enDroit de vote et d\u2019\u00e9ligibilit\u00e9 aux \u00e9lections localesDroit \u00e0 la protection diplomatique et consulaireDroit d\u2019initiative &hellip; Soutien aux invisibles Lees verder &raquo;","og_url":"https:\/\/mpevh.be\/nl\/activites\/soutien-aux-invisibles\/","article_publisher":"https:\/\/www.facebook.com\/maisondupeupledeurope","article_modified_time":"2025-11-19T12:15:09+00:00","og_image":[{"width":656,"height":1106,"url":"https:\/\/mpevh.be\/wp-content\/uploads\/2021\/09\/Picture1flag.jpg","type":"image\/jpeg"}],"twitter_card":"summary_large_image","twitter_misc":{"Geschatte leestijd":"1 minuut"},"schema":{"@context":"https:\/\/schema.org","@graph":[{"@type":"WebPage","@id":"https:\/\/mpevh.be\/activites\/soutien-aux-invisibles\/","url":"https:\/\/mpevh.be\/activites\/soutien-aux-invisibles\/","name":"Soutien aux invisibles -","isPartOf":{"@id":"https:\/\/mpevh.be\/#website"},"datePublished":"2021-09-10T18:43:24+00:00","dateModified":"2025-11-19T12:15:09+00:00","breadcrumb":{"@id":"https:\/\/mpevh.be\/activites\/soutien-aux-invisibles\/#breadcrumb"},"inLanguage":"nl-BE","potentialAction":[{"@type":"ReadAction","target":["https:\/\/mpevh.be\/activites\/soutien-aux-invisibles\/"]}]},{"@type":"BreadcrumbList","@id":"https:\/\/mpevh.be\/activites\/soutien-aux-invisibles\/#breadcrumb","itemListElement":[{"@type":"ListItem","position":1,"name":"Home","item":"https:\/\/mpevh.be\/"},{"@type":"ListItem","position":2,"name":"ACTIVITES","item":"https:\/\/mpevh.be\/en\/activites\/"},{"@type":"ListItem","position":3,"name":"Soutien aux invisibles"}]},{"@type":"WebSite","@id":"https:\/\/mpevh.be\/#website","url":"https:\/\/mpevh.be\/","name":"Maison du Peuple d\u2019Europe","description":"","publisher":{"@id":"https:\/\/mpevh.be\/#organization"},"potentialAction":[{"@type":"SearchAction","target":{"@type":"EntryPoint","urlTemplate":"https:\/\/mpevh.be\/?s={search_term_string}"},"query-input":{"@type":"PropertyValueSpecification","valueRequired":true,"valueName":"search_term_string"}}],"inLanguage":"nl-BE"},{"@type":"Organization","@id":"https:\/\/mpevh.be\/#organization","name":"Maison du Peuple d\u2019Europe","url":"https:\/\/mpevh.be\/","logo":{"@type":"ImageObject","inLanguage":"nl-BE","@id":"https:\/\/mpevh.be\/#\/schema\/logo\/image\/","url":"https:\/\/mpevh.be\/wp-content\/uploads\/2021\/09\/cropped-mpelogov31-1.png","contentUrl":"https:\/\/mpevh.be\/wp-content\/uploads\/2021\/09\/cropped-mpelogov31-1.png","width":556,"height":243,"caption":"Maison du Peuple d\u2019Europe"},"image":{"@id":"https:\/\/mpevh.be\/#\/schema\/logo\/image\/"},"sameAs":["https:\/\/www.facebook.com\/maisondupeupledeurope"]}]}},"_links":{"self":[{"href":"https:\/\/mpevh.be\/nl\/wp-json\/wp\/v2\/pages\/50","targetHints":{"allow":["GET"]}}],"collection":[{"href":"https:\/\/mpevh.be\/nl\/wp-json\/wp\/v2\/pages"}],"about":[{"href":"https:\/\/mpevh.be\/nl\/wp-json\/wp\/v2\/types\/page"}],"author":[{"embeddable":true,"href":"https:\/\/mpevh.be\/nl\/wp-json\/wp\/v2\/users\/11"}],"replies":[{"embeddable":true,"href":"https:\/\/mpevh.be\/nl\/wp-json\/wp\/v2\/comments?post=50"}],"version-history":[{"count":26,"href":"https:\/\/mpevh.be\/nl\/wp-json\/wp\/v2\/pages\/50\/revisions"}],"predecessor-version":[{"id":15758,"href":"https:\/\/mpevh.be\/nl\/wp-json\/wp\/v2\/pages\/50\/revisions\/15758"}],"up":[{"embeddable":true,"href":"https:\/\/mpevh.be\/nl\/wp-json\/wp\/v2\/pages\/22"}],"wp:attachment":[{"href":"https:\/\/mpevh.be\/nl\/wp-json\/wp\/v2\/media?parent=50"}],"curies":[{"name":"wp","href":"https:\/\/api.w.org\/{rel}","templated":true}]}}