{"id":102,"date":"2021-09-10T18:44:33","date_gmt":"2021-09-10T18:44:33","guid":{"rendered":"https:\/\/mpevh.be\/?page_id=102"},"modified":"2024-04-10T07:03:45","modified_gmt":"2024-04-10T05:03:45","slug":"membership","status":"publish","type":"page","link":"https:\/\/mpevh.be\/nl\/nous-aider\/membership\/","title":{"rendered":"Lidmaatschap"},"content":{"rendered":"<div data-elementor-type=\"wp-page\" data-elementor-id=\"102\" class=\"elementor elementor-102\">\n\t\t\t\t\t\t<section class=\"elementor-section elementor-top-section elementor-element elementor-element-b2f250b elementor-section-boxed elementor-section-height-default elementor-section-height-default\" data-id=\"b2f250b\" data-element_type=\"section\" data-e-type=\"section\">\n\t\t\t\t\t\t<div class=\"elementor-container elementor-column-gap-default\">\n\t\t\t\t\t<div class=\"elementor-column elementor-col-100 elementor-top-column elementor-element elementor-element-52af804\" data-id=\"52af804\" data-element_type=\"column\" data-e-type=\"column\">\n\t\t\t<div class=\"elementor-widget-wrap elementor-element-populated\">\n\t\t\t\t\t\t<div class=\"elementor-element elementor-element-f460004 elementor-widget elementor-widget-text-editor\" data-id=\"f460004\" data-element_type=\"widget\" data-e-type=\"widget\" data-widget_type=\"text-editor.default\">\n\t\t\t\t<div class=\"elementor-widget-container\">\n\t\t\t\t\t\t\t\t\t<p class=\"translation-block\">Toetreden tot MPEVH betekent het ondersteunen van haar <a href=\"https:\/\/mpevh.be\/nl\/accueil\/mission\/\" target=\"_self\">missie<\/a> en <a href=\"https:\/\/mpevh.be\/nl\/accueil\/cadre-daction\/\" target=\"_self\">waarden<\/a>.<\/p>\n<p class=\"translation-block\"><strong>Waarom lid, sympathisant of effectief lid worden?<br><\/strong><span style=\"color: var(--ast-global-color-3);font-size: 1rem;font-weight: inherit;text-align: start\">Word een effectief lid (\u20ac 25\/jaar\/persoon - \u20ac 100\/jaar\/vereniging) en steun MPEVH door een bijdrage te storten op<\/span><span style=\"color: var(--ast-global-color-3);font-size: 1rem;font-style: inherit;font-weight: inherit;text-align: start\"> de bankrekening Crelan<\/span><span style=\"color: var(--ast-global-color-3);font-size: 1rem;font-style: inherit;text-align: start\"><b>BE14 1030 2902 8353<\/b><\/span><span style=\"color: var(--ast-global-color-3);font-size: 1rem;font-style: inherit;font-weight: inherit;text-align: start\">, bedankt!<\/span><\/p>\n<p class=\"translation-block\"><strong>Individuele burger<br><\/strong><span style=\"font-style: inherit;font-weight: inherit;color: var(--ast-global-color-3)\">Door sympathisant te worden van het Europees Volkhuis:<\/span><\/p>\n<ol>\n<li class=\"translation-block\">U beslist om de waarden van MPEVH te omarmen en onze burgerinitiatieven te ondersteunen, die tot doel hebben invloed uit te oefenen op het Europese wetgevingsproces door middel van participatieve democratie voor vooruitgang en sociale gerechtigheid. (download en stuur de ingevulde en ondertekende oproep per e-mail naar info@mpe-hve.be).<\/li>\n<li class=\"translation-block\">U blijft op de hoogte door onze website te raadplegen, onze publicaties op Facebook en Twitter te bekijken, van alle belangrijke nieuwsberichten die worden gepubliceerd door de effectieve partners van MPEVH.<\/li>\n<li class=\"translation-block\">U kunt deelnemen aan de activiteiten die worden georganiseerd door de leden of de effectieve partners van MPEVH, zoals conferenties, debatten, ontmoetingen of trainingen, waar u kunt deelnemen, informatie kunt krijgen, uw mening kunt uiten, samen resultaten kunt behalen en zich kunt inzetten voor uw zaak.<\/li>\n<li>U kunt als gast deelnemen aan de jaarlijkse algemene vergadering (zonder stemrecht).<\/li>\n<\/ol>\n<p class=\"translation-block\">Door een effectief lid te worden van het Huis van het Europese Volk:<\/p>\n<ol>\n<li class=\"translation-block\">U kunt deelnemen aan de debatten en beslissingen op de jaarlijkse algemene vergadering (met spreekrecht en stemrecht).<\/li>\n<\/ol>\n<p><strong>Betrokken burgers en organisaties (online inschrijving)<\/strong><\/p>\n<p class=\"translation-block\">VOOR ORGANISATIES<br><span style=\"font-style: inherit;font-weight: inherit;color: var(--ast-global-color-3)\">Door sympathisant te worden van MPEVH, beslist u om een betrokken partner te worden in het burgerlobbywerk bij de Europese instellingen, de Belgische politieke wereld en het verenigingsleven van het maatschappelijk middenveld om deel te nemen aan het wetgevingsproces op Europees niveau, met als doel sociale en democratische vooruitgang in Europa te bevorderen.<\/span><\/p><p>Uw betrokkenheid stelt u vervolgens in staat om het standpunt van de leden van uw organisatie te verdedigen, actief deel te nemen aan en ge\u00efnformeerd te worden over de activiteiten die door MPEVH worden ondernomen, en deze activiteiten te gebruiken voor uw zichtbaarheid en voor de bevordering van uw doelstellingen.<\/p>\n<p class=\"translation-block\">Een betrokkenheid als <a href=\"https:\/\/mpevh.be\/nl\/donations\/\" target=\"_self\"><strong>effectief lid<\/strong><\/a> stelt u ook in staat om actief deel te nemen aan de algemene vergaderingen, toegang te hebben tot de lijst van effectieve leden, en misschien zelfs verantwoordelijkheden op zich te nemen in een werkgroep of bij het organiseren van ontmoetingen met onze leden, het maatschappelijk middenveld, de politieke wereld of de Europese instellingen.<\/p>\t\t\t\t\t\t\t\t<\/div>\n\t\t\t\t<\/div>\n\t\t\t\t\t<\/div>\n\t\t<\/div>\n\t\t\t\t\t<\/div>\n\t\t<\/section>\n\t\t\t\t<\/div>","protected":false},"excerpt":{"rendered":"<p>Adh\u00e9rer \u00e0 la MPEVH signifie adh\u00e9rer \u00e0 sa mission&nbsp;et ses valeurs. Pourquoi&nbsp; \u00eatre membre,&nbsp;sympathisant&nbsp;ou&nbsp;effectif&nbsp;?&nbsp;Devenez membre effectif (\u20ac 25\/an\/personne &#8211; \u20ac 100\/an\/association) et soutenez la MPEVH en versant au&nbsp;compte bancaire Crelan&nbsp;BE14 1030 2902 8353, merci ! Citoyen individuel(le)En&nbsp;devenant membre sympathisant(e)&nbsp;\u00e0 la Maison du Peuple d\u2019Europe: vous d\u00e9cidez d\u2019adh\u00e9rer aux&nbsp;valeurs de la MPEVH&nbsp;et de soutenir nos initiatives &hellip;<\/p>\n<p class=\"read-more\"> <a class=\"\" href=\"https:\/\/mpevh.be\/nl\/nous-aider\/membership\/\"> <span class=\"screen-reader-text\">Lidmaatschap<\/span> Lees verder &raquo;<\/a><\/p>","protected":false},"author":11,"featured_media":0,"parent":25,"menu_order":0,"comment_status":"closed","ping_status":"closed","template":"","meta":{"site-sidebar-layout":"no-sidebar","site-content-layout":"page-builder","ast-site-content-layout":"","site-content-style":"default","site-sidebar-style":"default","ast-global-header-display":"","ast-banner-title-visibility":"","ast-main-header-display":"","ast-hfb-above-header-display":"","ast-hfb-below-header-display":"","ast-hfb-mobile-header-display":"","site-post-title":"disabled","ast-breadcrumbs-content":"","ast-featured-img":"disabled","footer-sml-layout":"","theme-transparent-header-meta":"default","adv-header-id-meta":"","stick-header-meta":"","header-above-stick-meta":"","header-main-stick-meta":"","header-below-stick-meta":"","astra-migrate-meta-layouts":"default","ast-page-background-enabled":"default","ast-page-background-meta":{"desktop":{"background-color":"var(--ast-global-color-4)","background-image":"","background-repeat":"repeat","background-position":"center center","background-size":"auto","background-attachment":"scroll","background-type":"","background-media":"","overlay-type":"","overlay-color":"","overlay-gradient":""},"tablet":{"background-color":"","background-image":"","background-repeat":"repeat","background-position":"center center","background-size":"auto","background-attachment":"scroll","background-type":"","background-media":"","overlay-type":"","overlay-color":"","overlay-gradient":""},"mobile":{"background-color":"","background-image":"","background-repeat":"repeat","background-position":"center center","background-size":"auto","background-attachment":"scroll","background-type":"","background-media":"","overlay-type":"","overlay-color":"","overlay-gradient":""}},"ast-content-background-meta":{"desktop":{"background-color":"var(--ast-global-color-5)","background-image":"","background-repeat":"repeat","background-position":"center center","background-size":"auto","background-attachment":"scroll","background-type":"","background-media":"","overlay-type":"","overlay-color":"","overlay-gradient":""},"tablet":{"background-color":"var(--ast-global-color-5)","background-image":"","background-repeat":"repeat","background-position":"center center","background-size":"auto","background-attachment":"scroll","background-type":"","background-media":"","overlay-type":"","overlay-color":"","overlay-gradient":""},"mobile":{"background-color":"var(--ast-global-color-5)","background-image":"","background-repeat":"repeat","background-position":"center center","background-size":"auto","background-attachment":"scroll","background-type":"","background-media":"","overlay-type":"","overlay-color":"","overlay-gradient":""}},"footnotes":""},"class_list":["post-102","page","type-page","status-publish","hentry"],"yoast_head":"<!-- This site is optimized with the Yoast SEO plugin v27.3 - https:\/\/yoast.com\/product\/yoast-seo-wordpress\/ -->\n<title>Membership -<\/title>\n<meta name=\"robots\" content=\"index, follow, max-snippet:-1, max-image-preview:large, max-video-preview:-1\" \/>\n<link rel=\"canonical\" href=\"https:\/\/mpevh.be\/nl\/nous-aider\/membership\/\" \/>\n<meta property=\"og:locale\" content=\"nl_BE\" \/>\n<meta property=\"og:type\" content=\"article\" \/>\n<meta property=\"og:title\" content=\"Membership -\" \/>\n<meta property=\"og:description\" content=\"Adh\u00e9rer \u00e0 la MPEVH signifie adh\u00e9rer \u00e0 sa mission&nbsp;et ses valeurs. Pourquoi&nbsp; \u00eatre membre,&nbsp;sympathisant&nbsp;ou&nbsp;effectif&nbsp;?&nbsp;Devenez membre effectif (\u20ac 25\/an\/personne &#8211; \u20ac 100\/an\/association) et soutenez la MPEVH en versant au&nbsp;compte bancaire Crelan&nbsp;BE14 1030 2902 8353, merci ! Citoyen individuel(le)En&nbsp;devenant membre sympathisant(e)&nbsp;\u00e0 la Maison du Peuple d\u2019Europe: vous d\u00e9cidez d\u2019adh\u00e9rer aux&nbsp;valeurs de la MPEVH&nbsp;et de soutenir nos initiatives &hellip; Membership Lees verder &raquo;\" \/>\n<meta property=\"og:url\" content=\"https:\/\/mpevh.be\/nl\/nous-aider\/membership\/\" \/>\n<meta property=\"article:publisher\" content=\"https:\/\/www.facebook.com\/maisondupeupledeurope\" \/>\n<meta property=\"article:modified_time\" content=\"2024-04-10T05:03:45+00:00\" \/>\n<meta property=\"og:image\" content=\"https:\/\/mpevh.be\/wp-content\/uploads\/2021\/09\/Picture1flag.jpg\" \/>\n\t<meta property=\"og:image:width\" content=\"656\" \/>\n\t<meta property=\"og:image:height\" content=\"1106\" \/>\n\t<meta property=\"og:image:type\" content=\"image\/jpeg\" \/>\n<meta name=\"twitter:card\" content=\"summary_large_image\" \/>\n<meta name=\"twitter:label1\" content=\"Geschatte leestijd\" \/>\n\t<meta name=\"twitter:data1\" content=\"2 minuten\" \/>\n<script type=\"application\/ld+json\" class=\"yoast-schema-graph\">{\"@context\":\"https:\\\/\\\/schema.org\",\"@graph\":[{\"@type\":\"WebPage\",\"@id\":\"https:\\\/\\\/mpevh.be\\\/nous-aider\\\/membership\\\/\",\"url\":\"https:\\\/\\\/mpevh.be\\\/nous-aider\\\/membership\\\/\",\"name\":\"Membership -\",\"isPartOf\":{\"@id\":\"https:\\\/\\\/mpevh.be\\\/#website\"},\"datePublished\":\"2021-09-10T18:44:33+00:00\",\"dateModified\":\"2024-04-10T05:03:45+00:00\",\"breadcrumb\":{\"@id\":\"https:\\\/\\\/mpevh.be\\\/nous-aider\\\/membership\\\/#breadcrumb\"},\"inLanguage\":\"nl-BE\",\"potentialAction\":[{\"@type\":\"ReadAction\",\"target\":[\"https:\\\/\\\/mpevh.be\\\/nous-aider\\\/membership\\\/\"]}]},{\"@type\":\"BreadcrumbList\",\"@id\":\"https:\\\/\\\/mpevh.be\\\/nous-aider\\\/membership\\\/#breadcrumb\",\"itemListElement\":[{\"@type\":\"ListItem\",\"position\":1,\"name\":\"Home\",\"item\":\"https:\\\/\\\/mpevh.be\\\/\"},{\"@type\":\"ListItem\",\"position\":2,\"name\":\"NOUS AIDER\",\"item\":\"https:\\\/\\\/mpevh.be\\\/nous-aider\\\/\"},{\"@type\":\"ListItem\",\"position\":3,\"name\":\"Membership\"}]},{\"@type\":\"WebSite\",\"@id\":\"https:\\\/\\\/mpevh.be\\\/#website\",\"url\":\"https:\\\/\\\/mpevh.be\\\/\",\"name\":\"Maison du Peuple d\u2019Europe\",\"description\":\"\",\"publisher\":{\"@id\":\"https:\\\/\\\/mpevh.be\\\/#organization\"},\"potentialAction\":[{\"@type\":\"SearchAction\",\"target\":{\"@type\":\"EntryPoint\",\"urlTemplate\":\"https:\\\/\\\/mpevh.be\\\/?s={search_term_string}\"},\"query-input\":{\"@type\":\"PropertyValueSpecification\",\"valueRequired\":true,\"valueName\":\"search_term_string\"}}],\"inLanguage\":\"nl-BE\"},{\"@type\":\"Organization\",\"@id\":\"https:\\\/\\\/mpevh.be\\\/#organization\",\"name\":\"Maison du Peuple d\u2019Europe\",\"url\":\"https:\\\/\\\/mpevh.be\\\/\",\"logo\":{\"@type\":\"ImageObject\",\"inLanguage\":\"nl-BE\",\"@id\":\"https:\\\/\\\/mpevh.be\\\/#\\\/schema\\\/logo\\\/image\\\/\",\"url\":\"https:\\\/\\\/mpevh.be\\\/wp-content\\\/uploads\\\/2021\\\/09\\\/cropped-mpelogov31-1.png\",\"contentUrl\":\"https:\\\/\\\/mpevh.be\\\/wp-content\\\/uploads\\\/2021\\\/09\\\/cropped-mpelogov31-1.png\",\"width\":556,\"height\":243,\"caption\":\"Maison du Peuple d\u2019Europe\"},\"image\":{\"@id\":\"https:\\\/\\\/mpevh.be\\\/#\\\/schema\\\/logo\\\/image\\\/\"},\"sameAs\":[\"https:\\\/\\\/www.facebook.com\\\/maisondupeupledeurope\"]}]}<\/script>\n<!-- \/ Yoast SEO plugin. -->","yoast_head_json":{"title":"Membership -","robots":{"index":"index","follow":"follow","max-snippet":"max-snippet:-1","max-image-preview":"max-image-preview:large","max-video-preview":"max-video-preview:-1"},"canonical":"https:\/\/mpevh.be\/nl\/nous-aider\/membership\/","og_locale":"nl_BE","og_type":"article","og_title":"Membership -","og_description":"Adh\u00e9rer \u00e0 la MPEVH signifie adh\u00e9rer \u00e0 sa mission&nbsp;et ses valeurs. Pourquoi&nbsp; \u00eatre membre,&nbsp;sympathisant&nbsp;ou&nbsp;effectif&nbsp;?&nbsp;Devenez membre effectif (\u20ac 25\/an\/personne &#8211; \u20ac 100\/an\/association) et soutenez la MPEVH en versant au&nbsp;compte bancaire Crelan&nbsp;BE14 1030 2902 8353, merci ! Citoyen individuel(le)En&nbsp;devenant membre sympathisant(e)&nbsp;\u00e0 la Maison du Peuple d\u2019Europe: vous d\u00e9cidez d\u2019adh\u00e9rer aux&nbsp;valeurs de la MPEVH&nbsp;et de soutenir nos initiatives &hellip; Membership Lees verder &raquo;","og_url":"https:\/\/mpevh.be\/nl\/nous-aider\/membership\/","article_publisher":"https:\/\/www.facebook.com\/maisondupeupledeurope","article_modified_time":"2024-04-10T05:03:45+00:00","og_image":[{"width":656,"height":1106,"url":"https:\/\/mpevh.be\/wp-content\/uploads\/2021\/09\/Picture1flag.jpg","type":"image\/jpeg"}],"twitter_card":"summary_large_image","twitter_misc":{"Geschatte leestijd":"2 minuten"},"schema":{"@context":"https:\/\/schema.org","@graph":[{"@type":"WebPage","@id":"https:\/\/mpevh.be\/nous-aider\/membership\/","url":"https:\/\/mpevh.be\/nous-aider\/membership\/","name":"Membership -","isPartOf":{"@id":"https:\/\/mpevh.be\/#website"},"datePublished":"2021-09-10T18:44:33+00:00","dateModified":"2024-04-10T05:03:45+00:00","breadcrumb":{"@id":"https:\/\/mpevh.be\/nous-aider\/membership\/#breadcrumb"},"inLanguage":"nl-BE","potentialAction":[{"@type":"ReadAction","target":["https:\/\/mpevh.be\/nous-aider\/membership\/"]}]},{"@type":"BreadcrumbList","@id":"https:\/\/mpevh.be\/nous-aider\/membership\/#breadcrumb","itemListElement":[{"@type":"ListItem","position":1,"name":"Home","item":"https:\/\/mpevh.be\/"},{"@type":"ListItem","position":2,"name":"NOUS AIDER","item":"https:\/\/mpevh.be\/nous-aider\/"},{"@type":"ListItem","position":3,"name":"Membership"}]},{"@type":"WebSite","@id":"https:\/\/mpevh.be\/#website","url":"https:\/\/mpevh.be\/","name":"Maison du Peuple d\u2019Europe","description":"","publisher":{"@id":"https:\/\/mpevh.be\/#organization"},"potentialAction":[{"@type":"SearchAction","target":{"@type":"EntryPoint","urlTemplate":"https:\/\/mpevh.be\/?s={search_term_string}"},"query-input":{"@type":"PropertyValueSpecification","valueRequired":true,"valueName":"search_term_string"}}],"inLanguage":"nl-BE"},{"@type":"Organization","@id":"https:\/\/mpevh.be\/#organization","name":"Maison du Peuple d\u2019Europe","url":"https:\/\/mpevh.be\/","logo":{"@type":"ImageObject","inLanguage":"nl-BE","@id":"https:\/\/mpevh.be\/#\/schema\/logo\/image\/","url":"https:\/\/mpevh.be\/wp-content\/uploads\/2021\/09\/cropped-mpelogov31-1.png","contentUrl":"https:\/\/mpevh.be\/wp-content\/uploads\/2021\/09\/cropped-mpelogov31-1.png","width":556,"height":243,"caption":"Maison du Peuple d\u2019Europe"},"image":{"@id":"https:\/\/mpevh.be\/#\/schema\/logo\/image\/"},"sameAs":["https:\/\/www.facebook.com\/maisondupeupledeurope"]}]}},"_links":{"self":[{"href":"https:\/\/mpevh.be\/nl\/wp-json\/wp\/v2\/pages\/102","targetHints":{"allow":["GET"]}}],"collection":[{"href":"https:\/\/mpevh.be\/nl\/wp-json\/wp\/v2\/pages"}],"about":[{"href":"https:\/\/mpevh.be\/nl\/wp-json\/wp\/v2\/types\/page"}],"author":[{"embeddable":true,"href":"https:\/\/mpevh.be\/nl\/wp-json\/wp\/v2\/users\/11"}],"replies":[{"embeddable":true,"href":"https:\/\/mpevh.be\/nl\/wp-json\/wp\/v2\/comments?post=102"}],"version-history":[{"count":13,"href":"https:\/\/mpevh.be\/nl\/wp-json\/wp\/v2\/pages\/102\/revisions"}],"predecessor-version":[{"id":9071,"href":"https:\/\/mpevh.be\/nl\/wp-json\/wp\/v2\/pages\/102\/revisions\/9071"}],"up":[{"embeddable":true,"href":"https:\/\/mpevh.be\/nl\/wp-json\/wp\/v2\/pages\/25"}],"wp:attachment":[{"href":"https:\/\/mpevh.be\/nl\/wp-json\/wp\/v2\/media?parent=102"}],"curies":[{"name":"wp","href":"https:\/\/api.w.org\/{rel}","templated":true}]}}