{"id":50,"date":"2021-09-10T18:43:24","date_gmt":"2021-09-10T18:43:24","guid":{"rendered":"https:\/\/mpevh.be\/?page_id=50"},"modified":"2025-11-19T13:15:09","modified_gmt":"2025-11-19T12:15:09","slug":"soutien-aux-invisibles","status":"publish","type":"page","link":"https:\/\/mpevh.be\/en\/activites\/soutien-aux-invisibles\/","title":{"rendered":"Support for the invisibles"},"content":{"rendered":"<div data-elementor-type=\"wp-page\" data-elementor-id=\"50\" class=\"elementor elementor-50\">\n\t\t\t\t<div class=\"elementor-element elementor-element-567c7b7 e-flex e-con-boxed e-con e-parent\" data-id=\"567c7b7\" data-element_type=\"container\" data-e-type=\"container\">\n\t\t\t\t\t<div class=\"e-con-inner\">\n\t\t<div class=\"elementor-element elementor-element-463b209 e-con-full e-flex e-con e-child\" data-id=\"463b209\" data-element_type=\"container\" data-e-type=\"container\">\n\t\t\t\t<\/div>\n\t\t<div class=\"elementor-element elementor-element-b4d72f1 e-con-full e-flex e-con e-child\" data-id=\"b4d72f1\" data-element_type=\"container\" data-e-type=\"container\">\n\t\t\t\t<div class=\"elementor-element elementor-element-5dd1e07 elementor-align-center elementor-widget elementor-widget-button\" data-id=\"5dd1e07\" data-element_type=\"widget\" data-e-type=\"widget\" data-widget_type=\"button.default\">\n\t\t\t\t<div class=\"elementor-widget-container\">\n\t\t\t\t\t\t\t\t\t<div class=\"elementor-button-wrapper\">\n\t\t\t\t\t<a class=\"elementor-button elementor-button-link elementor-size-sm\" href=\"https:\/\/mpevh.be\/en\/activites\/soutien-aux-invisibles\/sans-papiers\/\">\n\t\t\t\t\t\t<span class=\"elementor-button-content-wrapper\">\n\t\t\t\t\t\t\t\t\t<span class=\"elementor-button-text\">Cliquez ici<\/span>\n\t\t\t\t\t<\/span>\n\t\t\t\t\t<\/a>\n\t\t\t\t<\/div>\n\t\t\t\t\t\t\t\t<\/div>\n\t\t\t\t<\/div>\n\t\t\t\t<\/div>\n\t\t<div class=\"elementor-element elementor-element-b955f9a e-con-full e-flex e-con e-child\" data-id=\"b955f9a\" data-element_type=\"container\" data-e-type=\"container\">\n\t\t\t\t<\/div>\n\t\t\t\t\t<\/div>\n\t\t\t\t<\/div>\n\t\t\t\t<section class=\"elementor-section elementor-top-section elementor-element elementor-element-036c869 elementor-section-boxed elementor-section-height-default elementor-section-height-default\" data-id=\"036c869\" data-element_type=\"section\" data-e-type=\"section\">\n\t\t\t\t\t\t<div class=\"elementor-container elementor-column-gap-default\">\n\t\t\t\t\t<div class=\"elementor-column elementor-col-100 elementor-top-column elementor-element elementor-element-079f6bb\" data-id=\"079f6bb\" data-element_type=\"column\" data-e-type=\"column\">\n\t\t\t<div class=\"elementor-widget-wrap elementor-element-populated\">\n\t\t\t\t\t\t<div class=\"elementor-element elementor-element-6dc3696 elementor-widget elementor-widget-text-editor\" data-id=\"6dc3696\" data-element_type=\"widget\" data-e-type=\"widget\" data-widget_type=\"text-editor.default\">\n\t\t\t\t<div class=\"elementor-widget-container\">\n\t\t\t\t\t\t\t\t\t<p><a href=\"https:\/\/www.cncd.be\/-pacte-europeen-asile-migration-\">https:\/\/www.cncd.be\/-pacte-europeen-asile-migration-<\/a><\/p>\n<p>The nationality(1) of a state and residence(2) in a Member State of the European Union provide every European citizen with the following rights:<\/p>\n<ol>\n<li class=\"translation-block\">Right to free movement and residence<br>Right to vote and stand for election to the European Parliament<br>Right to vote and stand for local elections<br>Right to diplomatic and consular protection<br>Right of European citizens' initiative<\/li>\n<li class=\"translation-block\">Right to petition the European Parliament<br>Right to lodge a complaint with the European Ombudsman<\/li>\n<\/ol>\n<p>To this day, not everyone enjoys these rights in a homogeneous and equal manner.<\/p>\n<ul>\n<li>European citizens are granted all the rights mentioned above (1), while European residents only enjoy the last two rights (2), which are the first European examples of residence rights.<\/li>\n<li>For the \"ordinary citizen,\" enjoying the rights of European citizenship is not obvious, and it proves even more difficult for people in situations of poverty or social exclusion.<\/li>\n<\/ul>\n<p>Within its associative and union network, the PHEVH participates in:<\/p>\n<ul>\n<li>promoting the deconstruction of the image of invisible citizens among the local population through meetings.<\/li>\n<\/ul>\n<p class=\"translation-block\">to dialogue between public authorities and citizen organizations, <a href=\"https:\/\/mpevh.be\/en\/activites\/soutien-aux-invisibles\/migrants\/\" target=\"_blank\">migrants<\/a>, homeless people, and any other person in a situation of vulnerability in order to resolve their socio-economic problems, particularly those in extreme precariousness such as undocumented individuals. (link to page on undocumented individuals below). For this purpose, the MPEVH works, for example, on establishing agreements for decent housing under precarious contracts.<\/p>\t\t\t\t\t\t\t\t<\/div>\n\t\t\t\t<\/div>\n\t\t\t\t\t<\/div>\n\t\t<\/div>\n\t\t\t\t\t<\/div>\n\t\t<\/section>\n\t\t\t\t<\/div>","protected":false},"excerpt":{"rendered":"<p>Cliquez ici https:\/\/www.cncd.be\/-pacte-europeen-asile-migration- La nationalit\u00e9(1) d\u2019un \u00c9tat et la r\u00e9sidence(2) dans un \u00c9tat membre de l\u2019Union europ\u00e9enne offrent \u00e0 chaque citoyen europ\u00e9en les droits suivants : Droit de libre circulation et de libre s\u00e9jourDroit de vote et d\u2019\u00e9ligibilit\u00e9 au Parlement europ\u00e9enDroit de vote et d\u2019\u00e9ligibilit\u00e9 aux \u00e9lections localesDroit \u00e0 la protection diplomatique et consulaireDroit d\u2019initiative &hellip;<\/p>\n<p class=\"read-more\"> <a class=\"\" href=\"https:\/\/mpevh.be\/en\/activites\/soutien-aux-invisibles\/\"> <span class=\"screen-reader-text\">Support for the invisibles<\/span> Read More &raquo;<\/a><\/p>","protected":false},"author":11,"featured_media":0,"parent":22,"menu_order":0,"comment_status":"closed","ping_status":"closed","template":"","meta":{"site-sidebar-layout":"default","site-content-layout":"default","ast-site-content-layout":"","site-content-style":"default","site-sidebar-style":"default","ast-global-header-display":"","ast-banner-title-visibility":"","ast-main-header-display":"","ast-hfb-above-header-display":"","ast-hfb-below-header-display":"","ast-hfb-mobile-header-display":"","site-post-title":"","ast-breadcrumbs-content":"","ast-featured-img":"","footer-sml-layout":"","theme-transparent-header-meta":"default","adv-header-id-meta":"","stick-header-meta":"","header-above-stick-meta":"","header-main-stick-meta":"","header-below-stick-meta":"","astra-migrate-meta-layouts":"default","ast-page-background-enabled":"default","ast-page-background-meta":{"desktop":{"background-color":"var(--ast-global-color-4)","background-image":"","background-repeat":"repeat","background-position":"center center","background-size":"auto","background-attachment":"scroll","background-type":"","background-media":"","overlay-type":"","overlay-color":"","overlay-gradient":""},"tablet":{"background-color":"","background-image":"","background-repeat":"repeat","background-position":"center center","background-size":"auto","background-attachment":"scroll","background-type":"","background-media":"","overlay-type":"","overlay-color":"","overlay-gradient":""},"mobile":{"background-color":"","background-image":"","background-repeat":"repeat","background-position":"center center","background-size":"auto","background-attachment":"scroll","background-type":"","background-media":"","overlay-type":"","overlay-color":"","overlay-gradient":""}},"ast-content-background-meta":{"desktop":{"background-color":"var(--ast-global-color-5)","background-image":"","background-repeat":"repeat","background-position":"center center","background-size":"auto","background-attachment":"scroll","background-type":"","background-media":"","overlay-type":"","overlay-color":"","overlay-gradient":""},"tablet":{"background-color":"var(--ast-global-color-5)","background-image":"","background-repeat":"repeat","background-position":"center center","background-size":"auto","background-attachment":"scroll","background-type":"","background-media":"","overlay-type":"","overlay-color":"","overlay-gradient":""},"mobile":{"background-color":"var(--ast-global-color-5)","background-image":"","background-repeat":"repeat","background-position":"center center","background-size":"auto","background-attachment":"scroll","background-type":"","background-media":"","overlay-type":"","overlay-color":"","overlay-gradient":""}},"footnotes":""},"class_list":["post-50","page","type-page","status-publish","hentry"],"yoast_head":"<!-- This site is optimized with the Yoast SEO plugin v27.3 - https:\/\/yoast.com\/product\/yoast-seo-wordpress\/ -->\n<title>Soutien aux invisibles -<\/title>\n<meta name=\"robots\" content=\"index, follow, max-snippet:-1, max-image-preview:large, max-video-preview:-1\" \/>\n<link rel=\"canonical\" href=\"https:\/\/mpevh.be\/en\/activites\/soutien-aux-invisibles\/\" \/>\n<meta property=\"og:locale\" content=\"en_US\" \/>\n<meta property=\"og:type\" content=\"article\" \/>\n<meta property=\"og:title\" content=\"Soutien aux invisibles -\" \/>\n<meta property=\"og:description\" content=\"Cliquez ici https:\/\/www.cncd.be\/-pacte-europeen-asile-migration- La nationalit\u00e9(1) d\u2019un \u00c9tat et la r\u00e9sidence(2) dans un \u00c9tat membre de l\u2019Union europ\u00e9enne offrent \u00e0 chaque citoyen europ\u00e9en les droits suivants : Droit de libre circulation et de libre s\u00e9jourDroit de vote et d\u2019\u00e9ligibilit\u00e9 au Parlement europ\u00e9enDroit de vote et d\u2019\u00e9ligibilit\u00e9 aux \u00e9lections localesDroit \u00e0 la protection diplomatique et consulaireDroit d\u2019initiative &hellip; Soutien aux invisibles Read More &raquo;\" \/>\n<meta property=\"og:url\" content=\"https:\/\/mpevh.be\/en\/activites\/soutien-aux-invisibles\/\" \/>\n<meta property=\"article:publisher\" content=\"https:\/\/www.facebook.com\/maisondupeupledeurope\" \/>\n<meta property=\"article:modified_time\" content=\"2025-11-19T12:15:09+00:00\" \/>\n<meta property=\"og:image\" content=\"https:\/\/mpevh.be\/wp-content\/uploads\/2021\/09\/Picture1flag.jpg\" \/>\n\t<meta property=\"og:image:width\" content=\"656\" \/>\n\t<meta property=\"og:image:height\" content=\"1106\" \/>\n\t<meta property=\"og:image:type\" content=\"image\/jpeg\" \/>\n<meta name=\"twitter:card\" content=\"summary_large_image\" \/>\n<meta name=\"twitter:label1\" content=\"Est. reading time\" \/>\n\t<meta name=\"twitter:data1\" content=\"1 minute\" \/>\n<script type=\"application\/ld+json\" class=\"yoast-schema-graph\">{\"@context\":\"https:\\\/\\\/schema.org\",\"@graph\":[{\"@type\":\"WebPage\",\"@id\":\"https:\\\/\\\/mpevh.be\\\/activites\\\/soutien-aux-invisibles\\\/\",\"url\":\"https:\\\/\\\/mpevh.be\\\/activites\\\/soutien-aux-invisibles\\\/\",\"name\":\"Soutien aux invisibles -\",\"isPartOf\":{\"@id\":\"https:\\\/\\\/mpevh.be\\\/#website\"},\"datePublished\":\"2021-09-10T18:43:24+00:00\",\"dateModified\":\"2025-11-19T12:15:09+00:00\",\"breadcrumb\":{\"@id\":\"https:\\\/\\\/mpevh.be\\\/activites\\\/soutien-aux-invisibles\\\/#breadcrumb\"},\"inLanguage\":\"en-US\",\"potentialAction\":[{\"@type\":\"ReadAction\",\"target\":[\"https:\\\/\\\/mpevh.be\\\/activites\\\/soutien-aux-invisibles\\\/\"]}]},{\"@type\":\"BreadcrumbList\",\"@id\":\"https:\\\/\\\/mpevh.be\\\/activites\\\/soutien-aux-invisibles\\\/#breadcrumb\",\"itemListElement\":[{\"@type\":\"ListItem\",\"position\":1,\"name\":\"Home\",\"item\":\"https:\\\/\\\/mpevh.be\\\/\"},{\"@type\":\"ListItem\",\"position\":2,\"name\":\"ACTIVITES\",\"item\":\"https:\\\/\\\/mpevh.be\\\/en\\\/activites\\\/\"},{\"@type\":\"ListItem\",\"position\":3,\"name\":\"Soutien aux invisibles\"}]},{\"@type\":\"WebSite\",\"@id\":\"https:\\\/\\\/mpevh.be\\\/#website\",\"url\":\"https:\\\/\\\/mpevh.be\\\/\",\"name\":\"Maison du Peuple d\u2019Europe\",\"description\":\"\",\"publisher\":{\"@id\":\"https:\\\/\\\/mpevh.be\\\/#organization\"},\"potentialAction\":[{\"@type\":\"SearchAction\",\"target\":{\"@type\":\"EntryPoint\",\"urlTemplate\":\"https:\\\/\\\/mpevh.be\\\/?s={search_term_string}\"},\"query-input\":{\"@type\":\"PropertyValueSpecification\",\"valueRequired\":true,\"valueName\":\"search_term_string\"}}],\"inLanguage\":\"en-US\"},{\"@type\":\"Organization\",\"@id\":\"https:\\\/\\\/mpevh.be\\\/#organization\",\"name\":\"Maison du Peuple d\u2019Europe\",\"url\":\"https:\\\/\\\/mpevh.be\\\/\",\"logo\":{\"@type\":\"ImageObject\",\"inLanguage\":\"en-US\",\"@id\":\"https:\\\/\\\/mpevh.be\\\/#\\\/schema\\\/logo\\\/image\\\/\",\"url\":\"https:\\\/\\\/mpevh.be\\\/wp-content\\\/uploads\\\/2021\\\/09\\\/cropped-mpelogov31-1.png\",\"contentUrl\":\"https:\\\/\\\/mpevh.be\\\/wp-content\\\/uploads\\\/2021\\\/09\\\/cropped-mpelogov31-1.png\",\"width\":556,\"height\":243,\"caption\":\"Maison du Peuple d\u2019Europe\"},\"image\":{\"@id\":\"https:\\\/\\\/mpevh.be\\\/#\\\/schema\\\/logo\\\/image\\\/\"},\"sameAs\":[\"https:\\\/\\\/www.facebook.com\\\/maisondupeupledeurope\"]}]}<\/script>\n<!-- \/ Yoast SEO plugin. -->","yoast_head_json":{"title":"Soutien aux invisibles -","robots":{"index":"index","follow":"follow","max-snippet":"max-snippet:-1","max-image-preview":"max-image-preview:large","max-video-preview":"max-video-preview:-1"},"canonical":"https:\/\/mpevh.be\/en\/activites\/soutien-aux-invisibles\/","og_locale":"en_US","og_type":"article","og_title":"Soutien aux invisibles -","og_description":"Cliquez ici https:\/\/www.cncd.be\/-pacte-europeen-asile-migration- La nationalit\u00e9(1) d\u2019un \u00c9tat et la r\u00e9sidence(2) dans un \u00c9tat membre de l\u2019Union europ\u00e9enne offrent \u00e0 chaque citoyen europ\u00e9en les droits suivants : Droit de libre circulation et de libre s\u00e9jourDroit de vote et d\u2019\u00e9ligibilit\u00e9 au Parlement europ\u00e9enDroit de vote et d\u2019\u00e9ligibilit\u00e9 aux \u00e9lections localesDroit \u00e0 la protection diplomatique et consulaireDroit d\u2019initiative &hellip; Soutien aux invisibles Read More &raquo;","og_url":"https:\/\/mpevh.be\/en\/activites\/soutien-aux-invisibles\/","article_publisher":"https:\/\/www.facebook.com\/maisondupeupledeurope","article_modified_time":"2025-11-19T12:15:09+00:00","og_image":[{"width":656,"height":1106,"url":"https:\/\/mpevh.be\/wp-content\/uploads\/2021\/09\/Picture1flag.jpg","type":"image\/jpeg"}],"twitter_card":"summary_large_image","twitter_misc":{"Est. reading time":"1 minute"},"schema":{"@context":"https:\/\/schema.org","@graph":[{"@type":"WebPage","@id":"https:\/\/mpevh.be\/activites\/soutien-aux-invisibles\/","url":"https:\/\/mpevh.be\/activites\/soutien-aux-invisibles\/","name":"Soutien aux invisibles -","isPartOf":{"@id":"https:\/\/mpevh.be\/#website"},"datePublished":"2021-09-10T18:43:24+00:00","dateModified":"2025-11-19T12:15:09+00:00","breadcrumb":{"@id":"https:\/\/mpevh.be\/activites\/soutien-aux-invisibles\/#breadcrumb"},"inLanguage":"en-US","potentialAction":[{"@type":"ReadAction","target":["https:\/\/mpevh.be\/activites\/soutien-aux-invisibles\/"]}]},{"@type":"BreadcrumbList","@id":"https:\/\/mpevh.be\/activites\/soutien-aux-invisibles\/#breadcrumb","itemListElement":[{"@type":"ListItem","position":1,"name":"Home","item":"https:\/\/mpevh.be\/"},{"@type":"ListItem","position":2,"name":"ACTIVITES","item":"https:\/\/mpevh.be\/en\/activites\/"},{"@type":"ListItem","position":3,"name":"Soutien aux invisibles"}]},{"@type":"WebSite","@id":"https:\/\/mpevh.be\/#website","url":"https:\/\/mpevh.be\/","name":"Maison du Peuple d\u2019Europe","description":"","publisher":{"@id":"https:\/\/mpevh.be\/#organization"},"potentialAction":[{"@type":"SearchAction","target":{"@type":"EntryPoint","urlTemplate":"https:\/\/mpevh.be\/?s={search_term_string}"},"query-input":{"@type":"PropertyValueSpecification","valueRequired":true,"valueName":"search_term_string"}}],"inLanguage":"en-US"},{"@type":"Organization","@id":"https:\/\/mpevh.be\/#organization","name":"Maison du Peuple d\u2019Europe","url":"https:\/\/mpevh.be\/","logo":{"@type":"ImageObject","inLanguage":"en-US","@id":"https:\/\/mpevh.be\/#\/schema\/logo\/image\/","url":"https:\/\/mpevh.be\/wp-content\/uploads\/2021\/09\/cropped-mpelogov31-1.png","contentUrl":"https:\/\/mpevh.be\/wp-content\/uploads\/2021\/09\/cropped-mpelogov31-1.png","width":556,"height":243,"caption":"Maison du Peuple d\u2019Europe"},"image":{"@id":"https:\/\/mpevh.be\/#\/schema\/logo\/image\/"},"sameAs":["https:\/\/www.facebook.com\/maisondupeupledeurope"]}]}},"_links":{"self":[{"href":"https:\/\/mpevh.be\/en\/wp-json\/wp\/v2\/pages\/50","targetHints":{"allow":["GET"]}}],"collection":[{"href":"https:\/\/mpevh.be\/en\/wp-json\/wp\/v2\/pages"}],"about":[{"href":"https:\/\/mpevh.be\/en\/wp-json\/wp\/v2\/types\/page"}],"author":[{"embeddable":true,"href":"https:\/\/mpevh.be\/en\/wp-json\/wp\/v2\/users\/11"}],"replies":[{"embeddable":true,"href":"https:\/\/mpevh.be\/en\/wp-json\/wp\/v2\/comments?post=50"}],"version-history":[{"count":26,"href":"https:\/\/mpevh.be\/en\/wp-json\/wp\/v2\/pages\/50\/revisions"}],"predecessor-version":[{"id":15758,"href":"https:\/\/mpevh.be\/en\/wp-json\/wp\/v2\/pages\/50\/revisions\/15758"}],"up":[{"embeddable":true,"href":"https:\/\/mpevh.be\/en\/wp-json\/wp\/v2\/pages\/22"}],"wp:attachment":[{"href":"https:\/\/mpevh.be\/en\/wp-json\/wp\/v2\/media?parent=50"}],"curies":[{"name":"wp","href":"https:\/\/api.w.org\/{rel}","templated":true}]}}