{"id":44,"date":"2021-09-10T18:43:24","date_gmt":"2021-09-10T18:43:24","guid":{"rendered":"https:\/\/mpevh.be\/?page_id=44"},"modified":"2024-04-19T17:16:16","modified_gmt":"2024-04-19T15:16:16","slug":"qui-sommes-nous","status":"publish","type":"page","link":"https:\/\/mpevh.be\/en\/qui-sommes-nous\/","title":{"rendered":"WHO ARE WE?"},"content":{"rendered":"<div data-elementor-type=\"wp-page\" data-elementor-id=\"44\" class=\"elementor elementor-44\">\n\t\t\t\t\t\t<section class=\"elementor-section elementor-top-section elementor-element elementor-element-dff3713 elementor-section-boxed elementor-section-height-default elementor-section-height-default\" data-id=\"dff3713\" data-element_type=\"section\" data-e-type=\"section\">\n\t\t\t\t\t\t<div class=\"elementor-container elementor-column-gap-default\">\n\t\t\t\t\t<div class=\"elementor-column elementor-col-100 elementor-top-column elementor-element elementor-element-3f88251\" data-id=\"3f88251\" data-element_type=\"column\" data-e-type=\"column\">\n\t\t\t<div class=\"elementor-widget-wrap elementor-element-populated\">\n\t\t\t\t\t\t<div class=\"elementor-element elementor-element-406d729 elementor-widget elementor-widget-text-editor\" data-id=\"406d729\" data-element_type=\"widget\" data-e-type=\"widget\" data-widget_type=\"text-editor.default\">\n\t\t\t\t<div class=\"elementor-widget-container\">\n\t\t\t\t\t\t\t\t\t<p>The Community House of Europe (CHE) is a non-profit organization created in 2014.<\/p><p class=\"translation-block\">The <strong>Board of Directors elected at the last General Assembly on <\/strong><strong>December 16, 2023<\/strong> is composed of the following members:<\/p><ul><li>ABDUL AZIM AZAD<\/li><li>MICHEL DARDENNE<\/li><li>PIETRO EMILI<\/li><li>KHALEDAH HABIBI<\/li><li>FLORE MARTINI<\/li><li>ANDY VERMAUT<\/li><\/ul><div><span style=\"font-style: inherit; font-weight: inherit; background-color: var(--ast-global-color-5); color: var(--ast-global-color-3);\">Son si\u00e8ge social est situ\u00e9 Rue de l\u2019All\u00e9e Verte,72 \u00e0 1082- Berchem-Sainte-Agathe. Ses bureaux se situent dans le quartier europ\u00e9en, Rue d\u2019Arlon, 53, \u00e0 1000 Bruxelles.<\/span><\/div><div>\u00a0<\/div><p class=\"translation-block\">The House of the People of Europe is accredited with the European Union as a non-governmental organization representing the interests of civil society. You can find more information about our accreditation at <a href=\"https:\/\/ec.europa.eu\/transparencyregister\/public\/consultation\/displaylobbyist.do?id=861420813821-85\" target=\"_self\">this link<\/a>.<\/p><p>\u00a0<\/p>\t\t\t\t\t\t\t\t<\/div>\n\t\t\t\t<\/div>\n\t\t\t\t\t<\/div>\n\t\t<\/div>\n\t\t\t\t\t<\/div>\n\t\t<\/section>\n\t\t\t\t<\/div>","protected":false},"excerpt":{"rendered":"<p>La Maison du Peuple d\u2019Europe &#8211; Europees VolksHuis\u00a0 (MPEVH) est une asbl cr\u00e9\u00e9e en 2014. Le Conseil d\u2019Administration \u00e9lu \u00e0 la derni\u00e8re Assembl\u00e9e G\u00e9n\u00e9rale du 16 d\u00e9cembre 2023 est compos\u00e9 des membres suivants : ABDUL AZIM AZAD MICHEL DARDENNE PIETRO EMILI KHALEDAH HABIBI FLORE MARTINI ANDY VERMAUT Son si\u00e8ge social est situ\u00e9 Rue de l\u2019All\u00e9e &hellip;<\/p>\n<p class=\"read-more\"> <a class=\"\" href=\"https:\/\/mpevh.be\/en\/qui-sommes-nous\/\"> <span class=\"screen-reader-text\">WHO ARE WE?<\/span> Read More &raquo;<\/a><\/p>","protected":false},"author":11,"featured_media":0,"parent":0,"menu_order":0,"comment_status":"closed","ping_status":"closed","template":"","meta":{"site-sidebar-layout":"default","site-content-layout":"default","ast-site-content-layout":"","site-content-style":"default","site-sidebar-style":"default","ast-global-header-display":"","ast-banner-title-visibility":"","ast-main-header-display":"","ast-hfb-above-header-display":"","ast-hfb-below-header-display":"","ast-hfb-mobile-header-display":"","site-post-title":"","ast-breadcrumbs-content":"","ast-featured-img":"","footer-sml-layout":"","theme-transparent-header-meta":"default","adv-header-id-meta":"","stick-header-meta":"","header-above-stick-meta":"","header-main-stick-meta":"","header-below-stick-meta":"","astra-migrate-meta-layouts":"default","ast-page-background-enabled":"default","ast-page-background-meta":{"desktop":{"background-color":"var(--ast-global-color-4)","background-image":"","background-repeat":"repeat","background-position":"center center","background-size":"auto","background-attachment":"scroll","background-type":"","background-media":"","overlay-type":"","overlay-color":"","overlay-gradient":""},"tablet":{"background-color":"","background-image":"","background-repeat":"repeat","background-position":"center center","background-size":"auto","background-attachment":"scroll","background-type":"","background-media":"","overlay-type":"","overlay-color":"","overlay-gradient":""},"mobile":{"background-color":"","background-image":"","background-repeat":"repeat","background-position":"center center","background-size":"auto","background-attachment":"scroll","background-type":"","background-media":"","overlay-type":"","overlay-color":"","overlay-gradient":""}},"ast-content-background-meta":{"desktop":{"background-color":"var(--ast-global-color-5)","background-image":"","background-repeat":"repeat","background-position":"center center","background-size":"auto","background-attachment":"scroll","background-type":"","background-media":"","overlay-type":"","overlay-color":"","overlay-gradient":""},"tablet":{"background-color":"var(--ast-global-color-5)","background-image":"","background-repeat":"repeat","background-position":"center center","background-size":"auto","background-attachment":"scroll","background-type":"","background-media":"","overlay-type":"","overlay-color":"","overlay-gradient":""},"mobile":{"background-color":"var(--ast-global-color-5)","background-image":"","background-repeat":"repeat","background-position":"center center","background-size":"auto","background-attachment":"scroll","background-type":"","background-media":"","overlay-type":"","overlay-color":"","overlay-gradient":""}},"footnotes":""},"class_list":["post-44","page","type-page","status-publish","hentry"],"yoast_head":"<!-- This site is optimized with the Yoast SEO plugin v27.3 - https:\/\/yoast.com\/product\/yoast-seo-wordpress\/ -->\n<title>Qui sommes-nous? -<\/title>\n<meta name=\"robots\" content=\"index, follow, max-snippet:-1, max-image-preview:large, max-video-preview:-1\" \/>\n<link rel=\"canonical\" href=\"https:\/\/mpevh.be\/en\/accueil\/qui-sommes-nous\/\" \/>\n<meta property=\"og:locale\" content=\"en_US\" \/>\n<meta property=\"og:type\" content=\"article\" \/>\n<meta property=\"og:title\" content=\"Qui sommes-nous? -\" \/>\n<meta property=\"og:description\" content=\"La Maison du Peuple d\u2019Europe &#8211; Europees VolksHuis\u00a0 (MPEVH) est une asbl cr\u00e9\u00e9e en 2014. Le Conseil d\u2019Administration \u00e9lu \u00e0 la derni\u00e8re Assembl\u00e9e G\u00e9n\u00e9rale du 16 d\u00e9cembre 2023 est compos\u00e9 des membres suivants : ABDUL AZIM AZAD MICHEL DARDENNE PIETRO EMILI KHALEDAH HABIBI FLORE MARTINI ANDY VERMAUT Son si\u00e8ge social est situ\u00e9 Rue de l\u2019All\u00e9e &hellip; Qui sommes-nous? Read More &raquo;\" \/>\n<meta property=\"og:url\" content=\"https:\/\/mpevh.be\/en\/accueil\/qui-sommes-nous\/\" \/>\n<meta property=\"article:publisher\" content=\"https:\/\/www.facebook.com\/maisondupeupledeurope\" \/>\n<meta property=\"article:modified_time\" content=\"2024-04-19T15:16:16+00:00\" \/>\n<meta property=\"og:image\" content=\"https:\/\/mpevh.be\/wp-content\/uploads\/2021\/09\/Picture1flag.jpg\" \/>\n\t<meta property=\"og:image:width\" content=\"656\" \/>\n\t<meta property=\"og:image:height\" content=\"1106\" \/>\n\t<meta property=\"og:image:type\" content=\"image\/jpeg\" \/>\n<meta name=\"twitter:card\" content=\"summary_large_image\" \/>\n<meta name=\"twitter:label1\" content=\"Est. reading time\" \/>\n\t<meta name=\"twitter:data1\" content=\"1 minute\" \/>\n<script type=\"application\/ld+json\" class=\"yoast-schema-graph\">{\"@context\":\"https:\\\/\\\/schema.org\",\"@graph\":[{\"@type\":\"WebPage\",\"@id\":\"https:\\\/\\\/mpevh.be\\\/accueil\\\/qui-sommes-nous\\\/\",\"url\":\"https:\\\/\\\/mpevh.be\\\/accueil\\\/qui-sommes-nous\\\/\",\"name\":\"Qui sommes-nous? -\",\"isPartOf\":{\"@id\":\"https:\\\/\\\/mpevh.be\\\/#website\"},\"datePublished\":\"2021-09-10T18:43:24+00:00\",\"dateModified\":\"2024-04-19T15:16:16+00:00\",\"breadcrumb\":{\"@id\":\"https:\\\/\\\/mpevh.be\\\/accueil\\\/qui-sommes-nous\\\/#breadcrumb\"},\"inLanguage\":\"en-US\",\"potentialAction\":[{\"@type\":\"ReadAction\",\"target\":[\"https:\\\/\\\/mpevh.be\\\/accueil\\\/qui-sommes-nous\\\/\"]}]},{\"@type\":\"BreadcrumbList\",\"@id\":\"https:\\\/\\\/mpevh.be\\\/accueil\\\/qui-sommes-nous\\\/#breadcrumb\",\"itemListElement\":[{\"@type\":\"ListItem\",\"position\":1,\"name\":\"Home\",\"item\":\"https:\\\/\\\/mpevh.be\\\/\"},{\"@type\":\"ListItem\",\"position\":2,\"name\":\"Qui sommes-nous?\"}]},{\"@type\":\"WebSite\",\"@id\":\"https:\\\/\\\/mpevh.be\\\/#website\",\"url\":\"https:\\\/\\\/mpevh.be\\\/\",\"name\":\"Maison du Peuple d\u2019Europe\",\"description\":\"\",\"publisher\":{\"@id\":\"https:\\\/\\\/mpevh.be\\\/#organization\"},\"potentialAction\":[{\"@type\":\"SearchAction\",\"target\":{\"@type\":\"EntryPoint\",\"urlTemplate\":\"https:\\\/\\\/mpevh.be\\\/?s={search_term_string}\"},\"query-input\":{\"@type\":\"PropertyValueSpecification\",\"valueRequired\":true,\"valueName\":\"search_term_string\"}}],\"inLanguage\":\"en-US\"},{\"@type\":\"Organization\",\"@id\":\"https:\\\/\\\/mpevh.be\\\/#organization\",\"name\":\"Maison du Peuple d\u2019Europe\",\"url\":\"https:\\\/\\\/mpevh.be\\\/\",\"logo\":{\"@type\":\"ImageObject\",\"inLanguage\":\"en-US\",\"@id\":\"https:\\\/\\\/mpevh.be\\\/#\\\/schema\\\/logo\\\/image\\\/\",\"url\":\"https:\\\/\\\/mpevh.be\\\/wp-content\\\/uploads\\\/2021\\\/09\\\/cropped-mpelogov31-1.png\",\"contentUrl\":\"https:\\\/\\\/mpevh.be\\\/wp-content\\\/uploads\\\/2021\\\/09\\\/cropped-mpelogov31-1.png\",\"width\":556,\"height\":243,\"caption\":\"Maison du Peuple d\u2019Europe\"},\"image\":{\"@id\":\"https:\\\/\\\/mpevh.be\\\/#\\\/schema\\\/logo\\\/image\\\/\"},\"sameAs\":[\"https:\\\/\\\/www.facebook.com\\\/maisondupeupledeurope\"]}]}<\/script>\n<!-- \/ Yoast SEO plugin. -->","yoast_head_json":{"title":"Qui sommes-nous? -","robots":{"index":"index","follow":"follow","max-snippet":"max-snippet:-1","max-image-preview":"max-image-preview:large","max-video-preview":"max-video-preview:-1"},"canonical":"https:\/\/mpevh.be\/en\/accueil\/qui-sommes-nous\/","og_locale":"en_US","og_type":"article","og_title":"Qui sommes-nous? -","og_description":"La Maison du Peuple d\u2019Europe &#8211; Europees VolksHuis\u00a0 (MPEVH) est une asbl cr\u00e9\u00e9e en 2014. Le Conseil d\u2019Administration \u00e9lu \u00e0 la derni\u00e8re Assembl\u00e9e G\u00e9n\u00e9rale du 16 d\u00e9cembre 2023 est compos\u00e9 des membres suivants : ABDUL AZIM AZAD MICHEL DARDENNE PIETRO EMILI KHALEDAH HABIBI FLORE MARTINI ANDY VERMAUT Son si\u00e8ge social est situ\u00e9 Rue de l\u2019All\u00e9e &hellip; Qui sommes-nous? Read More &raquo;","og_url":"https:\/\/mpevh.be\/en\/accueil\/qui-sommes-nous\/","article_publisher":"https:\/\/www.facebook.com\/maisondupeupledeurope","article_modified_time":"2024-04-19T15:16:16+00:00","og_image":[{"width":656,"height":1106,"url":"https:\/\/mpevh.be\/wp-content\/uploads\/2021\/09\/Picture1flag.jpg","type":"image\/jpeg"}],"twitter_card":"summary_large_image","twitter_misc":{"Est. reading time":"1 minute"},"schema":{"@context":"https:\/\/schema.org","@graph":[{"@type":"WebPage","@id":"https:\/\/mpevh.be\/accueil\/qui-sommes-nous\/","url":"https:\/\/mpevh.be\/accueil\/qui-sommes-nous\/","name":"Qui sommes-nous? -","isPartOf":{"@id":"https:\/\/mpevh.be\/#website"},"datePublished":"2021-09-10T18:43:24+00:00","dateModified":"2024-04-19T15:16:16+00:00","breadcrumb":{"@id":"https:\/\/mpevh.be\/accueil\/qui-sommes-nous\/#breadcrumb"},"inLanguage":"en-US","potentialAction":[{"@type":"ReadAction","target":["https:\/\/mpevh.be\/accueil\/qui-sommes-nous\/"]}]},{"@type":"BreadcrumbList","@id":"https:\/\/mpevh.be\/accueil\/qui-sommes-nous\/#breadcrumb","itemListElement":[{"@type":"ListItem","position":1,"name":"Home","item":"https:\/\/mpevh.be\/"},{"@type":"ListItem","position":2,"name":"Qui sommes-nous?"}]},{"@type":"WebSite","@id":"https:\/\/mpevh.be\/#website","url":"https:\/\/mpevh.be\/","name":"Maison du Peuple d\u2019Europe","description":"","publisher":{"@id":"https:\/\/mpevh.be\/#organization"},"potentialAction":[{"@type":"SearchAction","target":{"@type":"EntryPoint","urlTemplate":"https:\/\/mpevh.be\/?s={search_term_string}"},"query-input":{"@type":"PropertyValueSpecification","valueRequired":true,"valueName":"search_term_string"}}],"inLanguage":"en-US"},{"@type":"Organization","@id":"https:\/\/mpevh.be\/#organization","name":"Maison du Peuple d\u2019Europe","url":"https:\/\/mpevh.be\/","logo":{"@type":"ImageObject","inLanguage":"en-US","@id":"https:\/\/mpevh.be\/#\/schema\/logo\/image\/","url":"https:\/\/mpevh.be\/wp-content\/uploads\/2021\/09\/cropped-mpelogov31-1.png","contentUrl":"https:\/\/mpevh.be\/wp-content\/uploads\/2021\/09\/cropped-mpelogov31-1.png","width":556,"height":243,"caption":"Maison du Peuple d\u2019Europe"},"image":{"@id":"https:\/\/mpevh.be\/#\/schema\/logo\/image\/"},"sameAs":["https:\/\/www.facebook.com\/maisondupeupledeurope"]}]}},"_links":{"self":[{"href":"https:\/\/mpevh.be\/en\/wp-json\/wp\/v2\/pages\/44","targetHints":{"allow":["GET"]}}],"collection":[{"href":"https:\/\/mpevh.be\/en\/wp-json\/wp\/v2\/pages"}],"about":[{"href":"https:\/\/mpevh.be\/en\/wp-json\/wp\/v2\/types\/page"}],"author":[{"embeddable":true,"href":"https:\/\/mpevh.be\/en\/wp-json\/wp\/v2\/users\/11"}],"replies":[{"embeddable":true,"href":"https:\/\/mpevh.be\/en\/wp-json\/wp\/v2\/comments?post=44"}],"version-history":[{"count":42,"href":"https:\/\/mpevh.be\/en\/wp-json\/wp\/v2\/pages\/44\/revisions"}],"predecessor-version":[{"id":11335,"href":"https:\/\/mpevh.be\/en\/wp-json\/wp\/v2\/pages\/44\/revisions\/11335"}],"wp:attachment":[{"href":"https:\/\/mpevh.be\/en\/wp-json\/wp\/v2\/media?parent=44"}],"curies":[{"name":"wp","href":"https:\/\/api.w.org\/{rel}","templated":true}]}}