{"id":41,"date":"2021-09-10T18:43:24","date_gmt":"2021-09-10T18:43:24","guid":{"rendered":"https:\/\/mpevh.be\/?page_id=41"},"modified":"2024-04-10T07:02:41","modified_gmt":"2024-04-10T05:02:41","slug":"pour-qui-une-mpe","status":"publish","type":"page","link":"https:\/\/mpevh.be\/en\/pour-qui-une-mpe\/","title":{"rendered":"For whom a CHE"},"content":{"rendered":"<div data-elementor-type=\"wp-page\" data-elementor-id=\"41\" class=\"elementor elementor-41\">\n\t\t\t\t\t\t<section class=\"elementor-section elementor-top-section elementor-element elementor-element-fd52469 elementor-section-boxed elementor-section-height-default elementor-section-height-default\" data-id=\"fd52469\" data-element_type=\"section\" data-e-type=\"section\">\n\t\t\t\t\t\t<div class=\"elementor-container elementor-column-gap-default\">\n\t\t\t\t\t<div class=\"elementor-column elementor-col-100 elementor-top-column elementor-element elementor-element-274fe2d\" data-id=\"274fe2d\" data-element_type=\"column\" data-e-type=\"column\">\n\t\t\t<div class=\"elementor-widget-wrap elementor-element-populated\">\n\t\t\t\t\t\t<div class=\"elementor-element elementor-element-772668a elementor-widget elementor-widget-text-editor\" data-id=\"772668a\" data-element_type=\"widget\" data-e-type=\"widget\" data-widget_type=\"text-editor.default\">\n\t\t\t\t<div class=\"elementor-widget-container\">\n\t\t\t\t\t\t\t\t\t<p>The goal of CHE is to attract an audience as diverse as possible.<\/p><p>It is addressed to all people, regardless of their origin, political, or religious orientation, who are involved in elaborating and developing new ideas aiming at social and democratic progress for all.<\/p><p>So we are here for<\/p><ul><li>citizens wishing to participate in the development of democracy<\/li><li>organizations, groups, or formal and informal collectives<\/li><li class=\"translation-block\">people, such as undocumented migrants, homeless people and all those who, for whatever reason, are not registered on the communal electoral lists.<\/li><\/ul><p>In an increasingly tough political and economic situation, it is indeed essential that minorities, those expelled, and the \"invisibles\" express themselves, that they are included in the social, civic, and political life and that their opinions are taken into account.<\/p>\t\t\t\t\t\t\t\t<\/div>\n\t\t\t\t<\/div>\n\t\t\t\t\t<\/div>\n\t\t<\/div>\n\t\t\t\t\t<\/div>\n\t\t<\/section>\n\t\t\t\t<\/div>","protected":false},"excerpt":{"rendered":"<p>Le but de la Maison du Peuple d\u2019Europe &nbsp;est d&rsquo;attirer un public aussi diversifi\u00e9 que possible. Elle s\u2019adresse \u00e0 toute personne, quelle que soit son origine, ses orientations politique ou religieuse, qui est partie prenante dans l&rsquo;\u00e9laboration et le d\u00e9veloppement de nouvelles id\u00e9es visant le progr\u00e8s social et d\u00e9mocratique pour tous. Nous nous adressons donc &hellip;<\/p>\n<p class=\"read-more\"> <a class=\"\" href=\"https:\/\/mpevh.be\/en\/pour-qui-une-mpe\/\"> <span class=\"screen-reader-text\">For whom a CHE<\/span> Read More &raquo;<\/a><\/p>","protected":false},"author":11,"featured_media":0,"parent":0,"menu_order":0,"comment_status":"closed","ping_status":"closed","template":"","meta":{"site-sidebar-layout":"default","site-content-layout":"default","ast-site-content-layout":"","site-content-style":"default","site-sidebar-style":"default","ast-global-header-display":"","ast-banner-title-visibility":"","ast-main-header-display":"","ast-hfb-above-header-display":"","ast-hfb-below-header-display":"","ast-hfb-mobile-header-display":"","site-post-title":"","ast-breadcrumbs-content":"","ast-featured-img":"","footer-sml-layout":"","theme-transparent-header-meta":"default","adv-header-id-meta":"","stick-header-meta":"","header-above-stick-meta":"","header-main-stick-meta":"","header-below-stick-meta":"","astra-migrate-meta-layouts":"default","ast-page-background-enabled":"default","ast-page-background-meta":{"desktop":{"background-color":"var(--ast-global-color-4)","background-image":"","background-repeat":"repeat","background-position":"center center","background-size":"auto","background-attachment":"scroll","background-type":"","background-media":"","overlay-type":"","overlay-color":"","overlay-gradient":""},"tablet":{"background-color":"","background-image":"","background-repeat":"repeat","background-position":"center center","background-size":"auto","background-attachment":"scroll","background-type":"","background-media":"","overlay-type":"","overlay-color":"","overlay-gradient":""},"mobile":{"background-color":"","background-image":"","background-repeat":"repeat","background-position":"center center","background-size":"auto","background-attachment":"scroll","background-type":"","background-media":"","overlay-type":"","overlay-color":"","overlay-gradient":""}},"ast-content-background-meta":{"desktop":{"background-color":"var(--ast-global-color-5)","background-image":"","background-repeat":"repeat","background-position":"center center","background-size":"auto","background-attachment":"scroll","background-type":"","background-media":"","overlay-type":"","overlay-color":"","overlay-gradient":""},"tablet":{"background-color":"var(--ast-global-color-5)","background-image":"","background-repeat":"repeat","background-position":"center center","background-size":"auto","background-attachment":"scroll","background-type":"","background-media":"","overlay-type":"","overlay-color":"","overlay-gradient":""},"mobile":{"background-color":"var(--ast-global-color-5)","background-image":"","background-repeat":"repeat","background-position":"center center","background-size":"auto","background-attachment":"scroll","background-type":"","background-media":"","overlay-type":"","overlay-color":"","overlay-gradient":""}},"footnotes":""},"class_list":["post-41","page","type-page","status-publish","hentry"],"yoast_head":"<!-- This site is optimized with the Yoast SEO plugin v27.3 - https:\/\/yoast.com\/product\/yoast-seo-wordpress\/ -->\n<title>Pour qui une MPEVH ? -<\/title>\n<meta name=\"robots\" content=\"index, follow, max-snippet:-1, max-image-preview:large, max-video-preview:-1\" \/>\n<link rel=\"canonical\" href=\"https:\/\/mpevh.be\/en\/accueil\/pour-qui-une-mpe\/\" \/>\n<meta property=\"og:locale\" content=\"en_US\" \/>\n<meta property=\"og:type\" content=\"article\" \/>\n<meta property=\"og:title\" content=\"Pour qui une MPEVH ? -\" \/>\n<meta property=\"og:description\" content=\"Le but de la Maison du Peuple d\u2019Europe &nbsp;est d&rsquo;attirer un public aussi diversifi\u00e9 que possible. Elle s\u2019adresse \u00e0 toute personne, quelle que soit son origine, ses orientations politique ou religieuse, qui est partie prenante dans l&rsquo;\u00e9laboration et le d\u00e9veloppement de nouvelles id\u00e9es visant le progr\u00e8s social et d\u00e9mocratique pour tous. Nous nous adressons donc &hellip; Pour qui une MPEVH ? Read More &raquo;\" \/>\n<meta property=\"og:url\" content=\"https:\/\/mpevh.be\/en\/accueil\/pour-qui-une-mpe\/\" \/>\n<meta property=\"article:publisher\" content=\"https:\/\/www.facebook.com\/maisondupeupledeurope\" \/>\n<meta property=\"article:modified_time\" content=\"2024-04-10T05:02:41+00:00\" \/>\n<meta property=\"og:image\" content=\"https:\/\/mpevh.be\/wp-content\/uploads\/2021\/09\/Picture1flag.jpg\" \/>\n\t<meta property=\"og:image:width\" content=\"656\" \/>\n\t<meta property=\"og:image:height\" content=\"1106\" \/>\n\t<meta property=\"og:image:type\" content=\"image\/jpeg\" \/>\n<meta name=\"twitter:card\" content=\"summary_large_image\" \/>\n<meta name=\"twitter:label1\" content=\"Est. reading time\" \/>\n\t<meta name=\"twitter:data1\" content=\"1 minute\" \/>\n<script type=\"application\/ld+json\" class=\"yoast-schema-graph\">{\"@context\":\"https:\\\/\\\/schema.org\",\"@graph\":[{\"@type\":\"WebPage\",\"@id\":\"https:\\\/\\\/mpevh.be\\\/accueil\\\/pour-qui-une-mpe\\\/\",\"url\":\"https:\\\/\\\/mpevh.be\\\/accueil\\\/pour-qui-une-mpe\\\/\",\"name\":\"Pour qui une MPEVH ? -\",\"isPartOf\":{\"@id\":\"https:\\\/\\\/mpevh.be\\\/#website\"},\"datePublished\":\"2021-09-10T18:43:24+00:00\",\"dateModified\":\"2024-04-10T05:02:41+00:00\",\"breadcrumb\":{\"@id\":\"https:\\\/\\\/mpevh.be\\\/accueil\\\/pour-qui-une-mpe\\\/#breadcrumb\"},\"inLanguage\":\"en-US\",\"potentialAction\":[{\"@type\":\"ReadAction\",\"target\":[\"https:\\\/\\\/mpevh.be\\\/accueil\\\/pour-qui-une-mpe\\\/\"]}]},{\"@type\":\"BreadcrumbList\",\"@id\":\"https:\\\/\\\/mpevh.be\\\/accueil\\\/pour-qui-une-mpe\\\/#breadcrumb\",\"itemListElement\":[{\"@type\":\"ListItem\",\"position\":1,\"name\":\"Home\",\"item\":\"https:\\\/\\\/mpevh.be\\\/\"},{\"@type\":\"ListItem\",\"position\":2,\"name\":\"Pour qui une MPEVH ?\"}]},{\"@type\":\"WebSite\",\"@id\":\"https:\\\/\\\/mpevh.be\\\/#website\",\"url\":\"https:\\\/\\\/mpevh.be\\\/\",\"name\":\"Maison du Peuple d\u2019Europe\",\"description\":\"\",\"publisher\":{\"@id\":\"https:\\\/\\\/mpevh.be\\\/#organization\"},\"potentialAction\":[{\"@type\":\"SearchAction\",\"target\":{\"@type\":\"EntryPoint\",\"urlTemplate\":\"https:\\\/\\\/mpevh.be\\\/?s={search_term_string}\"},\"query-input\":{\"@type\":\"PropertyValueSpecification\",\"valueRequired\":true,\"valueName\":\"search_term_string\"}}],\"inLanguage\":\"en-US\"},{\"@type\":\"Organization\",\"@id\":\"https:\\\/\\\/mpevh.be\\\/#organization\",\"name\":\"Maison du Peuple d\u2019Europe\",\"url\":\"https:\\\/\\\/mpevh.be\\\/\",\"logo\":{\"@type\":\"ImageObject\",\"inLanguage\":\"en-US\",\"@id\":\"https:\\\/\\\/mpevh.be\\\/#\\\/schema\\\/logo\\\/image\\\/\",\"url\":\"https:\\\/\\\/mpevh.be\\\/wp-content\\\/uploads\\\/2021\\\/09\\\/cropped-mpelogov31-1.png\",\"contentUrl\":\"https:\\\/\\\/mpevh.be\\\/wp-content\\\/uploads\\\/2021\\\/09\\\/cropped-mpelogov31-1.png\",\"width\":556,\"height\":243,\"caption\":\"Maison du Peuple d\u2019Europe\"},\"image\":{\"@id\":\"https:\\\/\\\/mpevh.be\\\/#\\\/schema\\\/logo\\\/image\\\/\"},\"sameAs\":[\"https:\\\/\\\/www.facebook.com\\\/maisondupeupledeurope\"]}]}<\/script>\n<!-- \/ Yoast SEO plugin. -->","yoast_head_json":{"title":"Pour qui une MPEVH ? -","robots":{"index":"index","follow":"follow","max-snippet":"max-snippet:-1","max-image-preview":"max-image-preview:large","max-video-preview":"max-video-preview:-1"},"canonical":"https:\/\/mpevh.be\/en\/accueil\/pour-qui-une-mpe\/","og_locale":"en_US","og_type":"article","og_title":"Pour qui une MPEVH ? -","og_description":"Le but de la Maison du Peuple d\u2019Europe &nbsp;est d&rsquo;attirer un public aussi diversifi\u00e9 que possible. Elle s\u2019adresse \u00e0 toute personne, quelle que soit son origine, ses orientations politique ou religieuse, qui est partie prenante dans l&rsquo;\u00e9laboration et le d\u00e9veloppement de nouvelles id\u00e9es visant le progr\u00e8s social et d\u00e9mocratique pour tous. Nous nous adressons donc &hellip; Pour qui une MPEVH ? Read More &raquo;","og_url":"https:\/\/mpevh.be\/en\/accueil\/pour-qui-une-mpe\/","article_publisher":"https:\/\/www.facebook.com\/maisondupeupledeurope","article_modified_time":"2024-04-10T05:02:41+00:00","og_image":[{"width":656,"height":1106,"url":"https:\/\/mpevh.be\/wp-content\/uploads\/2021\/09\/Picture1flag.jpg","type":"image\/jpeg"}],"twitter_card":"summary_large_image","twitter_misc":{"Est. reading time":"1 minute"},"schema":{"@context":"https:\/\/schema.org","@graph":[{"@type":"WebPage","@id":"https:\/\/mpevh.be\/accueil\/pour-qui-une-mpe\/","url":"https:\/\/mpevh.be\/accueil\/pour-qui-une-mpe\/","name":"Pour qui une MPEVH ? -","isPartOf":{"@id":"https:\/\/mpevh.be\/#website"},"datePublished":"2021-09-10T18:43:24+00:00","dateModified":"2024-04-10T05:02:41+00:00","breadcrumb":{"@id":"https:\/\/mpevh.be\/accueil\/pour-qui-une-mpe\/#breadcrumb"},"inLanguage":"en-US","potentialAction":[{"@type":"ReadAction","target":["https:\/\/mpevh.be\/accueil\/pour-qui-une-mpe\/"]}]},{"@type":"BreadcrumbList","@id":"https:\/\/mpevh.be\/accueil\/pour-qui-une-mpe\/#breadcrumb","itemListElement":[{"@type":"ListItem","position":1,"name":"Home","item":"https:\/\/mpevh.be\/"},{"@type":"ListItem","position":2,"name":"Pour qui une MPEVH ?"}]},{"@type":"WebSite","@id":"https:\/\/mpevh.be\/#website","url":"https:\/\/mpevh.be\/","name":"Maison du Peuple d\u2019Europe","description":"","publisher":{"@id":"https:\/\/mpevh.be\/#organization"},"potentialAction":[{"@type":"SearchAction","target":{"@type":"EntryPoint","urlTemplate":"https:\/\/mpevh.be\/?s={search_term_string}"},"query-input":{"@type":"PropertyValueSpecification","valueRequired":true,"valueName":"search_term_string"}}],"inLanguage":"en-US"},{"@type":"Organization","@id":"https:\/\/mpevh.be\/#organization","name":"Maison du Peuple d\u2019Europe","url":"https:\/\/mpevh.be\/","logo":{"@type":"ImageObject","inLanguage":"en-US","@id":"https:\/\/mpevh.be\/#\/schema\/logo\/image\/","url":"https:\/\/mpevh.be\/wp-content\/uploads\/2021\/09\/cropped-mpelogov31-1.png","contentUrl":"https:\/\/mpevh.be\/wp-content\/uploads\/2021\/09\/cropped-mpelogov31-1.png","width":556,"height":243,"caption":"Maison du Peuple d\u2019Europe"},"image":{"@id":"https:\/\/mpevh.be\/#\/schema\/logo\/image\/"},"sameAs":["https:\/\/www.facebook.com\/maisondupeupledeurope"]}]}},"_links":{"self":[{"href":"https:\/\/mpevh.be\/en\/wp-json\/wp\/v2\/pages\/41","targetHints":{"allow":["GET"]}}],"collection":[{"href":"https:\/\/mpevh.be\/en\/wp-json\/wp\/v2\/pages"}],"about":[{"href":"https:\/\/mpevh.be\/en\/wp-json\/wp\/v2\/types\/page"}],"author":[{"embeddable":true,"href":"https:\/\/mpevh.be\/en\/wp-json\/wp\/v2\/users\/11"}],"replies":[{"embeddable":true,"href":"https:\/\/mpevh.be\/en\/wp-json\/wp\/v2\/comments?post=41"}],"version-history":[{"count":12,"href":"https:\/\/mpevh.be\/en\/wp-json\/wp\/v2\/pages\/41\/revisions"}],"predecessor-version":[{"id":1986,"href":"https:\/\/mpevh.be\/en\/wp-json\/wp\/v2\/pages\/41\/revisions\/1986"}],"wp:attachment":[{"href":"https:\/\/mpevh.be\/en\/wp-json\/wp\/v2\/media?parent=41"}],"curies":[{"name":"wp","href":"https:\/\/api.w.org\/{rel}","templated":true}]}}