{"id":3713,"date":"2023-04-12T10:24:19","date_gmt":"2023-04-12T08:24:19","guid":{"rendered":"https:\/\/mpevh.be\/?page_id=3713"},"modified":"2024-12-10T07:27:53","modified_gmt":"2024-12-10T06:27:53","slug":"3713-2","status":"publish","type":"page","link":"https:\/\/mpevh.be\/en\/3713-2\/","title":{"rendered":"WELCOME PATATAS"},"content":{"rendered":"<div data-elementor-type=\"wp-page\" data-elementor-id=\"3713\" class=\"elementor elementor-3713\">\n\t\t\t\t\t\t<section class=\"elementor-section elementor-top-section elementor-element elementor-element-b8a5d61 elementor-section-boxed elementor-section-height-default elementor-section-height-default\" data-id=\"b8a5d61\" data-element_type=\"section\" data-e-type=\"section\">\n\t\t\t\t\t\t<div class=\"elementor-container elementor-column-gap-no\">\n\t\t\t\t\t<div class=\"elementor-column elementor-col-100 elementor-top-column elementor-element elementor-element-b4919b3\" data-id=\"b4919b3\" data-element_type=\"column\" data-e-type=\"column\">\n\t\t\t<div class=\"elementor-widget-wrap elementor-element-populated\">\n\t\t\t\t\t\t<div class=\"elementor-element elementor-element-035ae0b elementor-widget elementor-widget-image\" data-id=\"035ae0b\" data-element_type=\"widget\" data-e-type=\"widget\" data-widget_type=\"image.default\">\n\t\t\t\t<div class=\"elementor-widget-container\">\n\t\t\t\t\t\t\t\t\t\t\t\t\t\t\t<img decoding=\"async\" src=\"https:\/\/mpevh.be\/wp-content\/uploads\/2023\/04\/IMG-20230404-WA0000-2-e1682840982594.jpg\" title=\"\" alt=\"\" loading=\"lazy\" \/>\t\t\t\t\t\t\t\t\t\t\t\t\t\t\t<\/div>\n\t\t\t\t<\/div>\n\t\t\t\t<div class=\"elementor-element elementor-element-b7f5eca elementor-absolute elementor-widget__width-auto elementor-widget elementor-widget-text-editor\" data-id=\"b7f5eca\" data-element_type=\"widget\" data-e-type=\"widget\" data-settings=\"{&quot;_position&quot;:&quot;absolute&quot;}\" data-widget_type=\"text-editor.default\">\n\t\t\t\t<div class=\"elementor-widget-container\">\n\t\t\t\t\t\t\t\t\t<p>Welcome Patatas \u2013 F\u00eate de la rencontre, du m\u00e9lange et de la compl\u00e9mentarit\u00e9<\/p>\t\t\t\t\t\t\t\t<\/div>\n\t\t\t\t<\/div>\n\t\t\t\t\t<\/div>\n\t\t<\/div>\n\t\t\t\t\t<\/div>\n\t\t<\/section>\n\t\t\t\t<section class=\"elementor-section elementor-top-section elementor-element elementor-element-0f388ed elementor-section-boxed elementor-section-height-default elementor-section-height-default\" data-id=\"0f388ed\" data-element_type=\"section\" data-e-type=\"section\">\n\t\t\t\t\t\t<div class=\"elementor-container elementor-column-gap-no\">\n\t\t\t\t\t<div class=\"elementor-column elementor-col-50 elementor-top-column elementor-element elementor-element-c6459e1\" data-id=\"c6459e1\" data-element_type=\"column\" data-e-type=\"column\">\n\t\t\t<div class=\"elementor-widget-wrap elementor-element-populated\">\n\t\t\t\t\t\t<div class=\"elementor-element elementor-element-6e00971 elementor-widget elementor-widget-text-editor\" data-id=\"6e00971\" data-element_type=\"widget\" data-e-type=\"widget\" data-widget_type=\"text-editor.default\">\n\t\t\t\t<div class=\"elementor-widget-container\">\n\t\t\t\t\t\t\t\t\t<h6>\u00a0\u00a0 Le 14 octobre\u00a0 2023, sur la place Jean Rey, dans le cadre de la journ\u00e9e porte ouverte des institutions europ\u00e9ennes, tou.te.s les habitant.e.s de Bruxelles, ind\u00e9pendemment de leur origine, sont invit\u00e9.e.s \u00e0 partir de 17h \u00e0 un \u00e9v\u00e8nement de rencontres interculturelles qui s\u2019articulera autour d\u2019un d\u00e9bat participatif, de la d\u00e9gustation de pommes de terre et de la musique participative<\/h6>\t\t\t\t\t\t\t\t<\/div>\n\t\t\t\t<\/div>\n\t\t\t\t<div class=\"elementor-element elementor-element-38fd9e8 elementor-widget elementor-widget-image\" data-id=\"38fd9e8\" data-element_type=\"widget\" data-e-type=\"widget\" data-widget_type=\"image.default\">\n\t\t\t\t<div class=\"elementor-widget-container\">\n\t\t\t\t\t\t\t\t\t\t\t\t\t\t\t<img decoding=\"async\" src=\"https:\/\/mpevh.be\/wp-content\/uploads\/2023\/04\/0.jpg\" title=\"\" alt=\"\" loading=\"lazy\" \/>\t\t\t\t\t\t\t\t\t\t\t\t\t\t\t<\/div>\n\t\t\t\t<\/div>\n\t\t\t\t\t<\/div>\n\t\t<\/div>\n\t\t\t\t<div class=\"elementor-column elementor-col-50 elementor-top-column elementor-element elementor-element-6786abe\" data-id=\"6786abe\" data-element_type=\"column\" data-e-type=\"column\">\n\t\t\t<div class=\"elementor-widget-wrap elementor-element-populated\">\n\t\t\t\t\t\t<div class=\"elementor-element elementor-element-1b931e3 elementor-widget elementor-widget-heading\" data-id=\"1b931e3\" data-element_type=\"widget\" data-e-type=\"widget\" data-widget_type=\"heading.default\">\n\t\t\t\t<div class=\"elementor-widget-container\">\n\t\t\t\t\t<h2 class=\"elementor-heading-title elementor-size-default\">Participatory debate<\/h2>\t\t\t\t<\/div>\n\t\t\t\t<\/div>\n\t\t\t\t<div class=\"elementor-element elementor-element-1d90f9c elementor-widget elementor-widget-text-editor\" data-id=\"1d90f9c\" data-element_type=\"widget\" data-e-type=\"widget\" data-widget_type=\"text-editor.default\">\n\t\t\t\t<div class=\"elementor-widget-container\">\n\t\t\t\t\t\t\t\t\t<div class=\"adM\">\u00a0<\/div><div data-smartmail=\"gmail_signature\">Il s&rsquo;agit de stimuler un \u00e9change entre Bruxellois, expats, migrants o\u00f9 l&rsquo;humain passe en priorit\u00e9 et qui souligne l&rsquo;importance des mots et des images en mati\u00e8re d&rsquo;identit\u00e9 et de st\u00e9r\u00e9otypes. Car apprendre \u00e0 se parler et \u00e0 s&rsquo;entendre est le premier pas vers l&rsquo;acceptation et l&rsquo;inclusion de l&rsquo;autre<\/div>\t\t\t\t\t\t\t\t<\/div>\n\t\t\t\t<\/div>\n\t\t\t\t<div class=\"elementor-element elementor-element-a02fd93 elementor-widget elementor-widget-heading\" data-id=\"a02fd93\" data-element_type=\"widget\" data-e-type=\"widget\" data-widget_type=\"heading.default\">\n\t\t\t\t<div class=\"elementor-widget-container\">\n\t\t\t\t\t<h2 class=\"elementor-heading-title elementor-size-default\">Hot meal &amp; cold drink <\/h2>\t\t\t\t<\/div>\n\t\t\t\t<\/div>\n\t\t\t\t<div class=\"elementor-element elementor-element-dbdcaca elementor-widget elementor-widget-text-editor\" data-id=\"dbdcaca\" data-element_type=\"widget\" data-e-type=\"widget\" data-widget_type=\"text-editor.default\">\n\t\t\t\t<div class=\"elementor-widget-container\">\n\t\t\t\t\t\t\t\t\t<div dir=\"auto\"><h6>Il y aura le repas chaud, distribu\u00e9s par les serveurs officiels au buffet. A cette occasion, nous placerons des tables et des chaises.Le repas est \u00e9valu\u00e9 \u00e0 un prix co\u00fbtant de 5 euros. Le prix du repas pour les personnes en situation de fragilit\u00e9 (ch\u00f4meurs, sans-abris, sans-papiers) est \u00e9valu\u00e9 \u00e0 1 euro.Quant aux boissons, elles seront payantes, mais nous mettrons en place le syst\u00e8me des boissons suspendues.<\/h6><p><span style=\"color: #ff00ff; font-size: 14pt;\">Water is free for everyone<\/span><\/p><\/div>\t\t\t\t\t\t\t\t<\/div>\n\t\t\t\t<\/div>\n\t\t\t\t<div class=\"elementor-element elementor-element-dca4471 elementor-widget elementor-widget-heading\" data-id=\"dca4471\" data-element_type=\"widget\" data-e-type=\"widget\" data-widget_type=\"heading.default\">\n\t\t\t\t<div class=\"elementor-widget-container\">\n\t\t\t\t\t<h2 class=\"elementor-heading-title elementor-size-default\">Participatory concert<\/h2>\t\t\t\t<\/div>\n\t\t\t\t<\/div>\n\t\t\t\t<div class=\"elementor-element elementor-element-62eb0ed elementor-widget elementor-widget-text-editor\" data-id=\"62eb0ed\" data-element_type=\"widget\" data-e-type=\"widget\" data-widget_type=\"text-editor.default\">\n\t\t\t\t<div class=\"elementor-widget-container\">\n\t\t\t\t\t\t\t\t\t<h6 dir=\"auto\">\u00a0Les artistes (hommes et femmes) animeront la soir\u00e9e, en nous donnant un avant go\u00fbt de leur musique et en essayant d\u2019y m\u00e9langer l\u2019art de l\u2019autre. Ils\/elles chanterons des chansons propos\u00e9es par le public qui aura particip\u00e9 \u00e0 un atelier slam cr\u00e9atif. Du hurlement de l\u2019art, on va vers un message universel de justice et d\u2019\u00e9galit\u00e9.<\/h6>\t\t\t\t\t\t\t\t<\/div>\n\t\t\t\t<\/div>\n\t\t\t\t<div class=\"elementor-element elementor-element-1021bcc elementor-absolute elementor-widget elementor-widget-heading\" data-id=\"1021bcc\" data-element_type=\"widget\" data-e-type=\"widget\" data-settings=\"{&quot;_position&quot;:&quot;absolute&quot;}\" data-widget_type=\"heading.default\">\n\t\t\t\t<div class=\"elementor-widget-container\">\n\t\t\t\t\t<h2 class=\"elementor-heading-title elementor-size-default\">La soir\u00e9e est pr\u00e9vue pour\u00a0Le 14 octobre  2023 de 19h30 \u00e0 22h -Place Jean Rey. Bruxelles 1000<\/h2>\t\t\t\t<\/div>\n\t\t\t\t<\/div>\n\t\t\t\t\t<\/div>\n\t\t<\/div>\n\t\t\t\t\t<\/div>\n\t\t<\/section>\n\t\t\t\t<section class=\"elementor-section elementor-top-section elementor-element elementor-element-7038090 elementor-section-boxed elementor-section-height-default elementor-section-height-default\" data-id=\"7038090\" data-element_type=\"section\" data-e-type=\"section\">\n\t\t\t\t\t\t<div class=\"elementor-container elementor-column-gap-default\">\n\t\t\t\t\t<div class=\"elementor-column elementor-col-100 elementor-top-column elementor-element elementor-element-863844e\" data-id=\"863844e\" data-element_type=\"column\" data-e-type=\"column\">\n\t\t\t<div class=\"elementor-widget-wrap elementor-element-populated\">\n\t\t\t\t\t\t<section class=\"elementor-section elementor-inner-section elementor-element elementor-element-7c2577b elementor-section-boxed elementor-section-height-default elementor-section-height-default\" data-id=\"7c2577b\" data-element_type=\"section\" data-e-type=\"section\">\n\t\t\t\t\t\t<div class=\"elementor-container elementor-column-gap-default\">\n\t\t\t\t\t<div class=\"elementor-column elementor-col-50 elementor-inner-column elementor-element elementor-element-bd4c3ae\" data-id=\"bd4c3ae\" data-element_type=\"column\" data-e-type=\"column\">\n\t\t\t<div class=\"elementor-widget-wrap elementor-element-populated\">\n\t\t\t\t\t\t<div class=\"elementor-element elementor-element-bbc2df4 elementor-widget elementor-widget-image\" data-id=\"bbc2df4\" data-element_type=\"widget\" data-e-type=\"widget\" data-widget_type=\"image.default\">\n\t\t\t\t<div class=\"elementor-widget-container\">\n\t\t\t\t\t\t\t\t\t\t\t\t\t\t\t<img decoding=\"async\" width=\"150\" height=\"82\" src=\"https:\/\/mpevh.be\/wp-content\/uploads\/2023\/05\/IMG-20230404-WA0000-2-e1685397101127.jpg\" class=\"attachment-full size-full wp-image-8935\" alt=\"\" srcset=\"https:\/\/mpevh.be\/wp-content\/uploads\/2023\/05\/IMG-20230404-WA0000-2-e1685397101127.jpg 150w, https:\/\/mpevh.be\/wp-content\/uploads\/2023\/05\/IMG-20230404-WA0000-2-e1685397101127-18x10.jpg 18w\" sizes=\"(max-width: 150px) 100vw, 150px\" \/>\t\t\t\t\t\t\t\t\t\t\t\t\t\t\t<\/div>\n\t\t\t\t<\/div>\n\t\t\t\t\t<\/div>\n\t\t<\/div>\n\t\t\t\t<div class=\"elementor-column elementor-col-50 elementor-inner-column elementor-element elementor-element-ee43fb7\" data-id=\"ee43fb7\" data-element_type=\"column\" data-e-type=\"column\">\n\t\t\t<div class=\"elementor-widget-wrap\">\n\t\t\t\t\t\t\t<\/div>\n\t\t<\/div>\n\t\t\t\t\t<\/div>\n\t\t<\/section>\n\t\t\t\t<section class=\"elementor-section elementor-inner-section elementor-element elementor-element-333c440 elementor-section-boxed elementor-section-height-default elementor-section-height-default\" data-id=\"333c440\" data-element_type=\"section\" data-e-type=\"section\">\n\t\t\t\t\t\t<div class=\"elementor-container elementor-column-gap-default\">\n\t\t\t\t\t<div class=\"elementor-column elementor-col-50 elementor-inner-column elementor-element elementor-element-53acbab\" data-id=\"53acbab\" data-element_type=\"column\" data-e-type=\"column\">\n\t\t\t<div class=\"elementor-widget-wrap elementor-element-populated\">\n\t\t\t\t\t\t<div class=\"elementor-element elementor-element-502645d elementor-widget elementor-widget-text-editor\" data-id=\"502645d\" data-element_type=\"widget\" data-e-type=\"widget\" data-widget_type=\"text-editor.default\">\n\t\t\t\t<div class=\"elementor-widget-container\">\n\t\t\t\t\t\t\t\t\t<p>Lorem ipsum dolor sit amet, consectetur adipiscing elit. Ut elit tellus, luctus nec ullamcorper mattis, pulvinar dapibus leo.<\/p>\t\t\t\t\t\t\t\t<\/div>\n\t\t\t\t<\/div>\n\t\t\t\t\t<\/div>\n\t\t<\/div>\n\t\t\t\t<div class=\"elementor-column elementor-col-50 elementor-inner-column elementor-element elementor-element-26427bb\" data-id=\"26427bb\" data-element_type=\"column\" data-e-type=\"column\">\n\t\t\t<div class=\"elementor-widget-wrap\">\n\t\t\t\t\t\t\t<\/div>\n\t\t<\/div>\n\t\t\t\t\t<\/div>\n\t\t<\/section>\n\t\t\t\t\t<\/div>\n\t\t<\/div>\n\t\t\t\t\t<\/div>\n\t\t<\/section>\n\t\t\t\t<\/div>","protected":false},"excerpt":{"rendered":"<p>Welcome Patatas \u2013 F\u00eate de la rencontre, du m\u00e9lange et de la compl\u00e9mentarit\u00e9 \u00a0\u00a0 Le 14 octobre\u00a0 2023, sur la place Jean Rey, dans le cadre de la journ\u00e9e porte ouverte des institutions europ\u00e9ennes, tou.te.s les habitant.e.s de Bruxelles, ind\u00e9pendemment de leur origine, sont invit\u00e9.e.s \u00e0 partir de 17h \u00e0 un \u00e9v\u00e8nement de rencontres interculturelles &hellip;<\/p>\n<p class=\"read-more\"> <a class=\"\" href=\"https:\/\/mpevh.be\/en\/3713-2\/\"> <span class=\"screen-reader-text\">WELCOME PATATAS<\/span> Read More &raquo;<\/a><\/p>","protected":false},"author":17,"featured_media":0,"parent":0,"menu_order":0,"comment_status":"closed","ping_status":"closed","template":"","meta":{"site-sidebar-layout":"default","site-content-layout":"","ast-site-content-layout":"default","site-content-style":"default","site-sidebar-style":"default","ast-global-header-display":"","ast-banner-title-visibility":"","ast-main-header-display":"","ast-hfb-above-header-display":"","ast-hfb-below-header-display":"","ast-hfb-mobile-header-display":"","site-post-title":"","ast-breadcrumbs-content":"","ast-featured-img":"","footer-sml-layout":"","theme-transparent-header-meta":"","adv-header-id-meta":"","stick-header-meta":"","header-above-stick-meta":"","header-main-stick-meta":"","header-below-stick-meta":"","astra-migrate-meta-layouts":"set","ast-page-background-enabled":"default","ast-page-background-meta":{"desktop":{"background-color":"var(--ast-global-color-4)","background-image":"","background-repeat":"repeat","background-position":"center center","background-size":"auto","background-attachment":"scroll","background-type":"","background-media":"","overlay-type":"","overlay-color":"","overlay-gradient":""},"tablet":{"background-color":"","background-image":"","background-repeat":"repeat","background-position":"center center","background-size":"auto","background-attachment":"scroll","background-type":"","background-media":"","overlay-type":"","overlay-color":"","overlay-gradient":""},"mobile":{"background-color":"","background-image":"","background-repeat":"repeat","background-position":"center center","background-size":"auto","background-attachment":"scroll","background-type":"","background-media":"","overlay-type":"","overlay-color":"","overlay-gradient":""}},"ast-content-background-meta":{"desktop":{"background-color":"var(--ast-global-color-5)","background-image":"","background-repeat":"repeat","background-position":"center center","background-size":"auto","background-attachment":"scroll","background-type":"","background-media":"","overlay-type":"","overlay-color":"","overlay-gradient":""},"tablet":{"background-color":"var(--ast-global-color-5)","background-image":"","background-repeat":"repeat","background-position":"center center","background-size":"auto","background-attachment":"scroll","background-type":"","background-media":"","overlay-type":"","overlay-color":"","overlay-gradient":""},"mobile":{"background-color":"var(--ast-global-color-5)","background-image":"","background-repeat":"repeat","background-position":"center center","background-size":"auto","background-attachment":"scroll","background-type":"","background-media":"","overlay-type":"","overlay-color":"","overlay-gradient":""}},"footnotes":""},"class_list":["post-3713","page","type-page","status-publish","hentry"],"yoast_head":"<!-- This site is optimized with the Yoast SEO plugin v27.5 - https:\/\/yoast.com\/product\/yoast-seo-wordpress\/ -->\n<title>WELCOME PATATAS -<\/title>\n<meta name=\"robots\" content=\"index, follow, max-snippet:-1, max-image-preview:large, max-video-preview:-1\" \/>\n<link rel=\"canonical\" href=\"https:\/\/mpevh.be\/en\/3713-2\/\" \/>\n<meta property=\"og:locale\" content=\"en_US\" \/>\n<meta property=\"og:type\" content=\"article\" \/>\n<meta property=\"og:title\" content=\"WELCOME PATATAS -\" \/>\n<meta property=\"og:description\" content=\"Welcome Patatas \u2013 F\u00eate de la rencontre, du m\u00e9lange et de la compl\u00e9mentarit\u00e9 \u00a0\u00a0 Le 14 octobre\u00a0 2023, sur la place Jean Rey, dans le cadre de la journ\u00e9e porte ouverte des institutions europ\u00e9ennes, tou.te.s les habitant.e.s de Bruxelles, ind\u00e9pendemment de leur origine, sont invit\u00e9.e.s \u00e0 partir de 17h \u00e0 un \u00e9v\u00e8nement de rencontres interculturelles &hellip; WELCOME PATATAS Read More &raquo;\" \/>\n<meta property=\"og:url\" content=\"https:\/\/mpevh.be\/en\/3713-2\/\" \/>\n<meta property=\"article:publisher\" content=\"https:\/\/www.facebook.com\/maisondupeupledeurope\" \/>\n<meta property=\"article:modified_time\" content=\"2024-12-10T06:27:53+00:00\" \/>\n<meta property=\"og:image\" content=\"https:\/\/mpevh.be\/wp-content\/uploads\/2023\/04\/IMG-20230404-WA0000-2-e1682840982594.jpg\" \/>\n<meta name=\"twitter:card\" content=\"summary_large_image\" \/>\n<meta name=\"twitter:label1\" content=\"Est. reading time\" \/>\n\t<meta name=\"twitter:data1\" content=\"2 minutes\" \/>\n<script type=\"application\/ld+json\" class=\"yoast-schema-graph\">{\"@context\":\"https:\\\/\\\/schema.org\",\"@graph\":[{\"@type\":\"WebPage\",\"@id\":\"https:\\\/\\\/mpevh.be\\\/3713-2\\\/\",\"url\":\"https:\\\/\\\/mpevh.be\\\/3713-2\\\/\",\"name\":\"WELCOME PATATAS -\",\"isPartOf\":{\"@id\":\"https:\\\/\\\/mpevh.be\\\/#website\"},\"primaryImageOfPage\":{\"@id\":\"https:\\\/\\\/mpevh.be\\\/3713-2\\\/#primaryimage\"},\"image\":{\"@id\":\"https:\\\/\\\/mpevh.be\\\/3713-2\\\/#primaryimage\"},\"thumbnailUrl\":\"https:\\\/\\\/mpevh.be\\\/wp-content\\\/uploads\\\/2023\\\/04\\\/IMG-20230404-WA0000-2-e1682840982594.jpg\",\"datePublished\":\"2023-04-12T08:24:19+00:00\",\"dateModified\":\"2024-12-10T06:27:53+00:00\",\"breadcrumb\":{\"@id\":\"https:\\\/\\\/mpevh.be\\\/3713-2\\\/#breadcrumb\"},\"inLanguage\":\"en-US\",\"potentialAction\":[{\"@type\":\"ReadAction\",\"target\":[\"https:\\\/\\\/mpevh.be\\\/3713-2\\\/\"]}]},{\"@type\":\"ImageObject\",\"inLanguage\":\"en-US\",\"@id\":\"https:\\\/\\\/mpevh.be\\\/3713-2\\\/#primaryimage\",\"url\":\"https:\\\/\\\/mpevh.be\\\/wp-content\\\/uploads\\\/2023\\\/04\\\/IMG-20230404-WA0000-2-e1682840982594.jpg\",\"contentUrl\":\"https:\\\/\\\/mpevh.be\\\/wp-content\\\/uploads\\\/2023\\\/04\\\/IMG-20230404-WA0000-2-e1682840982594.jpg\"},{\"@type\":\"BreadcrumbList\",\"@id\":\"https:\\\/\\\/mpevh.be\\\/3713-2\\\/#breadcrumb\",\"itemListElement\":[{\"@type\":\"ListItem\",\"position\":1,\"name\":\"Home\",\"item\":\"https:\\\/\\\/mpevh.be\\\/\"},{\"@type\":\"ListItem\",\"position\":2,\"name\":\"WELCOME PATATAS\"}]},{\"@type\":\"WebSite\",\"@id\":\"https:\\\/\\\/mpevh.be\\\/#website\",\"url\":\"https:\\\/\\\/mpevh.be\\\/\",\"name\":\"Maison du Peuple d\u2019Europe\",\"description\":\"\",\"publisher\":{\"@id\":\"https:\\\/\\\/mpevh.be\\\/#organization\"},\"potentialAction\":[{\"@type\":\"SearchAction\",\"target\":{\"@type\":\"EntryPoint\",\"urlTemplate\":\"https:\\\/\\\/mpevh.be\\\/?s={search_term_string}\"},\"query-input\":{\"@type\":\"PropertyValueSpecification\",\"valueRequired\":true,\"valueName\":\"search_term_string\"}}],\"inLanguage\":\"en-US\"},{\"@type\":\"Organization\",\"@id\":\"https:\\\/\\\/mpevh.be\\\/#organization\",\"name\":\"Maison du Peuple d\u2019Europe\",\"url\":\"https:\\\/\\\/mpevh.be\\\/\",\"logo\":{\"@type\":\"ImageObject\",\"inLanguage\":\"en-US\",\"@id\":\"https:\\\/\\\/mpevh.be\\\/#\\\/schema\\\/logo\\\/image\\\/\",\"url\":\"https:\\\/\\\/mpevh.be\\\/wp-content\\\/uploads\\\/2021\\\/09\\\/cropped-mpelogov31-1.png\",\"contentUrl\":\"https:\\\/\\\/mpevh.be\\\/wp-content\\\/uploads\\\/2021\\\/09\\\/cropped-mpelogov31-1.png\",\"width\":556,\"height\":243,\"caption\":\"Maison du Peuple d\u2019Europe\"},\"image\":{\"@id\":\"https:\\\/\\\/mpevh.be\\\/#\\\/schema\\\/logo\\\/image\\\/\"},\"sameAs\":[\"https:\\\/\\\/www.facebook.com\\\/maisondupeupledeurope\"]}]}<\/script>\n<!-- \/ Yoast SEO plugin. -->","yoast_head_json":{"title":"WELCOME PATATAS -","robots":{"index":"index","follow":"follow","max-snippet":"max-snippet:-1","max-image-preview":"max-image-preview:large","max-video-preview":"max-video-preview:-1"},"canonical":"https:\/\/mpevh.be\/en\/3713-2\/","og_locale":"en_US","og_type":"article","og_title":"WELCOME PATATAS -","og_description":"Welcome Patatas \u2013 F\u00eate de la rencontre, du m\u00e9lange et de la compl\u00e9mentarit\u00e9 \u00a0\u00a0 Le 14 octobre\u00a0 2023, sur la place Jean Rey, dans le cadre de la journ\u00e9e porte ouverte des institutions europ\u00e9ennes, tou.te.s les habitant.e.s de Bruxelles, ind\u00e9pendemment de leur origine, sont invit\u00e9.e.s \u00e0 partir de 17h \u00e0 un \u00e9v\u00e8nement de rencontres interculturelles &hellip; WELCOME PATATAS Read More &raquo;","og_url":"https:\/\/mpevh.be\/en\/3713-2\/","article_publisher":"https:\/\/www.facebook.com\/maisondupeupledeurope","article_modified_time":"2024-12-10T06:27:53+00:00","og_image":[{"url":"https:\/\/mpevh.be\/wp-content\/uploads\/2023\/04\/IMG-20230404-WA0000-2-e1682840982594.jpg","type":"","width":"","height":""}],"twitter_card":"summary_large_image","twitter_misc":{"Est. reading time":"2 minutes"},"schema":{"@context":"https:\/\/schema.org","@graph":[{"@type":"WebPage","@id":"https:\/\/mpevh.be\/3713-2\/","url":"https:\/\/mpevh.be\/3713-2\/","name":"WELCOME PATATAS -","isPartOf":{"@id":"https:\/\/mpevh.be\/#website"},"primaryImageOfPage":{"@id":"https:\/\/mpevh.be\/3713-2\/#primaryimage"},"image":{"@id":"https:\/\/mpevh.be\/3713-2\/#primaryimage"},"thumbnailUrl":"https:\/\/mpevh.be\/wp-content\/uploads\/2023\/04\/IMG-20230404-WA0000-2-e1682840982594.jpg","datePublished":"2023-04-12T08:24:19+00:00","dateModified":"2024-12-10T06:27:53+00:00","breadcrumb":{"@id":"https:\/\/mpevh.be\/3713-2\/#breadcrumb"},"inLanguage":"en-US","potentialAction":[{"@type":"ReadAction","target":["https:\/\/mpevh.be\/3713-2\/"]}]},{"@type":"ImageObject","inLanguage":"en-US","@id":"https:\/\/mpevh.be\/3713-2\/#primaryimage","url":"https:\/\/mpevh.be\/wp-content\/uploads\/2023\/04\/IMG-20230404-WA0000-2-e1682840982594.jpg","contentUrl":"https:\/\/mpevh.be\/wp-content\/uploads\/2023\/04\/IMG-20230404-WA0000-2-e1682840982594.jpg"},{"@type":"BreadcrumbList","@id":"https:\/\/mpevh.be\/3713-2\/#breadcrumb","itemListElement":[{"@type":"ListItem","position":1,"name":"Home","item":"https:\/\/mpevh.be\/"},{"@type":"ListItem","position":2,"name":"WELCOME PATATAS"}]},{"@type":"WebSite","@id":"https:\/\/mpevh.be\/#website","url":"https:\/\/mpevh.be\/","name":"Maison du Peuple d\u2019Europe","description":"","publisher":{"@id":"https:\/\/mpevh.be\/#organization"},"potentialAction":[{"@type":"SearchAction","target":{"@type":"EntryPoint","urlTemplate":"https:\/\/mpevh.be\/?s={search_term_string}"},"query-input":{"@type":"PropertyValueSpecification","valueRequired":true,"valueName":"search_term_string"}}],"inLanguage":"en-US"},{"@type":"Organization","@id":"https:\/\/mpevh.be\/#organization","name":"Maison du Peuple d\u2019Europe","url":"https:\/\/mpevh.be\/","logo":{"@type":"ImageObject","inLanguage":"en-US","@id":"https:\/\/mpevh.be\/#\/schema\/logo\/image\/","url":"https:\/\/mpevh.be\/wp-content\/uploads\/2021\/09\/cropped-mpelogov31-1.png","contentUrl":"https:\/\/mpevh.be\/wp-content\/uploads\/2021\/09\/cropped-mpelogov31-1.png","width":556,"height":243,"caption":"Maison du Peuple d\u2019Europe"},"image":{"@id":"https:\/\/mpevh.be\/#\/schema\/logo\/image\/"},"sameAs":["https:\/\/www.facebook.com\/maisondupeupledeurope"]}]}},"_links":{"self":[{"href":"https:\/\/mpevh.be\/en\/wp-json\/wp\/v2\/pages\/3713","targetHints":{"allow":["GET"]}}],"collection":[{"href":"https:\/\/mpevh.be\/en\/wp-json\/wp\/v2\/pages"}],"about":[{"href":"https:\/\/mpevh.be\/en\/wp-json\/wp\/v2\/types\/page"}],"author":[{"embeddable":true,"href":"https:\/\/mpevh.be\/en\/wp-json\/wp\/v2\/users\/17"}],"replies":[{"embeddable":true,"href":"https:\/\/mpevh.be\/en\/wp-json\/wp\/v2\/comments?post=3713"}],"version-history":[{"count":846,"href":"https:\/\/mpevh.be\/en\/wp-json\/wp\/v2\/pages\/3713\/revisions"}],"predecessor-version":[{"id":11851,"href":"https:\/\/mpevh.be\/en\/wp-json\/wp\/v2\/pages\/3713\/revisions\/11851"}],"wp:attachment":[{"href":"https:\/\/mpevh.be\/en\/wp-json\/wp\/v2\/media?parent=3713"}],"curies":[{"name":"wp","href":"https:\/\/api.w.org\/{rel}","templated":true}]}}