{"id":10721,"date":"2024-01-12T12:13:05","date_gmt":"2024-01-12T11:13:05","guid":{"rendered":"https:\/\/mpevh.be\/?page_id=10721"},"modified":"2024-04-10T07:03:20","modified_gmt":"2024-04-10T05:03:20","slug":"formation-de-lequipe-du-porte-parole-europeen-des-personnes-sans-papiers-de-belgique-peps-belgique","status":"publish","type":"page","link":"https:\/\/mpevh.be\/en\/formation-de-lequipe-du-porte-parole-europeen-des-personnes-sans-papiers-de-belgique-peps-belgique\/","title":{"rendered":"Formation of the European Spokesperson Team for Undocumented Persons in Belgium (PEPS Belgium)"},"content":{"rendered":"<div data-elementor-type=\"wp-page\" data-elementor-id=\"10721\" class=\"elementor elementor-10721\">\n\t\t\t\t\t\t<section class=\"elementor-section elementor-top-section elementor-element elementor-element-36567f6 elementor-section-boxed elementor-section-height-default elementor-section-height-default\" data-id=\"36567f6\" data-element_type=\"section\" data-e-type=\"section\">\n\t\t\t\t\t\t<div class=\"elementor-container elementor-column-gap-default\">\n\t\t\t\t\t<div class=\"elementor-column elementor-col-100 elementor-top-column elementor-element elementor-element-6ffed08\" data-id=\"6ffed08\" data-element_type=\"column\" data-e-type=\"column\">\n\t\t\t<div class=\"elementor-widget-wrap elementor-element-populated\">\n\t\t\t\t\t\t<div class=\"elementor-element elementor-element-ac49c30 elementor-widget elementor-widget-heading\" data-id=\"ac49c30\" data-element_type=\"widget\" data-e-type=\"widget\" data-widget_type=\"heading.default\">\n\t\t\t\t<div class=\"elementor-widget-container\">\n\t\t\t\t\t<h2 class=\"elementor-heading-title elementor-size-default\">Formation of the European Spokesperson Team for Undocumented Persons in Belgium (PEPS Belgium)<\/h2>\t\t\t\t<\/div>\n\t\t\t\t<\/div>\n\t\t\t\t\t<\/div>\n\t\t<\/div>\n\t\t\t\t\t<\/div>\n\t\t<\/section>\n\t\t\t\t<section class=\"elementor-section elementor-top-section elementor-element elementor-element-01f9a4e elementor-section-boxed elementor-section-height-default elementor-section-height-default\" data-id=\"01f9a4e\" data-element_type=\"section\" data-e-type=\"section\">\n\t\t\t\t\t\t<div class=\"elementor-container elementor-column-gap-default\">\n\t\t\t\t\t<div class=\"elementor-column elementor-col-100 elementor-top-column elementor-element elementor-element-64f8b86\" data-id=\"64f8b86\" data-element_type=\"column\" data-e-type=\"column\">\n\t\t\t<div class=\"elementor-widget-wrap elementor-element-populated\">\n\t\t\t\t\t\t<div class=\"elementor-element elementor-element-c371577 elementor-widget elementor-widget-spacer\" data-id=\"c371577\" data-element_type=\"widget\" data-e-type=\"widget\" data-widget_type=\"spacer.default\">\n\t\t\t\t<div class=\"elementor-widget-container\">\n\t\t\t\t\t\t\t<div class=\"elementor-spacer\">\n\t\t\t<div class=\"elementor-spacer-inner\"><\/div>\n\t\t<\/div>\n\t\t\t\t\t\t<\/div>\n\t\t\t\t<\/div>\n\t\t\t\t\t<\/div>\n\t\t<\/div>\n\t\t\t\t\t<\/div>\n\t\t<\/section>\n\t\t\t\t<section class=\"elementor-section elementor-top-section elementor-element elementor-element-6d8df98 elementor-section-boxed elementor-section-height-default elementor-section-height-default\" data-id=\"6d8df98\" data-element_type=\"section\" data-e-type=\"section\">\n\t\t\t\t\t\t<div class=\"elementor-container elementor-column-gap-default\">\n\t\t\t\t\t<div class=\"elementor-column elementor-col-100 elementor-top-column elementor-element elementor-element-4b747ac\" data-id=\"4b747ac\" data-element_type=\"column\" data-e-type=\"column\">\n\t\t\t<div class=\"elementor-widget-wrap elementor-element-populated\">\n\t\t\t\t\t\t<div class=\"elementor-element elementor-element-ae5bbbd elementor-widget elementor-widget-html\" data-id=\"ae5bbbd\" data-element_type=\"widget\" data-e-type=\"widget\" data-widget_type=\"html.default\">\n\t\t\t\t<div class=\"elementor-widget-container\">\n\t\t\t\t\t<object data=\"https:\/\/mpevh.be\/wp-content\/uploads\/2024\/01\/formation.pdf\" type=\"application\/pdf\" width=\"700px\" height=\"1200px\">\n    <embed src=\"https:\/\/mpevh.be\/wp-content\/uploads\/2024\/01\/formation.pdf\"\/>\n<\/object>\t\t\t\t<\/div>\n\t\t\t\t<\/div>\n\t\t\t\t\t<\/div>\n\t\t<\/div>\n\t\t\t\t\t<\/div>\n\t\t<\/section>\n\t\t\t\t<section class=\"elementor-section elementor-top-section elementor-element elementor-element-5913ea5 elementor-section-boxed elementor-section-height-default elementor-section-height-default\" data-id=\"5913ea5\" data-element_type=\"section\" data-e-type=\"section\">\n\t\t\t\t\t\t<div class=\"elementor-container elementor-column-gap-default\">\n\t\t\t\t\t<div class=\"elementor-column elementor-col-100 elementor-top-column elementor-element elementor-element-5c7d64c\" data-id=\"5c7d64c\" data-element_type=\"column\" data-e-type=\"column\">\n\t\t\t<div class=\"elementor-widget-wrap elementor-element-populated\">\n\t\t\t\t\t\t<div class=\"elementor-element elementor-element-cb358ee elementor-widget elementor-widget-spacer\" data-id=\"cb358ee\" data-element_type=\"widget\" data-e-type=\"widget\" data-widget_type=\"spacer.default\">\n\t\t\t\t<div class=\"elementor-widget-container\">\n\t\t\t\t\t\t\t<div class=\"elementor-spacer\">\n\t\t\t<div class=\"elementor-spacer-inner\"><\/div>\n\t\t<\/div>\n\t\t\t\t\t\t<\/div>\n\t\t\t\t<\/div>\n\t\t\t\t<div class=\"elementor-element elementor-element-7575dd6 elementor-widget elementor-widget-text-editor\" data-id=\"7575dd6\" data-element_type=\"widget\" data-e-type=\"widget\" data-widget_type=\"text-editor.default\">\n\t\t\t\t<div class=\"elementor-widget-container\">\n\t\t\t\t\t\t\t\t\t<p><strong>Photos of the training with Rapha\u00eblle Bruneau<\/strong><\/p>\t\t\t\t\t\t\t\t<\/div>\n\t\t\t\t<\/div>\n\t\t\t\t\t<\/div>\n\t\t<\/div>\n\t\t\t\t\t<\/div>\n\t\t<\/section>\n\t\t\t\t<section class=\"elementor-section elementor-top-section elementor-element elementor-element-9fb7968 elementor-section-boxed elementor-section-height-default elementor-section-height-default\" data-id=\"9fb7968\" data-element_type=\"section\" data-e-type=\"section\">\n\t\t\t\t\t\t<div class=\"elementor-container elementor-column-gap-default\">\n\t\t\t\t\t<div class=\"elementor-column elementor-col-100 elementor-top-column elementor-element elementor-element-273b965\" data-id=\"273b965\" data-element_type=\"column\" data-e-type=\"column\">\n\t\t\t<div class=\"elementor-widget-wrap elementor-element-populated\">\n\t\t\t\t\t\t\t<\/div>\n\t\t<\/div>\n\t\t\t\t\t<\/div>\n\t\t<\/section>\n\t\t\t\t<section class=\"elementor-section elementor-top-section elementor-element elementor-element-b068f5e elementor-section-boxed elementor-section-height-default elementor-section-height-default\" data-id=\"b068f5e\" data-element_type=\"section\" data-e-type=\"section\">\n\t\t\t\t\t\t<div class=\"elementor-container elementor-column-gap-default\">\n\t\t\t\t\t<div class=\"elementor-column elementor-col-100 elementor-top-column elementor-element elementor-element-059f5c2\" data-id=\"059f5c2\" data-element_type=\"column\" data-e-type=\"column\">\n\t\t\t<div class=\"elementor-widget-wrap elementor-element-populated\">\n\t\t\t\t\t\t<div class=\"elementor-element elementor-element-15da0a3 elementor-widget elementor-widget-spacer\" data-id=\"15da0a3\" data-element_type=\"widget\" data-e-type=\"widget\" data-widget_type=\"spacer.default\">\n\t\t\t\t<div class=\"elementor-widget-container\">\n\t\t\t\t\t\t\t<div class=\"elementor-spacer\">\n\t\t\t<div class=\"elementor-spacer-inner\"><\/div>\n\t\t<\/div>\n\t\t\t\t\t\t<\/div>\n\t\t\t\t<\/div>\n\t\t\t\t<div class=\"elementor-element elementor-element-632b20a elementor-widget elementor-widget-text-editor\" data-id=\"632b20a\" data-element_type=\"widget\" data-e-type=\"widget\" data-widget_type=\"text-editor.default\">\n\t\t\t\t<div class=\"elementor-widget-container\">\n\t\t\t\t\t\t\t\t\t<p><strong>Video overview of the training:<\/strong><\/p><ul><li><a href=\"https:\/\/mpevh.be\/wp-content\/uploads\/2024\/01\/WhatsApp-Video-2024-01-12-at-10.55.24_94c08ca1.mp4\">Presentation of the participants<\/a><\/li><li><a href=\"https:\/\/mpevh.be\/wp-content\/uploads\/2024\/01\/WhatsApp-Video-2024-01-12-at-10.57.20_c4250b2d.mp4\">Explanation of the committee<\/a><\/li><\/ul>\t\t\t\t\t\t\t\t<\/div>\n\t\t\t\t<\/div>\n\t\t\t\t\t<\/div>\n\t\t<\/div>\n\t\t\t\t\t<\/div>\n\t\t<\/section>\n\t\t\t\t<section class=\"elementor-section elementor-top-section elementor-element elementor-element-544d830 elementor-section-boxed elementor-section-height-default elementor-section-height-default\" data-id=\"544d830\" data-element_type=\"section\" data-e-type=\"section\">\n\t\t\t\t\t\t<div class=\"elementor-container elementor-column-gap-default\">\n\t\t\t\t\t<div class=\"elementor-column elementor-col-100 elementor-top-column elementor-element elementor-element-df58f7d\" data-id=\"df58f7d\" data-element_type=\"column\" data-e-type=\"column\">\n\t\t\t<div class=\"elementor-widget-wrap elementor-element-populated\">\n\t\t\t\t\t\t<div class=\"elementor-element elementor-element-e532eaa elementor-widget elementor-widget-text-editor\" data-id=\"e532eaa\" data-element_type=\"widget\" data-e-type=\"widget\" data-widget_type=\"text-editor.default\">\n\t\t\t\t<div class=\"elementor-widget-container\">\n\t\t\t\t\t\t\t\t\t<p><span style=\"font-size: 18pt;\"><strong>Documents :<\/strong><\/span><\/p>\t\t\t\t\t\t\t\t<\/div>\n\t\t\t\t<\/div>\n\t\t\t\t<div class=\"elementor-element elementor-element-c5fc48a elementor-widget elementor-widget-text-editor\" data-id=\"c5fc48a\" data-element_type=\"widget\" data-e-type=\"widget\" data-widget_type=\"text-editor.default\">\n\t\t\t\t<div class=\"elementor-widget-container\">\n\t\t\t\t\t\t\t\t\t<ul><li><strong><a href=\"https:\/\/docs.google.com\/viewer?url=https:\/\/mpevh.be\/wp-content\/uploads\/2024\/01\/MASTER-MPVEH-training.pptx\">PICUM<\/a><\/strong><\/li><li><a href=\"https:\/\/mpevh.be\/wp-content\/uploads\/2024\/01\/Evaluation-PICUM-de-notre-document.docx\"><strong>Evaluation by PICUM of our document<\/strong><\/a><\/li><li><strong><a href=\"https:\/\/mpevh.be\/wp-content\/uploads\/2024\/01\/Final-Pour-un-plaidoyer-finalise-EN-30-Septembre-2023.docx\">For a finalized advocacy by European citizens<\/a><br \/><\/strong><\/li><li><a href=\"https:\/\/mpevh.be\/wp-content\/uploads\/2024\/01\/TraductionLettreMmeStrick.pdf\"><span class=\"media-list-title\"><strong>Letter from Mrs. STRIK Tineke (FR)<\/strong><\/span><\/a><\/li><li><a href=\"https:\/\/mpevh.be\/wp-content\/uploads\/2024\/01\/Lettre-de-Mme-STRIK-Tineke.pdf\"><span class=\"media-list-title\"><strong>Letter from Mrs. STRIK Tineke (EN)<\/strong><\/span><\/a><\/li><\/ul><p><strong>\u00a0<\/strong><\/p>\t\t\t\t\t\t\t\t<\/div>\n\t\t\t\t<\/div>\n\t\t\t\t<div class=\"elementor-element elementor-element-369f874 elementor-widget elementor-widget-spacer\" data-id=\"369f874\" data-element_type=\"widget\" data-e-type=\"widget\" data-widget_type=\"spacer.default\">\n\t\t\t\t<div class=\"elementor-widget-container\">\n\t\t\t\t\t\t\t<div class=\"elementor-spacer\">\n\t\t\t<div class=\"elementor-spacer-inner\"><\/div>\n\t\t<\/div>\n\t\t\t\t\t\t<\/div>\n\t\t\t\t<\/div>\n\t\t\t\t\t<\/div>\n\t\t<\/div>\n\t\t\t\t\t<\/div>\n\t\t<\/section>\n\t\t\t\t<\/div>","protected":false},"excerpt":{"rendered":"<p>Formation de l&rsquo;\u00e9quipe du Porte-parole Europ\u00e9en des Personnes Sans-papiers de Belgique&nbsp;(PEPS&nbsp;Belgique) Photos de la formation avec Rapha\u00eblle Bruneau Et un\u00a0aper\u00e7u en vid\u00e9os de la formation : Pr\u00e9sentation des participants Explication du commit\u00e9 Documents : PICUM Evaluation PICUM de notre document Pour un plaidoyer finalis\u00e9 des citoyen.ne.s europ\u00e9en.ne.s Lettre de Mme STRIK Tineke (FR) Lettre de &hellip;<\/p>\n<p class=\"read-more\"> <a class=\"\" href=\"https:\/\/mpevh.be\/en\/formation-de-lequipe-du-porte-parole-europeen-des-personnes-sans-papiers-de-belgique-peps-belgique\/\"> <span class=\"screen-reader-text\">Formation of the European Spokesperson Team for Undocumented Persons in Belgium (PEPS Belgium)<\/span> Read More &raquo;<\/a><\/p>","protected":false},"author":17,"featured_media":0,"parent":0,"menu_order":0,"comment_status":"closed","ping_status":"closed","template":"","meta":{"site-sidebar-layout":"no-sidebar","site-content-layout":"page-builder","ast-site-content-layout":"full-width-container","site-content-style":"default","site-sidebar-style":"default","ast-global-header-display":"","ast-banner-title-visibility":"","ast-main-header-display":"","ast-hfb-above-header-display":"","ast-hfb-below-header-display":"","ast-hfb-mobile-header-display":"","site-post-title":"disabled","ast-breadcrumbs-content":"","ast-featured-img":"disabled","footer-sml-layout":"","theme-transparent-header-meta":"","adv-header-id-meta":"","stick-header-meta":"","header-above-stick-meta":"","header-main-stick-meta":"","header-below-stick-meta":"","astra-migrate-meta-layouts":"set","ast-page-background-enabled":"default","ast-page-background-meta":{"desktop":{"background-color":"var(--ast-global-color-4)","background-image":"","background-repeat":"repeat","background-position":"center center","background-size":"auto","background-attachment":"scroll","background-type":"","background-media":"","overlay-type":"","overlay-color":"","overlay-gradient":""},"tablet":{"background-color":"","background-image":"","background-repeat":"repeat","background-position":"center center","background-size":"auto","background-attachment":"scroll","background-type":"","background-media":"","overlay-type":"","overlay-color":"","overlay-gradient":""},"mobile":{"background-color":"","background-image":"","background-repeat":"repeat","background-position":"center center","background-size":"auto","background-attachment":"scroll","background-type":"","background-media":"","overlay-type":"","overlay-color":"","overlay-gradient":""}},"ast-content-background-meta":{"desktop":{"background-color":"var(--ast-global-color-5)","background-image":"","background-repeat":"repeat","background-position":"center center","background-size":"auto","background-attachment":"scroll","background-type":"","background-media":"","overlay-type":"","overlay-color":"","overlay-gradient":""},"tablet":{"background-color":"var(--ast-global-color-5)","background-image":"","background-repeat":"repeat","background-position":"center center","background-size":"auto","background-attachment":"scroll","background-type":"","background-media":"","overlay-type":"","overlay-color":"","overlay-gradient":""},"mobile":{"background-color":"var(--ast-global-color-5)","background-image":"","background-repeat":"repeat","background-position":"center center","background-size":"auto","background-attachment":"scroll","background-type":"","background-media":"","overlay-type":"","overlay-color":"","overlay-gradient":""}},"footnotes":""},"class_list":["post-10721","page","type-page","status-publish","hentry"],"yoast_head":"<!-- This site is optimized with the Yoast SEO plugin v27.3 - https:\/\/yoast.com\/product\/yoast-seo-wordpress\/ -->\n<title>Formation de l&#039;\u00e9quipe du Porte-parole Europ\u00e9en des Personnes Sans-papiers de Belgique\u00a0(PEPS\u00a0Belgique) -<\/title>\n<meta name=\"robots\" content=\"index, follow, max-snippet:-1, max-image-preview:large, max-video-preview:-1\" \/>\n<link rel=\"canonical\" href=\"https:\/\/mpevh.be\/en\/formation-de-lequipe-du-porte-parole-europeen-des-personnes-sans-papiers-de-belgique-peps-belgique\/\" \/>\n<meta property=\"og:locale\" content=\"en_US\" \/>\n<meta property=\"og:type\" content=\"article\" \/>\n<meta property=\"og:title\" content=\"Formation de l&#039;\u00e9quipe du Porte-parole Europ\u00e9en des Personnes Sans-papiers de Belgique\u00a0(PEPS\u00a0Belgique) -\" \/>\n<meta property=\"og:description\" content=\"Formation de l&rsquo;\u00e9quipe du Porte-parole Europ\u00e9en des Personnes Sans-papiers de Belgique&nbsp;(PEPS&nbsp;Belgique) Photos de la formation avec Rapha\u00eblle Bruneau Et un\u00a0aper\u00e7u en vid\u00e9os de la formation : Pr\u00e9sentation des participants Explication du commit\u00e9 Documents : PICUM Evaluation PICUM de notre document Pour un plaidoyer finalis\u00e9 des citoyen.ne.s europ\u00e9en.ne.s Lettre de Mme STRIK Tineke (FR) Lettre de &hellip; Formation de l&rsquo;\u00e9quipe du Porte-parole Europ\u00e9en des Personnes Sans-papiers de Belgique\u00a0(PEPS\u00a0Belgique) Read More &raquo;\" \/>\n<meta property=\"og:url\" content=\"https:\/\/mpevh.be\/en\/formation-de-lequipe-du-porte-parole-europeen-des-personnes-sans-papiers-de-belgique-peps-belgique\/\" \/>\n<meta property=\"article:publisher\" content=\"https:\/\/www.facebook.com\/maisondupeupledeurope\" \/>\n<meta property=\"article:modified_time\" content=\"2024-04-10T05:03:20+00:00\" \/>\n<meta property=\"og:image\" content=\"https:\/\/mpevh.be\/wp-content\/uploads\/2021\/09\/Picture1flag.jpg\" \/>\n\t<meta property=\"og:image:width\" content=\"656\" \/>\n\t<meta property=\"og:image:height\" content=\"1106\" \/>\n\t<meta property=\"og:image:type\" content=\"image\/jpeg\" \/>\n<meta name=\"twitter:card\" content=\"summary_large_image\" \/>\n<script type=\"application\/ld+json\" class=\"yoast-schema-graph\">{\"@context\":\"https:\\\/\\\/schema.org\",\"@graph\":[{\"@type\":\"WebPage\",\"@id\":\"https:\\\/\\\/mpevh.be\\\/formation-de-lequipe-du-porte-parole-europeen-des-personnes-sans-papiers-de-belgique-peps-belgique\\\/\",\"url\":\"https:\\\/\\\/mpevh.be\\\/formation-de-lequipe-du-porte-parole-europeen-des-personnes-sans-papiers-de-belgique-peps-belgique\\\/\",\"name\":\"Formation de l'\u00e9quipe du Porte-parole Europ\u00e9en des Personnes Sans-papiers de Belgique\u00a0(PEPS\u00a0Belgique) -\",\"isPartOf\":{\"@id\":\"https:\\\/\\\/mpevh.be\\\/#website\"},\"datePublished\":\"2024-01-12T11:13:05+00:00\",\"dateModified\":\"2024-04-10T05:03:20+00:00\",\"breadcrumb\":{\"@id\":\"https:\\\/\\\/mpevh.be\\\/formation-de-lequipe-du-porte-parole-europeen-des-personnes-sans-papiers-de-belgique-peps-belgique\\\/#breadcrumb\"},\"inLanguage\":\"en-US\",\"potentialAction\":[{\"@type\":\"ReadAction\",\"target\":[\"https:\\\/\\\/mpevh.be\\\/formation-de-lequipe-du-porte-parole-europeen-des-personnes-sans-papiers-de-belgique-peps-belgique\\\/\"]}]},{\"@type\":\"BreadcrumbList\",\"@id\":\"https:\\\/\\\/mpevh.be\\\/formation-de-lequipe-du-porte-parole-europeen-des-personnes-sans-papiers-de-belgique-peps-belgique\\\/#breadcrumb\",\"itemListElement\":[{\"@type\":\"ListItem\",\"position\":1,\"name\":\"Home\",\"item\":\"https:\\\/\\\/mpevh.be\\\/\"},{\"@type\":\"ListItem\",\"position\":2,\"name\":\"Formation de l&rsquo;\u00e9quipe du Porte-parole Europ\u00e9en des Personnes Sans-papiers de Belgique\u00a0(PEPS\u00a0Belgique)\"}]},{\"@type\":\"WebSite\",\"@id\":\"https:\\\/\\\/mpevh.be\\\/#website\",\"url\":\"https:\\\/\\\/mpevh.be\\\/\",\"name\":\"Maison du Peuple d\u2019Europe\",\"description\":\"\",\"publisher\":{\"@id\":\"https:\\\/\\\/mpevh.be\\\/#organization\"},\"potentialAction\":[{\"@type\":\"SearchAction\",\"target\":{\"@type\":\"EntryPoint\",\"urlTemplate\":\"https:\\\/\\\/mpevh.be\\\/?s={search_term_string}\"},\"query-input\":{\"@type\":\"PropertyValueSpecification\",\"valueRequired\":true,\"valueName\":\"search_term_string\"}}],\"inLanguage\":\"en-US\"},{\"@type\":\"Organization\",\"@id\":\"https:\\\/\\\/mpevh.be\\\/#organization\",\"name\":\"Maison du Peuple d\u2019Europe\",\"url\":\"https:\\\/\\\/mpevh.be\\\/\",\"logo\":{\"@type\":\"ImageObject\",\"inLanguage\":\"en-US\",\"@id\":\"https:\\\/\\\/mpevh.be\\\/#\\\/schema\\\/logo\\\/image\\\/\",\"url\":\"https:\\\/\\\/mpevh.be\\\/wp-content\\\/uploads\\\/2021\\\/09\\\/cropped-mpelogov31-1.png\",\"contentUrl\":\"https:\\\/\\\/mpevh.be\\\/wp-content\\\/uploads\\\/2021\\\/09\\\/cropped-mpelogov31-1.png\",\"width\":556,\"height\":243,\"caption\":\"Maison du Peuple d\u2019Europe\"},\"image\":{\"@id\":\"https:\\\/\\\/mpevh.be\\\/#\\\/schema\\\/logo\\\/image\\\/\"},\"sameAs\":[\"https:\\\/\\\/www.facebook.com\\\/maisondupeupledeurope\"]}]}<\/script>\n<!-- \/ Yoast SEO plugin. -->","yoast_head_json":{"title":"Formation de l'\u00e9quipe du Porte-parole Europ\u00e9en des Personnes Sans-papiers de Belgique\u00a0(PEPS\u00a0Belgique) -","robots":{"index":"index","follow":"follow","max-snippet":"max-snippet:-1","max-image-preview":"max-image-preview:large","max-video-preview":"max-video-preview:-1"},"canonical":"https:\/\/mpevh.be\/en\/formation-de-lequipe-du-porte-parole-europeen-des-personnes-sans-papiers-de-belgique-peps-belgique\/","og_locale":"en_US","og_type":"article","og_title":"Formation de l'\u00e9quipe du Porte-parole Europ\u00e9en des Personnes Sans-papiers de Belgique\u00a0(PEPS\u00a0Belgique) -","og_description":"Formation de l&rsquo;\u00e9quipe du Porte-parole Europ\u00e9en des Personnes Sans-papiers de Belgique&nbsp;(PEPS&nbsp;Belgique) Photos de la formation avec Rapha\u00eblle Bruneau Et un\u00a0aper\u00e7u en vid\u00e9os de la formation : Pr\u00e9sentation des participants Explication du commit\u00e9 Documents : PICUM Evaluation PICUM de notre document Pour un plaidoyer finalis\u00e9 des citoyen.ne.s europ\u00e9en.ne.s Lettre de Mme STRIK Tineke (FR) Lettre de &hellip; Formation de l&rsquo;\u00e9quipe du Porte-parole Europ\u00e9en des Personnes Sans-papiers de Belgique\u00a0(PEPS\u00a0Belgique) Read More &raquo;","og_url":"https:\/\/mpevh.be\/en\/formation-de-lequipe-du-porte-parole-europeen-des-personnes-sans-papiers-de-belgique-peps-belgique\/","article_publisher":"https:\/\/www.facebook.com\/maisondupeupledeurope","article_modified_time":"2024-04-10T05:03:20+00:00","og_image":[{"width":656,"height":1106,"url":"https:\/\/mpevh.be\/wp-content\/uploads\/2021\/09\/Picture1flag.jpg","type":"image\/jpeg"}],"twitter_card":"summary_large_image","schema":{"@context":"https:\/\/schema.org","@graph":[{"@type":"WebPage","@id":"https:\/\/mpevh.be\/formation-de-lequipe-du-porte-parole-europeen-des-personnes-sans-papiers-de-belgique-peps-belgique\/","url":"https:\/\/mpevh.be\/formation-de-lequipe-du-porte-parole-europeen-des-personnes-sans-papiers-de-belgique-peps-belgique\/","name":"Formation de l'\u00e9quipe du Porte-parole Europ\u00e9en des Personnes Sans-papiers de Belgique\u00a0(PEPS\u00a0Belgique) -","isPartOf":{"@id":"https:\/\/mpevh.be\/#website"},"datePublished":"2024-01-12T11:13:05+00:00","dateModified":"2024-04-10T05:03:20+00:00","breadcrumb":{"@id":"https:\/\/mpevh.be\/formation-de-lequipe-du-porte-parole-europeen-des-personnes-sans-papiers-de-belgique-peps-belgique\/#breadcrumb"},"inLanguage":"en-US","potentialAction":[{"@type":"ReadAction","target":["https:\/\/mpevh.be\/formation-de-lequipe-du-porte-parole-europeen-des-personnes-sans-papiers-de-belgique-peps-belgique\/"]}]},{"@type":"BreadcrumbList","@id":"https:\/\/mpevh.be\/formation-de-lequipe-du-porte-parole-europeen-des-personnes-sans-papiers-de-belgique-peps-belgique\/#breadcrumb","itemListElement":[{"@type":"ListItem","position":1,"name":"Home","item":"https:\/\/mpevh.be\/"},{"@type":"ListItem","position":2,"name":"Formation de l&rsquo;\u00e9quipe du Porte-parole Europ\u00e9en des Personnes Sans-papiers de Belgique\u00a0(PEPS\u00a0Belgique)"}]},{"@type":"WebSite","@id":"https:\/\/mpevh.be\/#website","url":"https:\/\/mpevh.be\/","name":"Maison du Peuple d\u2019Europe","description":"","publisher":{"@id":"https:\/\/mpevh.be\/#organization"},"potentialAction":[{"@type":"SearchAction","target":{"@type":"EntryPoint","urlTemplate":"https:\/\/mpevh.be\/?s={search_term_string}"},"query-input":{"@type":"PropertyValueSpecification","valueRequired":true,"valueName":"search_term_string"}}],"inLanguage":"en-US"},{"@type":"Organization","@id":"https:\/\/mpevh.be\/#organization","name":"Maison du Peuple d\u2019Europe","url":"https:\/\/mpevh.be\/","logo":{"@type":"ImageObject","inLanguage":"en-US","@id":"https:\/\/mpevh.be\/#\/schema\/logo\/image\/","url":"https:\/\/mpevh.be\/wp-content\/uploads\/2021\/09\/cropped-mpelogov31-1.png","contentUrl":"https:\/\/mpevh.be\/wp-content\/uploads\/2021\/09\/cropped-mpelogov31-1.png","width":556,"height":243,"caption":"Maison du Peuple d\u2019Europe"},"image":{"@id":"https:\/\/mpevh.be\/#\/schema\/logo\/image\/"},"sameAs":["https:\/\/www.facebook.com\/maisondupeupledeurope"]}]}},"_links":{"self":[{"href":"https:\/\/mpevh.be\/en\/wp-json\/wp\/v2\/pages\/10721","targetHints":{"allow":["GET"]}}],"collection":[{"href":"https:\/\/mpevh.be\/en\/wp-json\/wp\/v2\/pages"}],"about":[{"href":"https:\/\/mpevh.be\/en\/wp-json\/wp\/v2\/types\/page"}],"author":[{"embeddable":true,"href":"https:\/\/mpevh.be\/en\/wp-json\/wp\/v2\/users\/17"}],"replies":[{"embeddable":true,"href":"https:\/\/mpevh.be\/en\/wp-json\/wp\/v2\/comments?post=10721"}],"version-history":[{"count":62,"href":"https:\/\/mpevh.be\/en\/wp-json\/wp\/v2\/pages\/10721\/revisions"}],"predecessor-version":[{"id":11012,"href":"https:\/\/mpevh.be\/en\/wp-json\/wp\/v2\/pages\/10721\/revisions\/11012"}],"wp:attachment":[{"href":"https:\/\/mpevh.be\/en\/wp-json\/wp\/v2\/media?parent=10721"}],"curies":[{"name":"wp","href":"https:\/\/api.w.org\/{rel}","templated":true}]}}