{"id":10463,"date":"2023-12-20T11:42:08","date_gmt":"2023-12-20T10:42:08","guid":{"rendered":"https:\/\/mpevh.be\/?page_id=10463"},"modified":"2024-04-10T07:03:50","modified_gmt":"2024-04-10T05:03:50","slug":"rapports-dactivite","status":"publish","type":"page","link":"https:\/\/mpevh.be\/en\/rapports-dactivite\/","title":{"rendered":"Rapports d&rsquo;activit\u00e9"},"content":{"rendered":"<div data-elementor-type=\"wp-page\" data-elementor-id=\"10463\" class=\"elementor elementor-10463\">\n\t\t\t\t\t\t<section class=\"elementor-section elementor-top-section elementor-element elementor-element-e7eb89f elementor-section-boxed elementor-section-height-default elementor-section-height-default\" data-id=\"e7eb89f\" data-element_type=\"section\" data-e-type=\"section\">\n\t\t\t\t\t\t<div class=\"elementor-container elementor-column-gap-default\">\n\t\t\t\t\t<div class=\"elementor-column elementor-col-100 elementor-top-column elementor-element elementor-element-b5aae40\" data-id=\"b5aae40\" data-element_type=\"column\" data-e-type=\"column\">\n\t\t\t<div class=\"elementor-widget-wrap elementor-element-populated\">\n\t\t\t\t\t\t<div class=\"elementor-element elementor-element-77b7712 elementor-widget elementor-widget-spacer\" data-id=\"77b7712\" data-element_type=\"widget\" data-e-type=\"widget\" data-widget_type=\"spacer.default\">\n\t\t\t\t<div class=\"elementor-widget-container\">\n\t\t\t\t\t\t\t<div class=\"elementor-spacer\">\n\t\t\t<div class=\"elementor-spacer-inner\"><\/div>\n\t\t<\/div>\n\t\t\t\t\t\t<\/div>\n\t\t\t\t<\/div>\n\t\t\t\t<div class=\"elementor-element elementor-element-483befb elementor-widget elementor-widget-text-editor\" data-id=\"483befb\" data-element_type=\"widget\" data-e-type=\"widget\" data-widget_type=\"text-editor.default\">\n\t\t\t\t<div class=\"elementor-widget-container\">\n\t\t\t\t\t\t\t\t\t<p><span style=\"font-size: 18pt;\">Here are the yearly activity report of the CHE :<\/span><\/p>\t\t\t\t\t\t\t\t<\/div>\n\t\t\t\t<\/div>\n\t\t\t\t<div class=\"elementor-element elementor-element-e697dd0 elementor-widget elementor-widget-text-editor\" data-id=\"e697dd0\" data-element_type=\"widget\" data-e-type=\"widget\" data-widget_type=\"text-editor.default\">\n\t\t\t\t<div class=\"elementor-widget-container\">\n\t\t\t\t\t\t\t\t\t<ul>\n<li><a href=\"https:\/\/mpevh.be\/en\/rapport-dactivite-mpevh-2022\/\" target=\"_blank\">Activity report 2022<\/a><\/li>\n<li><a href=\"https:\/\/mpevh.be\/en\/rapport-dactivite-mpevh-2021\/\" target=\"_blank\">Activity report 2021<\/a><\/li>\n<li><a href=\"https:\/\/mpevh.be\/en\/rapport-dactivite-mpevh-2020\/\" target=\"_blank\">Activity report 2020<\/a><\/li>\n<li><a href=\"https:\/\/mpevh.be\/en\/rapport-dactivite-mpevh-2019\/\" target=\"_blank\">Activity report 2019<\/a><\/li>\n<li><a href=\"https:\/\/mpevh.be\/en\/rapport-dactivite-mpevh-2018\/\" target=\"_blank\">Activity report 2018<\/a><\/li>\n<li><a href=\"https:\/\/mpevh.be\/en\/rapport-dactivite-mpevh-2017\/\" target=\"_blank\">Activity report 2017<\/a><\/li>\n<li><a href=\"https:\/\/mpevh.be\/en\/rapport-dactivite-mpevh-2016\/\" target=\"_blank\" rel=\"noopener\">Activity report 2016<\/a><\/li>\n<li><a href=\"https:\/\/mpevh.be\/en\/rapport-dactivite-mpevh-2015\/\" target=\"_blank\" rel=\"noopener\">Activity report 2015<\/a><\/li>\n<\/ul>\t\t\t\t\t\t\t\t<\/div>\n\t\t\t\t<\/div>\n\t\t\t\t<div class=\"elementor-element elementor-element-9c8b9bd elementor-widget elementor-widget-spacer\" data-id=\"9c8b9bd\" data-element_type=\"widget\" data-e-type=\"widget\" data-widget_type=\"spacer.default\">\n\t\t\t\t<div class=\"elementor-widget-container\">\n\t\t\t\t\t\t\t<div class=\"elementor-spacer\">\n\t\t\t<div class=\"elementor-spacer-inner\"><\/div>\n\t\t<\/div>\n\t\t\t\t\t\t<\/div>\n\t\t\t\t<\/div>\n\t\t\t\t\t<\/div>\n\t\t<\/div>\n\t\t\t\t\t<\/div>\n\t\t<\/section>\n\t\t\t\t<\/div>","protected":false},"excerpt":{"rendered":"<p>Voici l&rsquo;historique des rapports d&rsquo;activit\u00e9 annuels de la MPEVH : Rapport d&rsquo;activit\u00e9 2022 Rapport d&rsquo;activit\u00e9 2021 Rapport d&rsquo;activit\u00e9 2020 Rapport d&rsquo;activit\u00e9 2019 Rapport d&rsquo;activit\u00e9 2018 Rapport d&rsquo;activit\u00e9 2017 Rapport d&rsquo;activit\u00e9 2016 Rapport d&rsquo;activit\u00e9 2015<\/p>","protected":false},"author":17,"featured_media":0,"parent":0,"menu_order":0,"comment_status":"closed","ping_status":"closed","template":"","meta":{"site-sidebar-layout":"no-sidebar","site-content-layout":"page-builder","ast-site-content-layout":"full-width-container","site-content-style":"default","site-sidebar-style":"default","ast-global-header-display":"","ast-banner-title-visibility":"","ast-main-header-display":"","ast-hfb-above-header-display":"","ast-hfb-below-header-display":"","ast-hfb-mobile-header-display":"","site-post-title":"disabled","ast-breadcrumbs-content":"","ast-featured-img":"disabled","footer-sml-layout":"","theme-transparent-header-meta":"","adv-header-id-meta":"","stick-header-meta":"","header-above-stick-meta":"","header-main-stick-meta":"","header-below-stick-meta":"","astra-migrate-meta-layouts":"set","ast-page-background-enabled":"default","ast-page-background-meta":{"desktop":{"background-color":"var(--ast-global-color-4)","background-image":"","background-repeat":"repeat","background-position":"center center","background-size":"auto","background-attachment":"scroll","background-type":"","background-media":"","overlay-type":"","overlay-color":"","overlay-gradient":""},"tablet":{"background-color":"","background-image":"","background-repeat":"repeat","background-position":"center center","background-size":"auto","background-attachment":"scroll","background-type":"","background-media":"","overlay-type":"","overlay-color":"","overlay-gradient":""},"mobile":{"background-color":"","background-image":"","background-repeat":"repeat","background-position":"center center","background-size":"auto","background-attachment":"scroll","background-type":"","background-media":"","overlay-type":"","overlay-color":"","overlay-gradient":""}},"ast-content-background-meta":{"desktop":{"background-color":"var(--ast-global-color-5)","background-image":"","background-repeat":"repeat","background-position":"center center","background-size":"auto","background-attachment":"scroll","background-type":"","background-media":"","overlay-type":"","overlay-color":"","overlay-gradient":""},"tablet":{"background-color":"var(--ast-global-color-5)","background-image":"","background-repeat":"repeat","background-position":"center center","background-size":"auto","background-attachment":"scroll","background-type":"","background-media":"","overlay-type":"","overlay-color":"","overlay-gradient":""},"mobile":{"background-color":"var(--ast-global-color-5)","background-image":"","background-repeat":"repeat","background-position":"center center","background-size":"auto","background-attachment":"scroll","background-type":"","background-media":"","overlay-type":"","overlay-color":"","overlay-gradient":""}},"footnotes":""},"class_list":["post-10463","page","type-page","status-publish","hentry"],"yoast_head":"<!-- This site is optimized with the Yoast SEO plugin v27.3 - https:\/\/yoast.com\/product\/yoast-seo-wordpress\/ -->\n<title>Rapports d&#039;activit\u00e9 -<\/title>\n<meta name=\"robots\" content=\"index, follow, max-snippet:-1, max-image-preview:large, max-video-preview:-1\" \/>\n<link rel=\"canonical\" href=\"https:\/\/mpevh.be\/en\/rapports-dactivite\/\" \/>\n<meta property=\"og:locale\" content=\"en_US\" \/>\n<meta property=\"og:type\" content=\"article\" \/>\n<meta property=\"og:title\" content=\"Rapports d&#039;activit\u00e9 -\" \/>\n<meta property=\"og:description\" content=\"Voici l&rsquo;historique des rapports d&rsquo;activit\u00e9 annuels de la MPEVH : Rapport d&rsquo;activit\u00e9 2022 Rapport d&rsquo;activit\u00e9 2021 Rapport d&rsquo;activit\u00e9 2020 Rapport d&rsquo;activit\u00e9 2019 Rapport d&rsquo;activit\u00e9 2018 Rapport d&rsquo;activit\u00e9 2017 Rapport d&rsquo;activit\u00e9 2016 Rapport d&rsquo;activit\u00e9 2015\" \/>\n<meta property=\"og:url\" content=\"https:\/\/mpevh.be\/en\/rapports-dactivite\/\" \/>\n<meta property=\"article:publisher\" content=\"https:\/\/www.facebook.com\/maisondupeupledeurope\" \/>\n<meta property=\"article:modified_time\" content=\"2024-04-10T05:03:50+00:00\" \/>\n<meta property=\"og:image\" content=\"https:\/\/mpevh.be\/wp-content\/uploads\/2021\/09\/Picture1flag.jpg\" \/>\n\t<meta property=\"og:image:width\" content=\"656\" \/>\n\t<meta property=\"og:image:height\" content=\"1106\" \/>\n\t<meta property=\"og:image:type\" content=\"image\/jpeg\" \/>\n<meta name=\"twitter:card\" content=\"summary_large_image\" \/>\n<script type=\"application\/ld+json\" class=\"yoast-schema-graph\">{\"@context\":\"https:\\\/\\\/schema.org\",\"@graph\":[{\"@type\":\"WebPage\",\"@id\":\"https:\\\/\\\/mpevh.be\\\/rapports-dactivite\\\/\",\"url\":\"https:\\\/\\\/mpevh.be\\\/rapports-dactivite\\\/\",\"name\":\"Rapports d'activit\u00e9 -\",\"isPartOf\":{\"@id\":\"https:\\\/\\\/mpevh.be\\\/#website\"},\"datePublished\":\"2023-12-20T10:42:08+00:00\",\"dateModified\":\"2024-04-10T05:03:50+00:00\",\"breadcrumb\":{\"@id\":\"https:\\\/\\\/mpevh.be\\\/rapports-dactivite\\\/#breadcrumb\"},\"inLanguage\":\"en-US\",\"potentialAction\":[{\"@type\":\"ReadAction\",\"target\":[\"https:\\\/\\\/mpevh.be\\\/rapports-dactivite\\\/\"]}]},{\"@type\":\"BreadcrumbList\",\"@id\":\"https:\\\/\\\/mpevh.be\\\/rapports-dactivite\\\/#breadcrumb\",\"itemListElement\":[{\"@type\":\"ListItem\",\"position\":1,\"name\":\"Home\",\"item\":\"https:\\\/\\\/mpevh.be\\\/\"},{\"@type\":\"ListItem\",\"position\":2,\"name\":\"Rapports d&rsquo;activit\u00e9\"}]},{\"@type\":\"WebSite\",\"@id\":\"https:\\\/\\\/mpevh.be\\\/#website\",\"url\":\"https:\\\/\\\/mpevh.be\\\/\",\"name\":\"Maison du Peuple d\u2019Europe\",\"description\":\"\",\"publisher\":{\"@id\":\"https:\\\/\\\/mpevh.be\\\/#organization\"},\"potentialAction\":[{\"@type\":\"SearchAction\",\"target\":{\"@type\":\"EntryPoint\",\"urlTemplate\":\"https:\\\/\\\/mpevh.be\\\/?s={search_term_string}\"},\"query-input\":{\"@type\":\"PropertyValueSpecification\",\"valueRequired\":true,\"valueName\":\"search_term_string\"}}],\"inLanguage\":\"en-US\"},{\"@type\":\"Organization\",\"@id\":\"https:\\\/\\\/mpevh.be\\\/#organization\",\"name\":\"Maison du Peuple d\u2019Europe\",\"url\":\"https:\\\/\\\/mpevh.be\\\/\",\"logo\":{\"@type\":\"ImageObject\",\"inLanguage\":\"en-US\",\"@id\":\"https:\\\/\\\/mpevh.be\\\/#\\\/schema\\\/logo\\\/image\\\/\",\"url\":\"https:\\\/\\\/mpevh.be\\\/wp-content\\\/uploads\\\/2021\\\/09\\\/cropped-mpelogov31-1.png\",\"contentUrl\":\"https:\\\/\\\/mpevh.be\\\/wp-content\\\/uploads\\\/2021\\\/09\\\/cropped-mpelogov31-1.png\",\"width\":556,\"height\":243,\"caption\":\"Maison du Peuple d\u2019Europe\"},\"image\":{\"@id\":\"https:\\\/\\\/mpevh.be\\\/#\\\/schema\\\/logo\\\/image\\\/\"},\"sameAs\":[\"https:\\\/\\\/www.facebook.com\\\/maisondupeupledeurope\"]}]}<\/script>\n<!-- \/ Yoast SEO plugin. -->","yoast_head_json":{"title":"Rapports d'activit\u00e9 -","robots":{"index":"index","follow":"follow","max-snippet":"max-snippet:-1","max-image-preview":"max-image-preview:large","max-video-preview":"max-video-preview:-1"},"canonical":"https:\/\/mpevh.be\/en\/rapports-dactivite\/","og_locale":"en_US","og_type":"article","og_title":"Rapports d'activit\u00e9 -","og_description":"Voici l&rsquo;historique des rapports d&rsquo;activit\u00e9 annuels de la MPEVH : Rapport d&rsquo;activit\u00e9 2022 Rapport d&rsquo;activit\u00e9 2021 Rapport d&rsquo;activit\u00e9 2020 Rapport d&rsquo;activit\u00e9 2019 Rapport d&rsquo;activit\u00e9 2018 Rapport d&rsquo;activit\u00e9 2017 Rapport d&rsquo;activit\u00e9 2016 Rapport d&rsquo;activit\u00e9 2015","og_url":"https:\/\/mpevh.be\/en\/rapports-dactivite\/","article_publisher":"https:\/\/www.facebook.com\/maisondupeupledeurope","article_modified_time":"2024-04-10T05:03:50+00:00","og_image":[{"width":656,"height":1106,"url":"https:\/\/mpevh.be\/wp-content\/uploads\/2021\/09\/Picture1flag.jpg","type":"image\/jpeg"}],"twitter_card":"summary_large_image","schema":{"@context":"https:\/\/schema.org","@graph":[{"@type":"WebPage","@id":"https:\/\/mpevh.be\/rapports-dactivite\/","url":"https:\/\/mpevh.be\/rapports-dactivite\/","name":"Rapports d'activit\u00e9 -","isPartOf":{"@id":"https:\/\/mpevh.be\/#website"},"datePublished":"2023-12-20T10:42:08+00:00","dateModified":"2024-04-10T05:03:50+00:00","breadcrumb":{"@id":"https:\/\/mpevh.be\/rapports-dactivite\/#breadcrumb"},"inLanguage":"en-US","potentialAction":[{"@type":"ReadAction","target":["https:\/\/mpevh.be\/rapports-dactivite\/"]}]},{"@type":"BreadcrumbList","@id":"https:\/\/mpevh.be\/rapports-dactivite\/#breadcrumb","itemListElement":[{"@type":"ListItem","position":1,"name":"Home","item":"https:\/\/mpevh.be\/"},{"@type":"ListItem","position":2,"name":"Rapports d&rsquo;activit\u00e9"}]},{"@type":"WebSite","@id":"https:\/\/mpevh.be\/#website","url":"https:\/\/mpevh.be\/","name":"Maison du Peuple d\u2019Europe","description":"","publisher":{"@id":"https:\/\/mpevh.be\/#organization"},"potentialAction":[{"@type":"SearchAction","target":{"@type":"EntryPoint","urlTemplate":"https:\/\/mpevh.be\/?s={search_term_string}"},"query-input":{"@type":"PropertyValueSpecification","valueRequired":true,"valueName":"search_term_string"}}],"inLanguage":"en-US"},{"@type":"Organization","@id":"https:\/\/mpevh.be\/#organization","name":"Maison du Peuple d\u2019Europe","url":"https:\/\/mpevh.be\/","logo":{"@type":"ImageObject","inLanguage":"en-US","@id":"https:\/\/mpevh.be\/#\/schema\/logo\/image\/","url":"https:\/\/mpevh.be\/wp-content\/uploads\/2021\/09\/cropped-mpelogov31-1.png","contentUrl":"https:\/\/mpevh.be\/wp-content\/uploads\/2021\/09\/cropped-mpelogov31-1.png","width":556,"height":243,"caption":"Maison du Peuple d\u2019Europe"},"image":{"@id":"https:\/\/mpevh.be\/#\/schema\/logo\/image\/"},"sameAs":["https:\/\/www.facebook.com\/maisondupeupledeurope"]}]}},"_links":{"self":[{"href":"https:\/\/mpevh.be\/en\/wp-json\/wp\/v2\/pages\/10463","targetHints":{"allow":["GET"]}}],"collection":[{"href":"https:\/\/mpevh.be\/en\/wp-json\/wp\/v2\/pages"}],"about":[{"href":"https:\/\/mpevh.be\/en\/wp-json\/wp\/v2\/types\/page"}],"author":[{"embeddable":true,"href":"https:\/\/mpevh.be\/en\/wp-json\/wp\/v2\/users\/17"}],"replies":[{"embeddable":true,"href":"https:\/\/mpevh.be\/en\/wp-json\/wp\/v2\/comments?post=10463"}],"version-history":[{"count":13,"href":"https:\/\/mpevh.be\/en\/wp-json\/wp\/v2\/pages\/10463\/revisions"}],"predecessor-version":[{"id":10532,"href":"https:\/\/mpevh.be\/en\/wp-json\/wp\/v2\/pages\/10463\/revisions\/10532"}],"wp:attachment":[{"href":"https:\/\/mpevh.be\/en\/wp-json\/wp\/v2\/media?parent=10463"}],"curies":[{"name":"wp","href":"https:\/\/api.w.org\/{rel}","templated":true}]}}