{"id":1034,"date":"2021-11-08T14:33:20","date_gmt":"2021-11-08T14:33:20","guid":{"rendered":"https:\/\/mpevh.be\/?page_id=1034"},"modified":"2024-04-10T07:02:46","modified_gmt":"2024-04-10T05:02:46","slug":"avec-papiers","status":"publish","type":"page","link":"https:\/\/mpevh.be\/en\/activites\/soutien-aux-invisibles\/avec-papiers\/","title":{"rendered":"documented"},"content":{"rendered":"<div data-elementor-type=\"wp-page\" data-elementor-id=\"1034\" class=\"elementor elementor-1034\">\n\t\t\t\t\t\t<section class=\"elementor-section elementor-top-section elementor-element elementor-element-d1d03ea elementor-section-boxed elementor-section-height-default elementor-section-height-default\" data-id=\"d1d03ea\" data-element_type=\"section\" data-e-type=\"section\">\n\t\t\t\t\t\t<div class=\"elementor-container elementor-column-gap-default\">\n\t\t\t\t\t<div class=\"elementor-column elementor-col-100 elementor-top-column elementor-element elementor-element-7501c81\" data-id=\"7501c81\" data-element_type=\"column\" data-e-type=\"column\">\n\t\t\t<div class=\"elementor-widget-wrap elementor-element-populated\">\n\t\t\t\t\t\t<div class=\"elementor-element elementor-element-baf4eb3 elementor-widget elementor-widget-text-editor\" data-id=\"baf4eb3\" data-element_type=\"widget\" data-e-type=\"widget\" data-widget_type=\"text-editor.default\">\n\t\t\t\t<div class=\"elementor-widget-container\">\n\t\t\t\t\t\t\t\t\t<p lang=\"fr-FR\" style=\"font-size: 16px; font-style: normal; direction: ltr; color: #0000ff; orphans: 2; widows: 2; font-family: 'Times New Roman', serif;\"><span style=\"color: #111111; font-size: 12pt;\"><span style=\"font-family: Carlito, Calibri, sans-serif;\">Visible citizens are those who are registered in the population register. For some subjective or objective reason, the invisible are not registered.\u00a0<\/span><\/span><\/p><p lang=\"fr-FR\" style=\"font-size: 16px; font-style: normal; direction: ltr; color: #0000ff; orphans: 2; widows: 2; font-family: 'Times New Roman', serif;\"><span style=\"color: #111111; font-size: 12pt;\"><span style=\"font-family: Carlito, Calibri, sans-serif;\">By \"visible\" we mean those who are psychologically and economically stable, and by \"invisible\" those who live in fragile situations, hiding and isolating themselves in common life<\/span><\/span><\/p><p lang=\"fr-FR\" style=\"font-size: 16px; font-style: normal; direction: ltr; color: #0000ff; orphans: 2; widows: 2; font-family: 'Times New Roman', serif;\"><span style=\"color: #111111; font-size: 12pt;\"><span style=\"font-family: Carlito, Calibri, sans-serif;\">The invisible ones can be asylum seekers, beneficiaries of reception, undocumented or homeless people, as well as people with disabilities, most often hiding and isolating themselves in the community. Among these citizens, there are also Europeans who have chosen not to register in a communal register of voters because they do not like, for example, the obligation to vote.\u00a0<\/span><\/span><\/p>\t\t\t\t\t\t\t\t<\/div>\n\t\t\t\t<\/div>\n\t\t\t\t\t<\/div>\n\t\t<\/div>\n\t\t\t\t\t<\/div>\n\t\t<\/section>\n\t\t\t\t<\/div>","protected":false},"excerpt":{"rendered":"<p>Les citoyens visibles sont ceux qui sont inscrits au registre de population. Pour une raison subjective ou objective, les invisibles ne sont pas inscrits au registre.\u00a0 Nous entendons par \u00ab\u00a0visibles\u00a0\u00bb ceux et celles qui poss\u00e8dent une stabilit\u00e9 psychique et \u00e9conomique, et par \u00ab\u00a0invisibles\u00a0\u00bb les personnes qui vivent dans des situations de fragilit\u00e9, se cachent et &hellip;<\/p>\n<p class=\"read-more\"> <a class=\"\" href=\"https:\/\/mpevh.be\/en\/activites\/soutien-aux-invisibles\/avec-papiers\/\"> <span class=\"screen-reader-text\">documented<\/span> Read More &raquo;<\/a><\/p>","protected":false},"author":11,"featured_media":0,"parent":50,"menu_order":0,"comment_status":"closed","ping_status":"closed","template":"","meta":{"site-sidebar-layout":"no-sidebar","site-content-layout":"page-builder","ast-site-content-layout":"","site-content-style":"default","site-sidebar-style":"default","ast-global-header-display":"","ast-banner-title-visibility":"","ast-main-header-display":"","ast-hfb-above-header-display":"","ast-hfb-below-header-display":"","ast-hfb-mobile-header-display":"","site-post-title":"disabled","ast-breadcrumbs-content":"","ast-featured-img":"disabled","footer-sml-layout":"","theme-transparent-header-meta":"default","adv-header-id-meta":"","stick-header-meta":"","header-above-stick-meta":"","header-main-stick-meta":"","header-below-stick-meta":"","astra-migrate-meta-layouts":"default","ast-page-background-enabled":"default","ast-page-background-meta":{"desktop":{"background-color":"var(--ast-global-color-4)","background-image":"","background-repeat":"repeat","background-position":"center center","background-size":"auto","background-attachment":"scroll","background-type":"","background-media":"","overlay-type":"","overlay-color":"","overlay-gradient":""},"tablet":{"background-color":"","background-image":"","background-repeat":"repeat","background-position":"center center","background-size":"auto","background-attachment":"scroll","background-type":"","background-media":"","overlay-type":"","overlay-color":"","overlay-gradient":""},"mobile":{"background-color":"","background-image":"","background-repeat":"repeat","background-position":"center center","background-size":"auto","background-attachment":"scroll","background-type":"","background-media":"","overlay-type":"","overlay-color":"","overlay-gradient":""}},"ast-content-background-meta":{"desktop":{"background-color":"var(--ast-global-color-5)","background-image":"","background-repeat":"repeat","background-position":"center center","background-size":"auto","background-attachment":"scroll","background-type":"","background-media":"","overlay-type":"","overlay-color":"","overlay-gradient":""},"tablet":{"background-color":"var(--ast-global-color-5)","background-image":"","background-repeat":"repeat","background-position":"center center","background-size":"auto","background-attachment":"scroll","background-type":"","background-media":"","overlay-type":"","overlay-color":"","overlay-gradient":""},"mobile":{"background-color":"var(--ast-global-color-5)","background-image":"","background-repeat":"repeat","background-position":"center center","background-size":"auto","background-attachment":"scroll","background-type":"","background-media":"","overlay-type":"","overlay-color":"","overlay-gradient":""}},"footnotes":""},"class_list":["post-1034","page","type-page","status-publish","hentry"],"yoast_head":"<!-- This site is optimized with the Yoast SEO plugin v27.4 - https:\/\/yoast.com\/product\/yoast-seo-wordpress\/ -->\n<title>avec-papiers -<\/title>\n<meta name=\"robots\" content=\"index, follow, max-snippet:-1, max-image-preview:large, max-video-preview:-1\" \/>\n<link rel=\"canonical\" href=\"https:\/\/mpevh.be\/en\/activites\/soutien-aux-invisibles\/avec-papiers\/\" \/>\n<meta property=\"og:locale\" content=\"en_US\" \/>\n<meta property=\"og:type\" content=\"article\" \/>\n<meta property=\"og:title\" content=\"avec-papiers -\" \/>\n<meta property=\"og:description\" content=\"Les citoyens visibles sont ceux qui sont inscrits au registre de population. Pour une raison subjective ou objective, les invisibles ne sont pas inscrits au registre.\u00a0 Nous entendons par \u00ab\u00a0visibles\u00a0\u00bb ceux et celles qui poss\u00e8dent une stabilit\u00e9 psychique et \u00e9conomique, et par \u00ab\u00a0invisibles\u00a0\u00bb les personnes qui vivent dans des situations de fragilit\u00e9, se cachent et &hellip; avec-papiers Read More &raquo;\" \/>\n<meta property=\"og:url\" content=\"https:\/\/mpevh.be\/en\/activites\/soutien-aux-invisibles\/avec-papiers\/\" \/>\n<meta property=\"article:publisher\" content=\"https:\/\/www.facebook.com\/maisondupeupledeurope\" \/>\n<meta property=\"article:modified_time\" content=\"2024-04-10T05:02:46+00:00\" \/>\n<meta property=\"og:image\" content=\"https:\/\/mpevh.be\/wp-content\/uploads\/2021\/09\/Picture1flag.jpg\" \/>\n\t<meta property=\"og:image:width\" content=\"656\" \/>\n\t<meta property=\"og:image:height\" content=\"1106\" \/>\n\t<meta property=\"og:image:type\" content=\"image\/jpeg\" \/>\n<meta name=\"twitter:card\" content=\"summary_large_image\" \/>\n<meta name=\"twitter:label1\" content=\"Est. reading time\" \/>\n\t<meta name=\"twitter:data1\" content=\"1 minute\" \/>\n<script type=\"application\/ld+json\" class=\"yoast-schema-graph\">{\"@context\":\"https:\\\/\\\/schema.org\",\"@graph\":[{\"@type\":\"WebPage\",\"@id\":\"https:\\\/\\\/mpevh.be\\\/activites\\\/soutien-aux-invisibles\\\/avec-papiers\\\/\",\"url\":\"https:\\\/\\\/mpevh.be\\\/activites\\\/soutien-aux-invisibles\\\/avec-papiers\\\/\",\"name\":\"avec-papiers -\",\"isPartOf\":{\"@id\":\"https:\\\/\\\/mpevh.be\\\/#website\"},\"datePublished\":\"2021-11-08T14:33:20+00:00\",\"dateModified\":\"2024-04-10T05:02:46+00:00\",\"breadcrumb\":{\"@id\":\"https:\\\/\\\/mpevh.be\\\/activites\\\/soutien-aux-invisibles\\\/avec-papiers\\\/#breadcrumb\"},\"inLanguage\":\"en-US\",\"potentialAction\":[{\"@type\":\"ReadAction\",\"target\":[\"https:\\\/\\\/mpevh.be\\\/activites\\\/soutien-aux-invisibles\\\/avec-papiers\\\/\"]}]},{\"@type\":\"BreadcrumbList\",\"@id\":\"https:\\\/\\\/mpevh.be\\\/activites\\\/soutien-aux-invisibles\\\/avec-papiers\\\/#breadcrumb\",\"itemListElement\":[{\"@type\":\"ListItem\",\"position\":1,\"name\":\"Home\",\"item\":\"https:\\\/\\\/mpevh.be\\\/\"},{\"@type\":\"ListItem\",\"position\":2,\"name\":\"ACTIVITES\",\"item\":\"https:\\\/\\\/mpevh.be\\\/en\\\/activites\\\/\"},{\"@type\":\"ListItem\",\"position\":3,\"name\":\"Soutien aux invisibles\",\"item\":\"https:\\\/\\\/mpevh.be\\\/activites\\\/soutien-aux-invisibles\\\/\"},{\"@type\":\"ListItem\",\"position\":4,\"name\":\"avec-papiers\"}]},{\"@type\":\"WebSite\",\"@id\":\"https:\\\/\\\/mpevh.be\\\/#website\",\"url\":\"https:\\\/\\\/mpevh.be\\\/\",\"name\":\"Maison du Peuple d\u2019Europe\",\"description\":\"\",\"publisher\":{\"@id\":\"https:\\\/\\\/mpevh.be\\\/#organization\"},\"potentialAction\":[{\"@type\":\"SearchAction\",\"target\":{\"@type\":\"EntryPoint\",\"urlTemplate\":\"https:\\\/\\\/mpevh.be\\\/?s={search_term_string}\"},\"query-input\":{\"@type\":\"PropertyValueSpecification\",\"valueRequired\":true,\"valueName\":\"search_term_string\"}}],\"inLanguage\":\"en-US\"},{\"@type\":\"Organization\",\"@id\":\"https:\\\/\\\/mpevh.be\\\/#organization\",\"name\":\"Maison du Peuple d\u2019Europe\",\"url\":\"https:\\\/\\\/mpevh.be\\\/\",\"logo\":{\"@type\":\"ImageObject\",\"inLanguage\":\"en-US\",\"@id\":\"https:\\\/\\\/mpevh.be\\\/#\\\/schema\\\/logo\\\/image\\\/\",\"url\":\"https:\\\/\\\/mpevh.be\\\/wp-content\\\/uploads\\\/2021\\\/09\\\/cropped-mpelogov31-1.png\",\"contentUrl\":\"https:\\\/\\\/mpevh.be\\\/wp-content\\\/uploads\\\/2021\\\/09\\\/cropped-mpelogov31-1.png\",\"width\":556,\"height\":243,\"caption\":\"Maison du Peuple d\u2019Europe\"},\"image\":{\"@id\":\"https:\\\/\\\/mpevh.be\\\/#\\\/schema\\\/logo\\\/image\\\/\"},\"sameAs\":[\"https:\\\/\\\/www.facebook.com\\\/maisondupeupledeurope\"]}]}<\/script>\n<!-- \/ Yoast SEO plugin. -->","yoast_head_json":{"title":"avec-papiers -","robots":{"index":"index","follow":"follow","max-snippet":"max-snippet:-1","max-image-preview":"max-image-preview:large","max-video-preview":"max-video-preview:-1"},"canonical":"https:\/\/mpevh.be\/en\/activites\/soutien-aux-invisibles\/avec-papiers\/","og_locale":"en_US","og_type":"article","og_title":"avec-papiers -","og_description":"Les citoyens visibles sont ceux qui sont inscrits au registre de population. Pour une raison subjective ou objective, les invisibles ne sont pas inscrits au registre.\u00a0 Nous entendons par \u00ab\u00a0visibles\u00a0\u00bb ceux et celles qui poss\u00e8dent une stabilit\u00e9 psychique et \u00e9conomique, et par \u00ab\u00a0invisibles\u00a0\u00bb les personnes qui vivent dans des situations de fragilit\u00e9, se cachent et &hellip; avec-papiers Read More &raquo;","og_url":"https:\/\/mpevh.be\/en\/activites\/soutien-aux-invisibles\/avec-papiers\/","article_publisher":"https:\/\/www.facebook.com\/maisondupeupledeurope","article_modified_time":"2024-04-10T05:02:46+00:00","og_image":[{"width":656,"height":1106,"url":"https:\/\/mpevh.be\/wp-content\/uploads\/2021\/09\/Picture1flag.jpg","type":"image\/jpeg"}],"twitter_card":"summary_large_image","twitter_misc":{"Est. reading time":"1 minute"},"schema":{"@context":"https:\/\/schema.org","@graph":[{"@type":"WebPage","@id":"https:\/\/mpevh.be\/activites\/soutien-aux-invisibles\/avec-papiers\/","url":"https:\/\/mpevh.be\/activites\/soutien-aux-invisibles\/avec-papiers\/","name":"avec-papiers -","isPartOf":{"@id":"https:\/\/mpevh.be\/#website"},"datePublished":"2021-11-08T14:33:20+00:00","dateModified":"2024-04-10T05:02:46+00:00","breadcrumb":{"@id":"https:\/\/mpevh.be\/activites\/soutien-aux-invisibles\/avec-papiers\/#breadcrumb"},"inLanguage":"en-US","potentialAction":[{"@type":"ReadAction","target":["https:\/\/mpevh.be\/activites\/soutien-aux-invisibles\/avec-papiers\/"]}]},{"@type":"BreadcrumbList","@id":"https:\/\/mpevh.be\/activites\/soutien-aux-invisibles\/avec-papiers\/#breadcrumb","itemListElement":[{"@type":"ListItem","position":1,"name":"Home","item":"https:\/\/mpevh.be\/"},{"@type":"ListItem","position":2,"name":"ACTIVITES","item":"https:\/\/mpevh.be\/en\/activites\/"},{"@type":"ListItem","position":3,"name":"Soutien aux invisibles","item":"https:\/\/mpevh.be\/activites\/soutien-aux-invisibles\/"},{"@type":"ListItem","position":4,"name":"avec-papiers"}]},{"@type":"WebSite","@id":"https:\/\/mpevh.be\/#website","url":"https:\/\/mpevh.be\/","name":"Maison du Peuple d\u2019Europe","description":"","publisher":{"@id":"https:\/\/mpevh.be\/#organization"},"potentialAction":[{"@type":"SearchAction","target":{"@type":"EntryPoint","urlTemplate":"https:\/\/mpevh.be\/?s={search_term_string}"},"query-input":{"@type":"PropertyValueSpecification","valueRequired":true,"valueName":"search_term_string"}}],"inLanguage":"en-US"},{"@type":"Organization","@id":"https:\/\/mpevh.be\/#organization","name":"Maison du Peuple d\u2019Europe","url":"https:\/\/mpevh.be\/","logo":{"@type":"ImageObject","inLanguage":"en-US","@id":"https:\/\/mpevh.be\/#\/schema\/logo\/image\/","url":"https:\/\/mpevh.be\/wp-content\/uploads\/2021\/09\/cropped-mpelogov31-1.png","contentUrl":"https:\/\/mpevh.be\/wp-content\/uploads\/2021\/09\/cropped-mpelogov31-1.png","width":556,"height":243,"caption":"Maison du Peuple d\u2019Europe"},"image":{"@id":"https:\/\/mpevh.be\/#\/schema\/logo\/image\/"},"sameAs":["https:\/\/www.facebook.com\/maisondupeupledeurope"]}]}},"_links":{"self":[{"href":"https:\/\/mpevh.be\/en\/wp-json\/wp\/v2\/pages\/1034","targetHints":{"allow":["GET"]}}],"collection":[{"href":"https:\/\/mpevh.be\/en\/wp-json\/wp\/v2\/pages"}],"about":[{"href":"https:\/\/mpevh.be\/en\/wp-json\/wp\/v2\/types\/page"}],"author":[{"embeddable":true,"href":"https:\/\/mpevh.be\/en\/wp-json\/wp\/v2\/users\/11"}],"replies":[{"embeddable":true,"href":"https:\/\/mpevh.be\/en\/wp-json\/wp\/v2\/comments?post=1034"}],"version-history":[{"count":8,"href":"https:\/\/mpevh.be\/en\/wp-json\/wp\/v2\/pages\/1034\/revisions"}],"predecessor-version":[{"id":10652,"href":"https:\/\/mpevh.be\/en\/wp-json\/wp\/v2\/pages\/1034\/revisions\/10652"}],"up":[{"embeddable":true,"href":"https:\/\/mpevh.be\/en\/wp-json\/wp\/v2\/pages\/50"}],"wp:attachment":[{"href":"https:\/\/mpevh.be\/en\/wp-json\/wp\/v2\/media?parent=1034"}],"curies":[{"name":"wp","href":"https:\/\/api.w.org\/{rel}","templated":true}]}}