{"id":102,"date":"2021-09-10T18:44:33","date_gmt":"2021-09-10T18:44:33","guid":{"rendered":"https:\/\/mpevh.be\/?page_id=102"},"modified":"2024-04-10T07:03:45","modified_gmt":"2024-04-10T05:03:45","slug":"membership","status":"publish","type":"page","link":"https:\/\/mpevh.be\/en\/nous-aider\/membership\/","title":{"rendered":"Membership"},"content":{"rendered":"<div data-elementor-type=\"wp-page\" data-elementor-id=\"102\" class=\"elementor elementor-102\">\n\t\t\t\t\t\t<section class=\"elementor-section elementor-top-section elementor-element elementor-element-b2f250b elementor-section-boxed elementor-section-height-default elementor-section-height-default\" data-id=\"b2f250b\" data-element_type=\"section\" data-e-type=\"section\">\n\t\t\t\t\t\t<div class=\"elementor-container elementor-column-gap-default\">\n\t\t\t\t\t<div class=\"elementor-column elementor-col-100 elementor-top-column elementor-element elementor-element-52af804\" data-id=\"52af804\" data-element_type=\"column\" data-e-type=\"column\">\n\t\t\t<div class=\"elementor-widget-wrap elementor-element-populated\">\n\t\t\t\t\t\t<div class=\"elementor-element elementor-element-f460004 elementor-widget elementor-widget-text-editor\" data-id=\"f460004\" data-element_type=\"widget\" data-e-type=\"widget\" data-widget_type=\"text-editor.default\">\n\t\t\t\t<div class=\"elementor-widget-container\">\n\t\t\t\t\t\t\t\t\t<p class=\"translation-block\">Joining MPEVH means adhering to its <a href=\"https:\/\/mpevh.be\/en\/accueil\/mission\/\" target=\"_self\">mission<\/a> and its <a href=\"https:\/\/mpevh.be\/en\/accueil\/cadre-daction\/\" target=\"_self\">values<\/a>.<\/p>\n<p class=\"translation-block\"><strong>Why become a member, supporter, or full member?<\/strong> <br>\nBecome a full member (\u20ac 25\/year\/person - \u20ac 100\/year\/association) and support MPEVH by transferring to the Crelan bank account <b>BE14 1030 2902 8353<\/b>, thank you!<\/p>\n<p class=\"translation-block\"><strong>Individual Citizen<\/strong><br>\nBy <strong>becoming a supporter member<\/strong> at the House of the People of Europe:<\/p>\n<ol>\n<li class=\"translation-block\">You decide to adhere to the <strong>values of CHE<\/strong> and support our citizen initiatives, which aim to influence the European legislative process through participatory democracy for progress and social change. <strong>(Download and return the \"filled out\" and \"signed\" call by email to info@mpe-hve.be).<\/strong><\/li>\n<li class=\"translation-block\">You stay informed by checking our website, our publications on Facebook and Twitter, about all <strong>important news\u00a0<\/strong> published by the effective partners of CHE.<\/li>\n<li class=\"translation-block\">You can participate in <strong>activities organized<\/strong> by the members or effective partners of CHE, such as conferences, debates, meetings, or training sessions where you can participate, inform yourself, express yourself, produce results as a group, and engage in defending your cause.<\/li>\n<li>You can attend the annual general meeting as a guest (without voting rights).<\/li>\n<\/ol>\n<p class=\"translation-block\">By <strong>becoming a full member<\/strong> at the House of the People of Europe:<\/p>\n<ol>\n<li class=\"translation-block\">You can participate in debates and decisions at the annual <strong>general meeting<\/strong> (with the right to speak and vote).<\/li>\n<\/ol>\n<p><strong>Engaged Citizens and Organizations (online registration)<\/strong><\/p>\n<p class=\"translation-block\">FOR ORGANIZATIONS<br><span style=\"font-style: inherit;font-weight: inherit;color: var(--ast-global-color-3)\">By becoming a <\/span><strong style=\"font-style: inherit;color: var(--ast-global-color-3)\">supporter member<\/strong><span style=\"font-style: inherit;font-weight: inherit;color: var(--ast-global-color-3)\"> of MPEVH, you decide to become a committed partner in citizen lobbying with European institutions, the Belgian political sphere, and the associative world of civil society to participate in the legislative process of European competence, with the aim of social and democratic progress in Europe.<\/span><\/p><p>Your commitment allows you to defend the viewpoint of the members of your association, inform and actively participate in activities organized by MPEVH, and use these activities for your visibility and the advancement of your objectives.<\/p>\n<p class=\"translation-block\">An commitment as a <a href=\"https:\/\/mpevh.be\/en\/donations\/\" target=\"_self\"><strong>full member<\/strong><\/a> also allows you to actively participate in general meetings, having access to the list of full members, perhaps even taking on responsibilities in a themed room or organizing meetings with our members, civil society, the political world, or European institutions.<\/p>\t\t\t\t\t\t\t\t<\/div>\n\t\t\t\t<\/div>\n\t\t\t\t\t<\/div>\n\t\t<\/div>\n\t\t\t\t\t<\/div>\n\t\t<\/section>\n\t\t\t\t<\/div>","protected":false},"excerpt":{"rendered":"<p>Adh\u00e9rer \u00e0 la MPEVH signifie adh\u00e9rer \u00e0 sa mission&nbsp;et ses valeurs. Pourquoi&nbsp; \u00eatre membre,&nbsp;sympathisant&nbsp;ou&nbsp;effectif&nbsp;?&nbsp;Devenez membre effectif (\u20ac 25\/an\/personne &#8211; \u20ac 100\/an\/association) et soutenez la MPEVH en versant au&nbsp;compte bancaire Crelan&nbsp;BE14 1030 2902 8353, merci ! Citoyen individuel(le)En&nbsp;devenant membre sympathisant(e)&nbsp;\u00e0 la Maison du Peuple d\u2019Europe: vous d\u00e9cidez d\u2019adh\u00e9rer aux&nbsp;valeurs de la MPEVH&nbsp;et de soutenir nos initiatives &hellip;<\/p>\n<p class=\"read-more\"> <a class=\"\" href=\"https:\/\/mpevh.be\/en\/nous-aider\/membership\/\"> <span class=\"screen-reader-text\">Membership<\/span> Read More &raquo;<\/a><\/p>","protected":false},"author":11,"featured_media":0,"parent":25,"menu_order":0,"comment_status":"closed","ping_status":"closed","template":"","meta":{"site-sidebar-layout":"no-sidebar","site-content-layout":"page-builder","ast-site-content-layout":"","site-content-style":"default","site-sidebar-style":"default","ast-global-header-display":"","ast-banner-title-visibility":"","ast-main-header-display":"","ast-hfb-above-header-display":"","ast-hfb-below-header-display":"","ast-hfb-mobile-header-display":"","site-post-title":"disabled","ast-breadcrumbs-content":"","ast-featured-img":"disabled","footer-sml-layout":"","theme-transparent-header-meta":"default","adv-header-id-meta":"","stick-header-meta":"","header-above-stick-meta":"","header-main-stick-meta":"","header-below-stick-meta":"","astra-migrate-meta-layouts":"default","ast-page-background-enabled":"default","ast-page-background-meta":{"desktop":{"background-color":"var(--ast-global-color-4)","background-image":"","background-repeat":"repeat","background-position":"center center","background-size":"auto","background-attachment":"scroll","background-type":"","background-media":"","overlay-type":"","overlay-color":"","overlay-gradient":""},"tablet":{"background-color":"","background-image":"","background-repeat":"repeat","background-position":"center center","background-size":"auto","background-attachment":"scroll","background-type":"","background-media":"","overlay-type":"","overlay-color":"","overlay-gradient":""},"mobile":{"background-color":"","background-image":"","background-repeat":"repeat","background-position":"center center","background-size":"auto","background-attachment":"scroll","background-type":"","background-media":"","overlay-type":"","overlay-color":"","overlay-gradient":""}},"ast-content-background-meta":{"desktop":{"background-color":"var(--ast-global-color-5)","background-image":"","background-repeat":"repeat","background-position":"center center","background-size":"auto","background-attachment":"scroll","background-type":"","background-media":"","overlay-type":"","overlay-color":"","overlay-gradient":""},"tablet":{"background-color":"var(--ast-global-color-5)","background-image":"","background-repeat":"repeat","background-position":"center center","background-size":"auto","background-attachment":"scroll","background-type":"","background-media":"","overlay-type":"","overlay-color":"","overlay-gradient":""},"mobile":{"background-color":"var(--ast-global-color-5)","background-image":"","background-repeat":"repeat","background-position":"center center","background-size":"auto","background-attachment":"scroll","background-type":"","background-media":"","overlay-type":"","overlay-color":"","overlay-gradient":""}},"footnotes":""},"class_list":["post-102","page","type-page","status-publish","hentry"],"yoast_head":"<!-- This site is optimized with the Yoast SEO plugin v27.3 - https:\/\/yoast.com\/product\/yoast-seo-wordpress\/ -->\n<title>Membership -<\/title>\n<meta name=\"robots\" content=\"index, follow, max-snippet:-1, max-image-preview:large, max-video-preview:-1\" \/>\n<link rel=\"canonical\" href=\"https:\/\/mpevh.be\/en\/nous-aider\/membership\/\" \/>\n<meta property=\"og:locale\" content=\"en_US\" \/>\n<meta property=\"og:type\" content=\"article\" \/>\n<meta property=\"og:title\" content=\"Membership -\" \/>\n<meta property=\"og:description\" content=\"Adh\u00e9rer \u00e0 la MPEVH signifie adh\u00e9rer \u00e0 sa mission&nbsp;et ses valeurs. Pourquoi&nbsp; \u00eatre membre,&nbsp;sympathisant&nbsp;ou&nbsp;effectif&nbsp;?&nbsp;Devenez membre effectif (\u20ac 25\/an\/personne &#8211; \u20ac 100\/an\/association) et soutenez la MPEVH en versant au&nbsp;compte bancaire Crelan&nbsp;BE14 1030 2902 8353, merci ! Citoyen individuel(le)En&nbsp;devenant membre sympathisant(e)&nbsp;\u00e0 la Maison du Peuple d\u2019Europe: vous d\u00e9cidez d\u2019adh\u00e9rer aux&nbsp;valeurs de la MPEVH&nbsp;et de soutenir nos initiatives &hellip; Membership Read More &raquo;\" \/>\n<meta property=\"og:url\" content=\"https:\/\/mpevh.be\/en\/nous-aider\/membership\/\" \/>\n<meta property=\"article:publisher\" content=\"https:\/\/www.facebook.com\/maisondupeupledeurope\" \/>\n<meta property=\"article:modified_time\" content=\"2024-04-10T05:03:45+00:00\" \/>\n<meta property=\"og:image\" content=\"https:\/\/mpevh.be\/wp-content\/uploads\/2021\/09\/Picture1flag.jpg\" \/>\n\t<meta property=\"og:image:width\" content=\"656\" \/>\n\t<meta property=\"og:image:height\" content=\"1106\" \/>\n\t<meta property=\"og:image:type\" content=\"image\/jpeg\" \/>\n<meta name=\"twitter:card\" content=\"summary_large_image\" \/>\n<meta name=\"twitter:label1\" content=\"Est. reading time\" \/>\n\t<meta name=\"twitter:data1\" content=\"2 minutes\" \/>\n<script type=\"application\/ld+json\" class=\"yoast-schema-graph\">{\"@context\":\"https:\\\/\\\/schema.org\",\"@graph\":[{\"@type\":\"WebPage\",\"@id\":\"https:\\\/\\\/mpevh.be\\\/nous-aider\\\/membership\\\/\",\"url\":\"https:\\\/\\\/mpevh.be\\\/nous-aider\\\/membership\\\/\",\"name\":\"Membership -\",\"isPartOf\":{\"@id\":\"https:\\\/\\\/mpevh.be\\\/#website\"},\"datePublished\":\"2021-09-10T18:44:33+00:00\",\"dateModified\":\"2024-04-10T05:03:45+00:00\",\"breadcrumb\":{\"@id\":\"https:\\\/\\\/mpevh.be\\\/nous-aider\\\/membership\\\/#breadcrumb\"},\"inLanguage\":\"en-US\",\"potentialAction\":[{\"@type\":\"ReadAction\",\"target\":[\"https:\\\/\\\/mpevh.be\\\/nous-aider\\\/membership\\\/\"]}]},{\"@type\":\"BreadcrumbList\",\"@id\":\"https:\\\/\\\/mpevh.be\\\/nous-aider\\\/membership\\\/#breadcrumb\",\"itemListElement\":[{\"@type\":\"ListItem\",\"position\":1,\"name\":\"Home\",\"item\":\"https:\\\/\\\/mpevh.be\\\/\"},{\"@type\":\"ListItem\",\"position\":2,\"name\":\"NOUS AIDER\",\"item\":\"https:\\\/\\\/mpevh.be\\\/nous-aider\\\/\"},{\"@type\":\"ListItem\",\"position\":3,\"name\":\"Membership\"}]},{\"@type\":\"WebSite\",\"@id\":\"https:\\\/\\\/mpevh.be\\\/#website\",\"url\":\"https:\\\/\\\/mpevh.be\\\/\",\"name\":\"Maison du Peuple d\u2019Europe\",\"description\":\"\",\"publisher\":{\"@id\":\"https:\\\/\\\/mpevh.be\\\/#organization\"},\"potentialAction\":[{\"@type\":\"SearchAction\",\"target\":{\"@type\":\"EntryPoint\",\"urlTemplate\":\"https:\\\/\\\/mpevh.be\\\/?s={search_term_string}\"},\"query-input\":{\"@type\":\"PropertyValueSpecification\",\"valueRequired\":true,\"valueName\":\"search_term_string\"}}],\"inLanguage\":\"en-US\"},{\"@type\":\"Organization\",\"@id\":\"https:\\\/\\\/mpevh.be\\\/#organization\",\"name\":\"Maison du Peuple d\u2019Europe\",\"url\":\"https:\\\/\\\/mpevh.be\\\/\",\"logo\":{\"@type\":\"ImageObject\",\"inLanguage\":\"en-US\",\"@id\":\"https:\\\/\\\/mpevh.be\\\/#\\\/schema\\\/logo\\\/image\\\/\",\"url\":\"https:\\\/\\\/mpevh.be\\\/wp-content\\\/uploads\\\/2021\\\/09\\\/cropped-mpelogov31-1.png\",\"contentUrl\":\"https:\\\/\\\/mpevh.be\\\/wp-content\\\/uploads\\\/2021\\\/09\\\/cropped-mpelogov31-1.png\",\"width\":556,\"height\":243,\"caption\":\"Maison du Peuple d\u2019Europe\"},\"image\":{\"@id\":\"https:\\\/\\\/mpevh.be\\\/#\\\/schema\\\/logo\\\/image\\\/\"},\"sameAs\":[\"https:\\\/\\\/www.facebook.com\\\/maisondupeupledeurope\"]}]}<\/script>\n<!-- \/ Yoast SEO plugin. -->","yoast_head_json":{"title":"Membership -","robots":{"index":"index","follow":"follow","max-snippet":"max-snippet:-1","max-image-preview":"max-image-preview:large","max-video-preview":"max-video-preview:-1"},"canonical":"https:\/\/mpevh.be\/en\/nous-aider\/membership\/","og_locale":"en_US","og_type":"article","og_title":"Membership -","og_description":"Adh\u00e9rer \u00e0 la MPEVH signifie adh\u00e9rer \u00e0 sa mission&nbsp;et ses valeurs. Pourquoi&nbsp; \u00eatre membre,&nbsp;sympathisant&nbsp;ou&nbsp;effectif&nbsp;?&nbsp;Devenez membre effectif (\u20ac 25\/an\/personne &#8211; \u20ac 100\/an\/association) et soutenez la MPEVH en versant au&nbsp;compte bancaire Crelan&nbsp;BE14 1030 2902 8353, merci ! Citoyen individuel(le)En&nbsp;devenant membre sympathisant(e)&nbsp;\u00e0 la Maison du Peuple d\u2019Europe: vous d\u00e9cidez d\u2019adh\u00e9rer aux&nbsp;valeurs de la MPEVH&nbsp;et de soutenir nos initiatives &hellip; Membership Read More &raquo;","og_url":"https:\/\/mpevh.be\/en\/nous-aider\/membership\/","article_publisher":"https:\/\/www.facebook.com\/maisondupeupledeurope","article_modified_time":"2024-04-10T05:03:45+00:00","og_image":[{"width":656,"height":1106,"url":"https:\/\/mpevh.be\/wp-content\/uploads\/2021\/09\/Picture1flag.jpg","type":"image\/jpeg"}],"twitter_card":"summary_large_image","twitter_misc":{"Est. reading time":"2 minutes"},"schema":{"@context":"https:\/\/schema.org","@graph":[{"@type":"WebPage","@id":"https:\/\/mpevh.be\/nous-aider\/membership\/","url":"https:\/\/mpevh.be\/nous-aider\/membership\/","name":"Membership -","isPartOf":{"@id":"https:\/\/mpevh.be\/#website"},"datePublished":"2021-09-10T18:44:33+00:00","dateModified":"2024-04-10T05:03:45+00:00","breadcrumb":{"@id":"https:\/\/mpevh.be\/nous-aider\/membership\/#breadcrumb"},"inLanguage":"en-US","potentialAction":[{"@type":"ReadAction","target":["https:\/\/mpevh.be\/nous-aider\/membership\/"]}]},{"@type":"BreadcrumbList","@id":"https:\/\/mpevh.be\/nous-aider\/membership\/#breadcrumb","itemListElement":[{"@type":"ListItem","position":1,"name":"Home","item":"https:\/\/mpevh.be\/"},{"@type":"ListItem","position":2,"name":"NOUS AIDER","item":"https:\/\/mpevh.be\/nous-aider\/"},{"@type":"ListItem","position":3,"name":"Membership"}]},{"@type":"WebSite","@id":"https:\/\/mpevh.be\/#website","url":"https:\/\/mpevh.be\/","name":"Maison du Peuple d\u2019Europe","description":"","publisher":{"@id":"https:\/\/mpevh.be\/#organization"},"potentialAction":[{"@type":"SearchAction","target":{"@type":"EntryPoint","urlTemplate":"https:\/\/mpevh.be\/?s={search_term_string}"},"query-input":{"@type":"PropertyValueSpecification","valueRequired":true,"valueName":"search_term_string"}}],"inLanguage":"en-US"},{"@type":"Organization","@id":"https:\/\/mpevh.be\/#organization","name":"Maison du Peuple d\u2019Europe","url":"https:\/\/mpevh.be\/","logo":{"@type":"ImageObject","inLanguage":"en-US","@id":"https:\/\/mpevh.be\/#\/schema\/logo\/image\/","url":"https:\/\/mpevh.be\/wp-content\/uploads\/2021\/09\/cropped-mpelogov31-1.png","contentUrl":"https:\/\/mpevh.be\/wp-content\/uploads\/2021\/09\/cropped-mpelogov31-1.png","width":556,"height":243,"caption":"Maison du Peuple d\u2019Europe"},"image":{"@id":"https:\/\/mpevh.be\/#\/schema\/logo\/image\/"},"sameAs":["https:\/\/www.facebook.com\/maisondupeupledeurope"]}]}},"_links":{"self":[{"href":"https:\/\/mpevh.be\/en\/wp-json\/wp\/v2\/pages\/102","targetHints":{"allow":["GET"]}}],"collection":[{"href":"https:\/\/mpevh.be\/en\/wp-json\/wp\/v2\/pages"}],"about":[{"href":"https:\/\/mpevh.be\/en\/wp-json\/wp\/v2\/types\/page"}],"author":[{"embeddable":true,"href":"https:\/\/mpevh.be\/en\/wp-json\/wp\/v2\/users\/11"}],"replies":[{"embeddable":true,"href":"https:\/\/mpevh.be\/en\/wp-json\/wp\/v2\/comments?post=102"}],"version-history":[{"count":13,"href":"https:\/\/mpevh.be\/en\/wp-json\/wp\/v2\/pages\/102\/revisions"}],"predecessor-version":[{"id":9071,"href":"https:\/\/mpevh.be\/en\/wp-json\/wp\/v2\/pages\/102\/revisions\/9071"}],"up":[{"embeddable":true,"href":"https:\/\/mpevh.be\/en\/wp-json\/wp\/v2\/pages\/25"}],"wp:attachment":[{"href":"https:\/\/mpevh.be\/en\/wp-json\/wp\/v2\/media?parent=102"}],"curies":[{"name":"wp","href":"https:\/\/api.w.org\/{rel}","templated":true}]}}